{"id":9592,"date":"2022-11-27T20:48:33","date_gmt":"2022-11-27T18:48:33","guid":{"rendered":"https:\/\/www.barefoot-baltics.ee\/?post_type=product&#038;p=9592"},"modified":"2022-11-27T20:56:27","modified_gmt":"2022-11-27T18:56:27","slug":"konkura-segli-notingema-pro","status":"publish","type":"product","link":"https:\/\/www.barefoot-baltics.ee\/lv\/produkts\/konkura-segli-notingema-pro\/","title":{"rendered":"Konk\u016bra segli \u201cNotingema PRO\u201d"},"content":{"rendered":"<p>Barefoot\u00ae PRO &#8211; v\u0113l \u0113rt\u0101ki s\u0113dek\u013ci! Jaunais PRO s\u0113deklis \u013cauj brauc\u0113jam s\u0113d\u0113t \u0161aur\u0101k\u0101, taisn\u0101k\u0101 un gurniem draudz\u012bg\u0101k\u0101 poz\u0101.<\/p>\n<p>Barefoot&#8217;s \u201cNotingema\u201d ir bezkarksasa segli, ar biezu, tr\u012bssl\u0101\u0146a VPS sist\u0113mu. \u0160\u012b sist\u0113ma nodro\u0161ina v\u0113l liel\u0101ku aizsardz\u012bbu pret spiedienu, ko rada k\u0101p\u0161\u013cu siksnas. T\u0101p\u0113c \u0161ie segli ir piem\u0113rots ne tikai lek\u0161anai, bet ar\u012b j\u0101tniekiem, kuri ir smag\u0101ki, k\u0101 ar\u012b gariem p\u0101rg\u0101jieniem un ilgsto\u0161\u0101m izj\u0101d\u0113m.Segli nezaud\u0113 elast\u012bgumu, nodro\u0161inot zirgam komfortu un neierobe\u017eo plecu kust\u012bbas. <\/p>\n<p>Segli izgatavoti no m\u012bkstas \u0101das kombin\u0101cij\u0101 ar viegli kop\u0113jamu m\u0101ksl\u012bgo \u0101du k\u0101 pamatni.Tiem ir bieza vilnas apak\u0161\u0113j\u0101 da\u013ca un 6 D-gredzeni. Ce\u013cu bloki ir polster\u0113ti, jo pamat\u0101 eso\u0161os seglu sp\u0101rnus var br\u012bvi p\u0101rvietot ar velcro stiprin\u0101jumu, atkar\u012bb\u0101 no j\u016bsu v\u0113lm\u0113m. Seglu priek\u0161\u0113jo loku (medium) iesp\u0113jams nomain\u012bt t\u0101pat k\u0101 p\u0101r\u0113jiem Barefoot segliem.<\/p>\n","protected":false},"excerpt":{"rendered":"<ul>\n<li>Bieza 3 sl\u0101\u0146u VPS sist\u0113ma, kas aizsarg\u0101 zirga muguru<\/li>\n<li>Ar jauno PRO s\u0113dekli<\/li>\n<li>Piem\u0113rots gan lek\u0161anai, gan p\u0101rg\u0101jieniem<\/li>\n<li>Regul\u0113jami k\u0101p\u0161\u013cu stiprin\u0101jumi<\/li>\n<li>Izgatavots no m\u012bkstas \u0101das un m\u0101ksl\u012bg\u0101s \u0101das kombin\u0101cijas<\/li>\n<\/ul>\n","protected":false},"featured_media":9612,"template":"","meta":[],"product_brand":[],"product_cat":[871],"product_tag":[851,849,821,2408],"class_list":{"0":"post-9592","1":"product","2":"type-product","3":"status-publish","4":"has-post-thumbnail","6":"product_cat-bezkarkasa-segli","7":"product_tag-ada","8":"product_tag-lekt","9":"product_tag-maksliga-ada","10":"product_tag-pro-lv","11":"product_shipping_class-kurjeru-piegade","12":"pa_size-1-lv","13":"pa_size-2-lv","14":"pa_size-3-lv","16":"first","17":"onbackorder","18":"shipping-taxable","19":"purchasable","20":"product-type-variable"},"_links":{"self":[{"href":"https:\/\/www.barefoot-baltics.ee\/lv\/wp-json\/wp\/v2\/product\/9592","targetHints":{"allow":["GET"]}}],"collection":[{"href":"https:\/\/www.barefoot-baltics.ee\/lv\/wp-json\/wp\/v2\/product"}],"about":[{"href":"https:\/\/www.barefoot-baltics.ee\/lv\/wp-json\/wp\/v2\/types\/product"}],"wp:featuredmedia":[{"embeddable":true,"href":"https:\/\/www.barefoot-baltics.ee\/lv\/wp-json\/wp\/v2\/media\/9612"}],"wp:attachment":[{"href":"https:\/\/www.barefoot-baltics.ee\/lv\/wp-json\/wp\/v2\/media?parent=9592"}],"wp:term":[{"taxonomy":"product_brand","embeddable":true,"href":"https:\/\/www.barefoot-baltics.ee\/lv\/wp-json\/wp\/v2\/product_brand?post=9592"},{"taxonomy":"product_cat","embeddable":true,"href":"https:\/\/www.barefoot-baltics.ee\/lv\/wp-json\/wp\/v2\/product_cat?post=9592"},{"taxonomy":"product_tag","embeddable":true,"href":"https:\/\/www.barefoot-baltics.ee\/lv\/wp-json\/wp\/v2\/product_tag?post=9592"}],"curies":[{"name":"wp","href":"https:\/\/api.w.org\/{rel}","templated":true}]}}