{"id":9553,"date":"2022-11-27T20:39:23","date_gmt":"2022-11-27T18:39:23","guid":{"rendered":"https:\/\/www.barefoot-baltics.ee\/?post_type=product&#038;p=9553"},"modified":"2022-11-27T20:45:45","modified_gmt":"2022-11-27T18:45:45","slug":"universalie-segli-ciroki-klasika-pro","status":"publish","type":"product","link":"https:\/\/www.barefoot-baltics.ee\/lv\/produkts\/universalie-segli-ciroki-klasika-pro\/","title":{"rendered":"Univers\u0101lie segli \u201c\u010ciroki klasika PRO\u201d"},"content":{"rendered":"<p>Barefoot\u00ae PRO &#8211; v\u0113l \u0113rt\u0101ki s\u0113dek\u013ci! Jaunais PRO s\u0113deklis \u013cauj brauc\u0113jam s\u0113d\u0113t \u0161aur\u0101k\u0101, taisn\u0101k\u0101 un gurniem draudz\u012bg\u0101k\u0101 poz\u0101.<\/p>\n<p>\u0160ie ir daudzpus\u012bgi izmantojami segli  klasiski, meln\u0101 kr\u0101s\u0101. To apdar\u0113 nav izmantotas liekas deta\u013cas t\u0101dej\u0101di padarot \u0161os seglus lieliski piem\u0113rotus ari iej\u0101dei. Tos iesp\u0113jams izmantot praktiski vis\u0101s disciplin\u0101s. \u201e\u010ciroki klasika\u201d der visam!<\/p>\n<p>SeglI  izgatavotI no iztur\u012bgas govs \u0101das, kura apstr\u0101d\u0101ta, lai atgr\u016bstu net\u012brumus. Tie ir \u013coti elast\u012bgi un labi piel\u0101gojas zirga muguras formai. Apak\u0161\u0113j\u0101 da\u013ca ir izgatavota no biezas vilnas, kuras kr\u0101sa atbilst seglu kr\u0101sai.<\/p>\n<p>Segliem ir \u0101das apdare, 8 D-gredzeni, \u0101das siksnas nepiecie\u0161amajam invent\u0101ram. Polster\u0113ti seglu sp\u0101rni, un ce\u013cu bloki ar velcro sist\u0113mu, kas \u013cauj regul\u0113t to novietojumu. Stikla \u0161\u0137iedras seglu loku iesp\u0113jams nomain\u012bt (izm\u0113rs \u201cvid\u0113jais\u201d ir iek\u013cauts), t\u0101pat k\u0101 visiem Barefoot segliem. K\u0101p\u0161\u013cu siksnu novietojumu ar\u012b iesp\u0113jams regul\u0113t. <\/p>\n","protected":false},"excerpt":{"rendered":"<ul>\n<li>Piem\u0113roti gan p\u0101rg\u0101jieniem, gan iej\u0101dei<\/li>\n<li>Ar jauno PRO s\u0113dekli<\/li>\n<li>Elast\u012bgi. Piel\u0101gojas zirga mugurai<\/li>\n<li>Izgatavoti no iztur\u012bgas govs \u0101das; net\u012brumus atgr\u016bdo\u0161a virsma<\/li>\n<li>Polster\u0113ti seglu sp\u0101rni, ce\u013cu bloki ar velcro stiprin\u0101jumu<\/li>\n<li>Eleganti meln\u0101 kr\u0101s\u0101<\/li>\n<\/ul>\n","protected":false},"featured_media":9569,"template":"","meta":[],"product_brand":[],"product_cat":[871],"product_tag":[851,867,2408,831,868],"class_list":{"0":"post-9553","1":"product","2":"type-product","3":"status-publish","4":"has-post-thumbnail","6":"product_cat-bezkarkasa-segli","7":"product_tag-ada","8":"product_tag-pargajienu","9":"product_tag-pro-lv","10":"product_tag-trenins","11":"product_tag-universals","12":"product_shipping_class-kurjeru-piegade","13":"pa_size-1-lv","14":"pa_size-2-lv","16":"first","17":"onbackorder","18":"shipping-taxable","19":"purchasable","20":"product-type-variable"},"_links":{"self":[{"href":"https:\/\/www.barefoot-baltics.ee\/lv\/wp-json\/wp\/v2\/product\/9553","targetHints":{"allow":["GET"]}}],"collection":[{"href":"https:\/\/www.barefoot-baltics.ee\/lv\/wp-json\/wp\/v2\/product"}],"about":[{"href":"https:\/\/www.barefoot-baltics.ee\/lv\/wp-json\/wp\/v2\/types\/product"}],"wp:featuredmedia":[{"embeddable":true,"href":"https:\/\/www.barefoot-baltics.ee\/lv\/wp-json\/wp\/v2\/media\/9569"}],"wp:attachment":[{"href":"https:\/\/www.barefoot-baltics.ee\/lv\/wp-json\/wp\/v2\/media?parent=9553"}],"wp:term":[{"taxonomy":"product_brand","embeddable":true,"href":"https:\/\/www.barefoot-baltics.ee\/lv\/wp-json\/wp\/v2\/product_brand?post=9553"},{"taxonomy":"product_cat","embeddable":true,"href":"https:\/\/www.barefoot-baltics.ee\/lv\/wp-json\/wp\/v2\/product_cat?post=9553"},{"taxonomy":"product_tag","embeddable":true,"href":"https:\/\/www.barefoot-baltics.ee\/lv\/wp-json\/wp\/v2\/product_tag?post=9553"}],"curies":[{"name":"wp","href":"https:\/\/api.w.org\/{rel}","templated":true}]}}