{"id":9472,"date":"2022-11-27T19:33:48","date_gmt":"2022-11-27T17:33:48","guid":{"rendered":"https:\/\/www.barefoot-baltics.ee\/?post_type=product&#038;p=9472"},"modified":"2022-11-27T21:14:58","modified_gmt":"2022-11-27T19:14:58","slug":"universalie-segli-saiena-pro","status":"publish","type":"product","link":"https:\/\/www.barefoot-baltics.ee\/lv\/produkts\/universalie-segli-saiena-pro\/","title":{"rendered":"Univers\u0101lie segli \u201e\u0160aiena PRO\u201d"},"content":{"rendered":"<p>Barefoot\u00ae PRO &#8211; v\u0113l \u0113rt\u0101ki s\u0113dek\u013ci! Jaunais PRO s\u0113deklis \u013cauj brauc\u0113jam s\u0113d\u0113t \u0161aur\u0101k\u0101, taisn\u0101k\u0101 un gurniem draudz\u012bg\u0101k\u0101 poz\u0101.<\/p>\n<p>\u201e\u0160aiena\u201d ir m\u016bsu popul\u0101r\u0101kais seglu modelis un tam ir iemesls! Tie ir univers\u0101li lietojami un piem\u0113roti vair\u0101kumam j\u0101\u0161anas stilu. Patie\u0161\u0101m, ir gr\u016bti atrast k\u0101du, kam nepat\u012bk \u0160aiena!<\/p>\n<p>S\u0113dvieta  izgatavota no m\u012bkstas, govs \u0101das, kas ir \u013coti elast\u012bga. T\u0101 ir iztur\u012bga un viegli kopjama, apstr\u0101d\u0101ta t\u0101, lai atgr\u016bstu net\u012brumus. \u0160is modelis ir \u012bpa\u0161i iecien\u012bts to j\u0101tnieku vid\u016b, kuri nov\u0113rt\u0113 k\u0101ju kust\u012bbu br\u012bv\u012bbu. Piem\u0113roti tiem, kam nepat\u012bk ce\u013cu bloki. P\u0113c nepiecie\u0161am\u012bbas blokus iesp\u0113jams pas\u016bt\u012bt atsevi\u0161\u0137i. <\/p>\n<p>Seglu apak\u0161\u0113j\u0101 da\u013ca ir gai\u0161a, izgatavota no biezas vilnas. Ir 6 D-gredzeni, lai var\u0113tu pa\u0146emt l\u012bdz nepiecie\u0161am\u0101s lietas izj\u0101des laik\u0101. Stikla \u0161\u0137iedras loku (iek\u013cauts izm\u0113rs \u201evid\u0113js\u201d) iesp\u0113jams nomain\u012bt t\u0101pat k\u0101 visiem Barefoot mode\u013ciem.<\/p>\n<p>K\u0101p\u0161\u013cu novietojumu var main\u012bt  p\u0113c vajadz\u012bbas.<\/p>\n","protected":false},"excerpt":{"rendered":"<ul>\n<li>\u013boti viegli<\/li>\n<li>Ar jauno PRO s\u0113dekli<\/li>\n<li>Izgatavoti no m\u012bkstas govs \u0101das<\/li>\n<li>Elast\u012bgi<\/li>\n<li>Cie\u0161s kontakts<\/li>\n<li>Bez ce\u013cu blokiem<\/li>\n<\/ul>\n","protected":false},"featured_media":9508,"template":"","meta":[],"product_brand":[],"product_cat":[871],"product_tag":[851,2408,868,852],"class_list":{"0":"post-9472","1":"product","2":"type-product","3":"status-publish","4":"has-post-thumbnail","6":"product_cat-bezkarkasa-segli","7":"product_tag-ada","8":"product_tag-pro-lv","9":"product_tag-universals","10":"product_tag-viegli","11":"product_shipping_class-kurjeru-piegade","12":"pa_colour-bruns","13":"pa_colour-melns","14":"pa_size-0-lv","15":"pa_size-1-lv","16":"pa_size-2-lv","18":"first","19":"onbackorder","20":"shipping-taxable","21":"purchasable","22":"product-type-variable"},"_links":{"self":[{"href":"https:\/\/www.barefoot-baltics.ee\/lv\/wp-json\/wp\/v2\/product\/9472","targetHints":{"allow":["GET"]}}],"collection":[{"href":"https:\/\/www.barefoot-baltics.ee\/lv\/wp-json\/wp\/v2\/product"}],"about":[{"href":"https:\/\/www.barefoot-baltics.ee\/lv\/wp-json\/wp\/v2\/types\/product"}],"wp:featuredmedia":[{"embeddable":true,"href":"https:\/\/www.barefoot-baltics.ee\/lv\/wp-json\/wp\/v2\/media\/9508"}],"wp:attachment":[{"href":"https:\/\/www.barefoot-baltics.ee\/lv\/wp-json\/wp\/v2\/media?parent=9472"}],"wp:term":[{"taxonomy":"product_brand","embeddable":true,"href":"https:\/\/www.barefoot-baltics.ee\/lv\/wp-json\/wp\/v2\/product_brand?post=9472"},{"taxonomy":"product_cat","embeddable":true,"href":"https:\/\/www.barefoot-baltics.ee\/lv\/wp-json\/wp\/v2\/product_cat?post=9472"},{"taxonomy":"product_tag","embeddable":true,"href":"https:\/\/www.barefoot-baltics.ee\/lv\/wp-json\/wp\/v2\/product_tag?post=9472"}],"curies":[{"name":"wp","href":"https:\/\/api.w.org\/{rel}","templated":true}]}}