{"id":6901,"date":"2019-09-28T10:11:27","date_gmt":"2019-09-28T07:11:27","guid":{"rendered":"https:\/\/www.barefoot-baltics.ee\/product\/drosibas-kapsli-pargajiens\/"},"modified":"2021-02-03T12:47:41","modified_gmt":"2021-02-03T10:47:41","slug":"drosibas-kapsli-pargajiens","status":"publish","type":"product","link":"https:\/\/www.barefoot-baltics.ee\/lv\/produkts\/drosibas-kapsli-pargajiens\/","title":{"rendered":"Dro\u0161\u012bbas k\u0101p\u0161\u013ci \u201cP\u0101rg\u0101jiens\u201d"},"content":{"rendered":"<p>\u0160iem k\u0101p\u0161\u013ciem ir \u012bpa\u0161i plats un polster\u0113ts protektors, kas padara tos lieliski piem\u0113rotus ilgsto\u0161iem p\u0101rg\u0101jieniem. T\u0101 virsma ir izgatavota no nesl\u012bdo\u0161a gumijota materi\u0101la un pamatne no m\u012bksta un elast\u012bga putu materi\u0101la. Protektors absorb\u0113 triecienus t\u0101dej\u0101di padarot \u0161os k\u0101p\u0161\u013cus \u0113rtus j\u0101tniekam. Ilgsto\u0161a p\u0101rg\u0101jiena laik\u0101 tie tie\u0161\u0101m rada at\u0161\u0137ir\u012bbu!<\/p>\n<p>K\u0101p\u0161\u013ci ir piem\u0113roti plataj\u0101m, Vesterna tipa 2 collu \u0101das k\u0101p\u0161\u013cu siksn\u0101m vai sp\u0101rniem. Dro\u0161\u012bbas r\u0101mis ir izgatavots no iztur\u012bgas, elast\u012bgas plastmasas. Tam ir \u013coti svar\u012bga dro\u0161\u012bbas funkcija, jo r\u0101mis nov\u0113r\u0161 j\u0101tnieka k\u0101jas ie\u0137er\u0161anos k\u0101psl\u012b, kas kritiena gad\u012bjum\u0101 ir potenci\u0101li dz\u012bv\u012bbai b\u012bstams apst\u0101klis.<\/p>\n<p>\u0160ie k\u0101p\u0161\u013ci ir pieejami meln\u0101 un br\u016bn\u0101 kr\u0101s\u0101. Protektora platums 14 cm.<\/p>\n","protected":false},"excerpt":{"rendered":"<ul>\n<li>Viegli k\u0101p\u0161\u013ci, kas ide\u0101li piem\u0113roti ilgsto\u0161iem p\u0101rg\u0101jieniem<\/li>\n<li>Dro\u0161\u012bbas r\u0101mis  izgatavots no elast\u012bgas plastmasas<\/li>\n<li>\u012apa\u0161i plats, elast\u012bgs protektors<\/li>\n<li>Piem\u0113roti 2 collu (5 cm) Vesterna k\u0101p\u0161\u013cu siksn\u0101m vai sp\u0101rniem<\/li>\n<\/ul>\n","protected":false},"featured_media":6897,"template":"","meta":[],"product_brand":[],"product_cat":[876],"product_tag":[817,837,867,869],"class_list":{"0":"post-6901","1":"product","2":"type-product","3":"status-publish","4":"has-post-thumbnail","6":"product_cat-kapsli-un-kapslu-siksnas","7":"product_tag-2-collas","8":"product_tag-ipasi-erti","9":"product_tag-pargajienu","10":"product_tag-vesterna","11":"product_shipping_class-paku-stacija","12":"pa_colour-bruns","13":"pa_colour-melns","15":"first","16":"onbackorder","17":"shipping-taxable","18":"purchasable","19":"product-type-variable"},"_links":{"self":[{"href":"https:\/\/www.barefoot-baltics.ee\/lv\/wp-json\/wp\/v2\/product\/6901","targetHints":{"allow":["GET"]}}],"collection":[{"href":"https:\/\/www.barefoot-baltics.ee\/lv\/wp-json\/wp\/v2\/product"}],"about":[{"href":"https:\/\/www.barefoot-baltics.ee\/lv\/wp-json\/wp\/v2\/types\/product"}],"wp:featuredmedia":[{"embeddable":true,"href":"https:\/\/www.barefoot-baltics.ee\/lv\/wp-json\/wp\/v2\/media\/6897"}],"wp:attachment":[{"href":"https:\/\/www.barefoot-baltics.ee\/lv\/wp-json\/wp\/v2\/media?parent=6901"}],"wp:term":[{"taxonomy":"product_brand","embeddable":true,"href":"https:\/\/www.barefoot-baltics.ee\/lv\/wp-json\/wp\/v2\/product_brand?post=6901"},{"taxonomy":"product_cat","embeddable":true,"href":"https:\/\/www.barefoot-baltics.ee\/lv\/wp-json\/wp\/v2\/product_cat?post=6901"},{"taxonomy":"product_tag","embeddable":true,"href":"https:\/\/www.barefoot-baltics.ee\/lv\/wp-json\/wp\/v2\/product_tag?post=6901"}],"curies":[{"name":"wp","href":"https:\/\/api.w.org\/{rel}","templated":true}]}}