{"id":6900,"date":"2019-09-28T09:52:37","date_gmt":"2019-09-28T06:52:37","guid":{"rendered":"https:\/\/www.barefoot-baltics.ee\/product\/drosibas-kapslu-gumijas\/"},"modified":"2025-09-06T19:30:52","modified_gmt":"2025-09-06T16:30:52","slug":"drosibas-kapslu-gumijas","status":"publish","type":"product","link":"https:\/\/www.barefoot-baltics.ee\/lv\/produkts\/drosibas-kapslu-gumijas\/","title":{"rendered":"Dro\u0161\u012bbas k\u0101p\u0161\u013cu gumijas"},"content":{"rendered":"<p>Dro\u0161\u012bbas gumiju p\u0101ris, kas ir paredz\u0113ts dro\u0161\u012bbas k\u0101p\u0161\u013ciem ar gumij\u0101m. Kad k\u0101p\u0161\u013cu ori\u0123in\u0101l\u0101s gumijas nolietojas, j\u016bs varat t\u0101s viegli nomain\u012bt.<\/p>\n","protected":false},"excerpt":{"rendered":"<ul>\n<li>Dro\u0161\u012bbas gumiju p\u0101ris<\/li>\n<li>Paredz\u0113ts dro\u0161\u012bbas k\u0101p\u0161\u013ciem ar gumij\u0101m<\/a><\/li>\n<\/ul>\n","protected":false},"featured_media":6878,"template":"","meta":[],"product_brand":[],"product_cat":[876],"product_tag":[2043],"class_list":{"0":"post-6900","1":"product","2":"type-product","3":"status-publish","4":"has-post-thumbnail","6":"product_cat-kapsli-un-kapslu-siksnas","7":"product_tag-rezerves-dala","8":"product_shipping_class-paku-stacija","10":"first","11":"onbackorder","12":"shipping-taxable","13":"purchasable","14":"product-type-simple"},"_links":{"self":[{"href":"https:\/\/www.barefoot-baltics.ee\/lv\/wp-json\/wp\/v2\/product\/6900","targetHints":{"allow":["GET"]}}],"collection":[{"href":"https:\/\/www.barefoot-baltics.ee\/lv\/wp-json\/wp\/v2\/product"}],"about":[{"href":"https:\/\/www.barefoot-baltics.ee\/lv\/wp-json\/wp\/v2\/types\/product"}],"wp:featuredmedia":[{"embeddable":true,"href":"https:\/\/www.barefoot-baltics.ee\/lv\/wp-json\/wp\/v2\/media\/6878"}],"wp:attachment":[{"href":"https:\/\/www.barefoot-baltics.ee\/lv\/wp-json\/wp\/v2\/media?parent=6900"}],"wp:term":[{"taxonomy":"product_brand","embeddable":true,"href":"https:\/\/www.barefoot-baltics.ee\/lv\/wp-json\/wp\/v2\/product_brand?post=6900"},{"taxonomy":"product_cat","embeddable":true,"href":"https:\/\/www.barefoot-baltics.ee\/lv\/wp-json\/wp\/v2\/product_cat?post=6900"},{"taxonomy":"product_tag","embeddable":true,"href":"https:\/\/www.barefoot-baltics.ee\/lv\/wp-json\/wp\/v2\/product_tag?post=6900"}],"curies":[{"name":"wp","href":"https:\/\/api.w.org\/{rel}","templated":true}]}}