{"id":5917,"date":"2018-10-22T11:52:38","date_gmt":"2018-10-22T08:52:38","guid":{"rendered":"https:\/\/www.barefoot-baltics.ee\/product\/adas-sampuns\/"},"modified":"2019-10-25T08:46:46","modified_gmt":"2019-10-25T05:46:46","slug":"adas-sampuns","status":"publish","type":"product","link":"https:\/\/www.barefoot-baltics.ee\/lv\/produkts\/adas-sampuns\/","title":{"rendered":"\u0100das \u0161amp\u016bns"},"content":{"rendered":"<p>Izv\u0113loties \u0101das \u0161amp\u016bnu, l\u016bdzu, atcerieties, ka Barefoot segli ir izgatavoti no nubuka vai m\u012bkstas \u0101das. Nubukas \u0101da ir sl\u012bp\u0113ta no graudain\u0101s puses, kas tai pie\u0161\u0137ir persiku mizai, l\u012bdz\u012bgu tekst\u016bru. M\u016bsu m\u012bkstajai \u0101dai ir gluda un m\u012bksta virsma, kas ir \u013coti elast\u012bga un liek jums justies k\u0101 s\u0113\u017eot uz m\u0101ko\u0146a.<\/p>\n<p>Abiem \u0101das veidiem ir atv\u0113rtas poras un t\u0101p\u0113c materi\u0101ls ir \u013coti elast\u012bgs, kas \u013cauj segliem piel\u0101goties zirga mugurai, neierobe\u017eojot stabilit\u0101ti, komfortu un kvalit\u0101ti.<\/p>\n<p>Ja v\u0113laties b\u016bt p\u0101rliecin\u0101ts, ka izmantojat pareizos \u0101das kop\u0161anas produktus, kas atbilst porainai \u0101dai, iesak\u0101m izmantot Barefoot. \u0160is \u0101das \u0161amp\u016bns r\u016bp\u012bgi no\u0146em net\u012brumus un sviedrus. Tas ir viegli lietojams: vienk\u0101r\u0161i uzsmidziniet, viegli iemas\u0113jiet un noslaukiet p\u0101rpalikumus.<\/p>\n<p>Smidzin\u0101\u0161anas pudele satur 500 ml \u0161amp\u016bnu.<\/p>\n","protected":false},"excerpt":{"rendered":"<ul>\n<li>Not\u012bra un baro visu veidu \u0101das<\/li>\n<li>Lieliska ar\u012b nubukam un zam\u0161\u0101dai<\/li>\n<li>Viegli izsmidzin\u0101ms<\/li>\n<\/ul>\n","protected":false},"featured_media":985,"template":"","meta":[],"product_brand":[],"product_cat":[881],"product_tag":[851],"class_list":{"0":"post-5917","1":"product","2":"type-product","3":"status-publish","4":"has-post-thumbnail","6":"product_cat-adas-kopsana-lidzekli","7":"product_tag-ada","8":"product_shipping_class-paku-stacija","10":"first","11":"onbackorder","12":"shipping-taxable","13":"purchasable","14":"product-type-simple"},"_links":{"self":[{"href":"https:\/\/www.barefoot-baltics.ee\/lv\/wp-json\/wp\/v2\/product\/5917","targetHints":{"allow":["GET"]}}],"collection":[{"href":"https:\/\/www.barefoot-baltics.ee\/lv\/wp-json\/wp\/v2\/product"}],"about":[{"href":"https:\/\/www.barefoot-baltics.ee\/lv\/wp-json\/wp\/v2\/types\/product"}],"wp:featuredmedia":[{"embeddable":true,"href":"https:\/\/www.barefoot-baltics.ee\/lv\/wp-json\/wp\/v2\/media\/985"}],"wp:attachment":[{"href":"https:\/\/www.barefoot-baltics.ee\/lv\/wp-json\/wp\/v2\/media?parent=5917"}],"wp:term":[{"taxonomy":"product_brand","embeddable":true,"href":"https:\/\/www.barefoot-baltics.ee\/lv\/wp-json\/wp\/v2\/product_brand?post=5917"},{"taxonomy":"product_cat","embeddable":true,"href":"https:\/\/www.barefoot-baltics.ee\/lv\/wp-json\/wp\/v2\/product_cat?post=5917"},{"taxonomy":"product_tag","embeddable":true,"href":"https:\/\/www.barefoot-baltics.ee\/lv\/wp-json\/wp\/v2\/product_tag?post=5917"}],"curies":[{"name":"wp","href":"https:\/\/api.w.org\/{rel}","templated":true}]}}