{"id":5916,"date":"2018-10-22T11:35:39","date_gmt":"2018-10-22T08:35:39","guid":{"rendered":"https:\/\/www.barefoot-baltics.ee\/product\/adas-krems\/"},"modified":"2021-12-25T11:43:29","modified_gmt":"2021-12-25T09:43:29","slug":"adas-krems","status":"publish","type":"product","link":"https:\/\/www.barefoot-baltics.ee\/lv\/produkts\/adas-krems\/","title":{"rendered":"\u0100das kr\u0113ms"},"content":{"rendered":"<p>Izv\u0113loties \u0101das kr\u0113mu, jums ir j\u0101patur pr\u0101t\u0101, ka Barefoot bezkarkasa segli parasti ir izgatavoti no nubuka vai m\u012bkstas \u0101das. Nubuka \u0101da tiek sl\u012bp\u0113ta no graudainas puses, kas pie\u0161\u0137ir tai \u0101das rakstur\u012bgo strukt\u016bru. M\u012bkst\u0101 \u0101da ir gluda un m\u012bksta, k\u0101 ar\u012b \u013coti elast\u012bga un liek jums justies k\u0101 s\u0113\u017eot uz m\u0101ko\u0146a. \ud83d\ude42<\/p>\n<p>Abi \u0101das veidi ir ar atv\u0113rt\u0101m por\u0101m un tas padara \u0161os materi\u0101lus elast\u012bgus, t\u0101d\u0101 veid\u0101 \u013caujot segliem piel\u0101goties zirga mugurai, nemazinot stabilit\u0101ti, komfortu un kvalit\u0101ti. Nubuka vai m\u012bkst\u0101s \u0101das t\u012br\u012b\u0161anai nevajadz\u0113tu izmantot taukus vai vasku, jo tie aizsprosto \u0161o \u0101du atv\u0113rt\u0101s poras. Ar Barefoot izstr\u0101d\u0101tajiem \u0101das kop\u0161anas l\u012bdzek\u013ciem nav j\u0101\u0161aub\u0101s par produkta piem\u0113rojam\u012bbu.<\/p>\n<p>\u0160is \u0101das kr\u0113ms kondicion\u0113 un baro visus \u0101das veidus, un \u012bpa\u0161i piem\u0113rots porainai \u0101dai. Regul\u0101ri lietojot, aizsarg\u0101 \u0101du un saglab\u0101 t\u0101s elast\u012bbu. Iepakojum\u0101 ir 200 ml kr\u0113ma un piem\u0113rots s\u016bklis.<\/p>\n","protected":false},"excerpt":{"rendered":"<ul>\n<li>Piem\u0113rots visiem \u0101das tipiem<\/li>\n<li>Lieliski der ar\u012b nubukam un zam\u0161\u0101dai<\/li>\n<li>Vajadz\u012bgs tikai viens piliens!<\/li>\n<\/ul>\n","protected":false},"featured_media":982,"template":"","meta":[],"product_brand":[],"product_cat":[881],"product_tag":[851],"class_list":{"0":"post-5916","1":"product","2":"type-product","3":"status-publish","4":"has-post-thumbnail","6":"product_cat-adas-kopsana-lidzekli","7":"product_tag-ada","8":"product_shipping_class-paku-stacija","10":"first","11":"onbackorder","12":"shipping-taxable","13":"purchasable","14":"product-type-simple"},"_links":{"self":[{"href":"https:\/\/www.barefoot-baltics.ee\/lv\/wp-json\/wp\/v2\/product\/5916","targetHints":{"allow":["GET"]}}],"collection":[{"href":"https:\/\/www.barefoot-baltics.ee\/lv\/wp-json\/wp\/v2\/product"}],"about":[{"href":"https:\/\/www.barefoot-baltics.ee\/lv\/wp-json\/wp\/v2\/types\/product"}],"wp:featuredmedia":[{"embeddable":true,"href":"https:\/\/www.barefoot-baltics.ee\/lv\/wp-json\/wp\/v2\/media\/982"}],"wp:attachment":[{"href":"https:\/\/www.barefoot-baltics.ee\/lv\/wp-json\/wp\/v2\/media?parent=5916"}],"wp:term":[{"taxonomy":"product_brand","embeddable":true,"href":"https:\/\/www.barefoot-baltics.ee\/lv\/wp-json\/wp\/v2\/product_brand?post=5916"},{"taxonomy":"product_cat","embeddable":true,"href":"https:\/\/www.barefoot-baltics.ee\/lv\/wp-json\/wp\/v2\/product_cat?post=5916"},{"taxonomy":"product_tag","embeddable":true,"href":"https:\/\/www.barefoot-baltics.ee\/lv\/wp-json\/wp\/v2\/product_tag?post=5916"}],"curies":[{"name":"wp","href":"https:\/\/api.w.org\/{rel}","templated":true}]}}