{"id":5913,"date":"2018-10-22T15:20:34","date_gmt":"2018-10-22T12:20:34","guid":{"rendered":"https:\/\/www.barefoot-baltics.ee\/product\/adas-krasas-krems\/"},"modified":"2020-11-27T17:14:58","modified_gmt":"2020-11-27T15:14:58","slug":"adas-krasas-krems","status":"publish","type":"product","link":"https:\/\/www.barefoot-baltics.ee\/lv\/produkts\/adas-krasas-krems\/","title":{"rendered":"\u0100das kr\u0101sas kr\u0113ms"},"content":{"rendered":"<p>\u0160is Barefoot \u0101das kr\u0101sas kr\u0113ms ir piem\u0113rots visiem \u0101das tipiem. Tas nov\u0113r\u0161 saules rad\u012btos boj\u0101jumus un atjauno un atjauno izbal\u0113ju\u0161as \u0101das kr\u0101sas. Kr\u0113mveida balz\u0101ms baro \u0101du un pasarg\u0101 to no iz\u017e\u016b\u0161anas. Neatst\u0101j traipus, ja tiek atbilsto\u0161i izmantots!<\/p>\n<p>M\u0113s to \u012bpa\u0161i iesak\u0101m visiem Barefoot produktiem. Nubuka vai m\u012bkst\u0101s \u0101das t\u012br\u012b\u0161anai nevajadz\u0113tu izmantot taukus vai vasku, jo tie nosprosto \u0161o \u0101du poras. Regul\u0101ri lietojot, aizsarg\u0101 \u0101du un saglab\u0101 t\u0101s elast\u012bbu.<\/p>\n<p>Iepakojum\u0101 ir 100 ml kr\u0113ma un piem\u0113rots s\u016bklis. L\u016bdzu, uzkl\u0101jiet to pl\u0101n\u0101 sl\u0101n\u012b. \u0160is mazais iepakojums pietiks ilgam laikam. \ud83d\ude42<\/p>\n","protected":false},"excerpt":{"rendered":"<ul>\n<li>Atjauno izbal\u0113ju\u0161as un noberztas \u0101das kr\u0101su<\/li>\n<li>Neatst\u0101j traipus<\/li>\n<li>Piem\u0113rots visiem \u0101das tipiem<\/li>\n<li>Der ar\u012b nubukam un zam\u0161\u0101dai<\/li>\n<li>Pietiek ar vienu pilienu<\/li>\n<\/ul>\n","protected":false},"featured_media":990,"template":"","meta":[],"product_brand":[],"product_cat":[881],"product_tag":[851],"class_list":{"0":"post-5913","1":"product","2":"type-product","3":"status-publish","4":"has-post-thumbnail","6":"product_cat-adas-kopsana-lidzekli","7":"product_tag-ada","8":"product_shipping_class-paku-stacija","9":"pa_colour-bruns","10":"pa_colour-melns","12":"first","13":"instock","14":"shipping-taxable","15":"purchasable","16":"product-type-variable"},"_links":{"self":[{"href":"https:\/\/www.barefoot-baltics.ee\/lv\/wp-json\/wp\/v2\/product\/5913","targetHints":{"allow":["GET"]}}],"collection":[{"href":"https:\/\/www.barefoot-baltics.ee\/lv\/wp-json\/wp\/v2\/product"}],"about":[{"href":"https:\/\/www.barefoot-baltics.ee\/lv\/wp-json\/wp\/v2\/types\/product"}],"wp:featuredmedia":[{"embeddable":true,"href":"https:\/\/www.barefoot-baltics.ee\/lv\/wp-json\/wp\/v2\/media\/990"}],"wp:attachment":[{"href":"https:\/\/www.barefoot-baltics.ee\/lv\/wp-json\/wp\/v2\/media?parent=5913"}],"wp:term":[{"taxonomy":"product_brand","embeddable":true,"href":"https:\/\/www.barefoot-baltics.ee\/lv\/wp-json\/wp\/v2\/product_brand?post=5913"},{"taxonomy":"product_cat","embeddable":true,"href":"https:\/\/www.barefoot-baltics.ee\/lv\/wp-json\/wp\/v2\/product_cat?post=5913"},{"taxonomy":"product_tag","embeddable":true,"href":"https:\/\/www.barefoot-baltics.ee\/lv\/wp-json\/wp\/v2\/product_tag?post=5913"}],"curies":[{"name":"wp","href":"https:\/\/api.w.org\/{rel}","templated":true}]}}