{"id":5889,"date":"2019-03-07T13:43:55","date_gmt":"2019-03-07T11:43:55","guid":{"rendered":"https:\/\/www.barefoot-baltics.ee\/product\/plana-jaka-zids-sievietem\/"},"modified":"2020-12-14T11:30:52","modified_gmt":"2020-12-14T09:30:52","slug":"plana-jaka-zids-sievietem","status":"publish","type":"product","link":"https:\/\/www.barefoot-baltics.ee\/lv\/produkts\/plana-jaka-zids-sievietem\/","title":{"rendered":"Pl\u0101n\u0101 jaka \u201cZ\u012bds\u201d (sieviet\u0113m)"},"content":{"rendered":"<p>\u0160\u012b jaka ir izgatavota no m\u012bksta materi\u0101la. T\u0101 gan izskat\u0101s labi, gan ir \u013coti \u0113rta.<\/p>\n<p>Pl\u012b\u0161a un m\u012bkst\u0101s vilnas materi\u0101ls ar z\u012bdaino sp\u012bdumu jaku padara \u013coti \u0113rtu. Tai ir \u012bpa\u0161i ielaidumi plecu da\u013c\u0101, lai nodro\u0161in\u0101tu papildus kust\u012bbu br\u012bv\u012bbu. Sievi\u0161\u0137\u012bgs griezums ar st\u0101vu apkakli, gar\u0101ku aizmugur\u0113jo da\u013cu un \u012bs\u0101ku priek\u0161\u0113jo da\u013cu. Divvirzienu r\u0101v\u0113jsl\u0113dz\u0113js viegl\u0101kai jakas atv\u0113r\u0161anai un aizv\u0113r\u0161anai, k\u0101 ar\u012b dekorat\u012bvas uz\u0161uves.<\/p>\n<ul>\n<li>\u0100tri \u017e\u016bst, viegls svars, laba ventil\u0101cija<\/li>\n<li>Divas kabatas ar r\u0101v\u0113jsl\u0113dz\u0113jiem<\/li>\n<li>Mobil\u0101 t\u0101lru\u0146a kabata<\/li>\n<li>\u012ak\u0161\u0137a cilpas<\/li>\n<li>Zoda aizsardz\u012bba<\/li>\n<\/ul>\n<p>Materi\u0101ls ir 100% poliesters. Jaka ir mazg\u0101jama 30 \u00b0C temperat\u016br\u0101.<\/p>\n<p>NB! \u0160\u012bs jakas ra\u017eo\u0161ana \u0161obr\u012bd tiek p\u0101rtraukta, t\u0101d\u0113\u013c, ja jums t\u0101 ir iepatikusies, l\u016bdzu, pas\u016btiet, pirms m\u016bsu kr\u0101jumi beidzas.<\/p>\n","protected":false},"excerpt":{"rendered":"<ul>\n<li>M\u012bksta un silta<\/li>\n<li>Elpojo\u0161a un viegla<\/li>\n<li>Daudz kabatu<\/li>\n<li>Piedurknes ar \u012bk\u0161\u0137u cilp\u0101m<\/li>\n<li>Divvirzienu r\u0101v\u0113jsl\u0113dz\u0113js<\/li>\n<\/ul>\n","protected":false},"featured_media":1954,"template":"","meta":[],"product_brand":[],"product_cat":[880],"product_tag":[837],"class_list":{"0":"post-5889","1":"product","2":"type-product","3":"status-publish","4":"has-post-thumbnail","6":"product_cat-jasanas-apgerbs-un-citi","7":"product_tag-ipasi-erti","8":"product_shipping_class-paku-stacija","9":"pa_size-l-lv","10":"pa_size-m-lv","11":"pa_size-s-lv","12":"pa_size-xl-lv","14":"first","15":"instock","16":"shipping-taxable","17":"purchasable","18":"product-type-variable"},"_links":{"self":[{"href":"https:\/\/www.barefoot-baltics.ee\/lv\/wp-json\/wp\/v2\/product\/5889","targetHints":{"allow":["GET"]}}],"collection":[{"href":"https:\/\/www.barefoot-baltics.ee\/lv\/wp-json\/wp\/v2\/product"}],"about":[{"href":"https:\/\/www.barefoot-baltics.ee\/lv\/wp-json\/wp\/v2\/types\/product"}],"wp:featuredmedia":[{"embeddable":true,"href":"https:\/\/www.barefoot-baltics.ee\/lv\/wp-json\/wp\/v2\/media\/1954"}],"wp:attachment":[{"href":"https:\/\/www.barefoot-baltics.ee\/lv\/wp-json\/wp\/v2\/media?parent=5889"}],"wp:term":[{"taxonomy":"product_brand","embeddable":true,"href":"https:\/\/www.barefoot-baltics.ee\/lv\/wp-json\/wp\/v2\/product_brand?post=5889"},{"taxonomy":"product_cat","embeddable":true,"href":"https:\/\/www.barefoot-baltics.ee\/lv\/wp-json\/wp\/v2\/product_cat?post=5889"},{"taxonomy":"product_tag","embeddable":true,"href":"https:\/\/www.barefoot-baltics.ee\/lv\/wp-json\/wp\/v2\/product_tag?post=5889"}],"curies":[{"name":"wp","href":"https:\/\/api.w.org\/{rel}","templated":true}]}}