{"id":5874,"date":"2019-03-07T15:29:24","date_gmt":"2019-03-07T13:29:24","guid":{"rendered":"https:\/\/www.barefoot-baltics.ee\/product\/t-krekls-dopings\/"},"modified":"2019-07-03T09:09:16","modified_gmt":"2019-07-03T06:09:16","slug":"t-krekls-dopings","status":"publish","type":"product","link":"https:\/\/www.barefoot-baltics.ee\/lv\/produkts\/t-krekls-dopings\/","title":{"rendered":"T-krekls \u201cDopings?\u201d"},"content":{"rendered":"<p>Ja v\u0113laties ieg\u016bt lab\u0101kus rezult\u0101tus ar savu zirgu, iesak\u0101m izmantot Barefoot seglus. \ud83d\ude09 Tas ir aspr\u0101t\u012bgs T-krekls, kas piest\u0101v m\u016bsu Barefoot cepurei.<\/p>\n<p>Tas ir izgatavots no 100% kokvilnas. Modelis ir augumam piegu\u013co\u0161s, un tap\u0113c iesak\u0101m pas\u016bt\u012bt vienu izm\u0113ru liel\u0101ku nek\u0101 parasti. Mazg\u0101jot, l\u016bdzu, izgrieziet uz kreiso pusi, lai aizsarg\u0101tu z\u012bm\u0113jumu.<\/p>\n","protected":false},"excerpt":{"rendered":"<ul>\n<li>T-krekls ar aspr\u0101t\u012bgu komiksu (m\u0113s ceram!)<\/li>\n<li>Izgatavots no 100% kokvilnas<\/li>\n<li>Piegu\u013co\u0161s modelis<\/li>\n<\/ul>\n","protected":false},"featured_media":1962,"template":"","meta":[],"product_brand":[],"product_cat":[880],"product_tag":[827],"class_list":{"0":"post-5874","1":"product","2":"type-product","3":"status-publish","4":"has-post-thumbnail","6":"product_cat-jasanas-apgerbs-un-citi","7":"product_tag-kokvilna","8":"product_shipping_class-paku-stacija","9":"pa_size-l-lv","10":"pa_size-xl-lv","11":"pa_size-xxl-lv","13":"first","14":"instock","15":"shipping-taxable","16":"purchasable","17":"product-type-variable"},"_links":{"self":[{"href":"https:\/\/www.barefoot-baltics.ee\/lv\/wp-json\/wp\/v2\/product\/5874","targetHints":{"allow":["GET"]}}],"collection":[{"href":"https:\/\/www.barefoot-baltics.ee\/lv\/wp-json\/wp\/v2\/product"}],"about":[{"href":"https:\/\/www.barefoot-baltics.ee\/lv\/wp-json\/wp\/v2\/types\/product"}],"wp:featuredmedia":[{"embeddable":true,"href":"https:\/\/www.barefoot-baltics.ee\/lv\/wp-json\/wp\/v2\/media\/1962"}],"wp:attachment":[{"href":"https:\/\/www.barefoot-baltics.ee\/lv\/wp-json\/wp\/v2\/media?parent=5874"}],"wp:term":[{"taxonomy":"product_brand","embeddable":true,"href":"https:\/\/www.barefoot-baltics.ee\/lv\/wp-json\/wp\/v2\/product_brand?post=5874"},{"taxonomy":"product_cat","embeddable":true,"href":"https:\/\/www.barefoot-baltics.ee\/lv\/wp-json\/wp\/v2\/product_cat?post=5874"},{"taxonomy":"product_tag","embeddable":true,"href":"https:\/\/www.barefoot-baltics.ee\/lv\/wp-json\/wp\/v2\/product_tag?post=5874"}],"curies":[{"name":"wp","href":"https:\/\/api.w.org\/{rel}","templated":true}]}}