{"id":5871,"date":"2019-03-04T16:23:48","date_gmt":"2019-03-04T14:23:48","guid":{"rendered":"https:\/\/www.barefoot-baltics.ee\/product\/karumu-soma\/"},"modified":"2023-11-30T07:44:53","modified_gmt":"2023-11-30T05:44:53","slug":"karumu-soma","status":"publish","type":"product","link":"https:\/\/www.barefoot-baltics.ee\/lv\/produkts\/karumu-soma\/","title":{"rendered":"K\u0101rumu soma"},"content":{"rendered":"<p>\u0160\u012b zirgu k\u0101rumu soma ir iesp\u0113jams liel\u0101kaj\u0101 izm\u0113r\u0101 no t\u0101m, kas sastopamas tirg\u016b. Vietas pietiks daudz k\u0101rumiem &#8211; ar\u012b ilg\u0101k\u0101m, vai intens\u012bv\u0101k\u0101m nodarb\u012bb\u0101m. Un soma, protams, ir piem\u0113rota ar\u012b su\u0146u \u012bpa\u0161niekiem. \ud83d\ude42<\/p>\n<p>Inovat\u012bv\u0101 iez\u012bme ir iz\u0146emam\u0101 iek\u0161puse, kas stiprin\u0101s pie \u0101r\u0113j\u0101s somas ar velcro. Iek\u0161\u0113j\u0101 soma ir izgatavota no \u016bdensnecaurlaid\u012bga neilona. J\u016bs varat vienk\u0101r\u0161i iz\u0146emt iek\u0161\u0113jo somu t\u012br\u012b\u0161anai : Som\u0101 nepaliks \u0113diena paliekas un pel\u0113jums st\u016bros no p\u0101rpaliku\u0161ajiem k\u0101rumiem.<\/p>\n<p>Somas  priek\u0161pus\u0113 ir atsevi\u0161\u0137s nodal\u012bjums mobilajam telefonam vai citiem priek\u0161metiem. Siksna ir plata un viegli regul\u0113jama. M\u016bsu k\u0101rumu soma ir pieejama div\u0101s kr\u0101su kombin\u0101cij\u0101s.<\/p>\n","protected":false},"excerpt":{"rendered":"<ul>\n<li>Neparasti liels izm\u0113rs neparasti lieliem dz\u012bvniekiem \ud83d\ude09<\/li>\n<li>Iek\u0161\u0113j\u0101 kabata ar velcro &#8211; viegli t\u012br\u0101ma<\/li>\n<li>Papildus kabata telefonam<\/li>\n<\/ul>\n","protected":false},"featured_media":1868,"template":"","meta":[],"product_brand":[],"product_cat":[880],"product_tag":[850],"class_list":{"0":"post-5871","1":"product","2":"type-product","3":"status-publish","4":"has-post-thumbnail","6":"product_cat-jasanas-apgerbs-un-citi","7":"product_tag-liels","8":"product_shipping_class-paku-stacija","9":"pa_colour-bruns-melns","10":"pa_colour-zils-melns","12":"first","13":"instock","14":"shipping-taxable","15":"purchasable","16":"product-type-variable"},"_links":{"self":[{"href":"https:\/\/www.barefoot-baltics.ee\/lv\/wp-json\/wp\/v2\/product\/5871","targetHints":{"allow":["GET"]}}],"collection":[{"href":"https:\/\/www.barefoot-baltics.ee\/lv\/wp-json\/wp\/v2\/product"}],"about":[{"href":"https:\/\/www.barefoot-baltics.ee\/lv\/wp-json\/wp\/v2\/types\/product"}],"wp:featuredmedia":[{"embeddable":true,"href":"https:\/\/www.barefoot-baltics.ee\/lv\/wp-json\/wp\/v2\/media\/1868"}],"wp:attachment":[{"href":"https:\/\/www.barefoot-baltics.ee\/lv\/wp-json\/wp\/v2\/media?parent=5871"}],"wp:term":[{"taxonomy":"product_brand","embeddable":true,"href":"https:\/\/www.barefoot-baltics.ee\/lv\/wp-json\/wp\/v2\/product_brand?post=5871"},{"taxonomy":"product_cat","embeddable":true,"href":"https:\/\/www.barefoot-baltics.ee\/lv\/wp-json\/wp\/v2\/product_cat?post=5871"},{"taxonomy":"product_tag","embeddable":true,"href":"https:\/\/www.barefoot-baltics.ee\/lv\/wp-json\/wp\/v2\/product_tag?post=5871"}],"curies":[{"name":"wp","href":"https:\/\/api.w.org\/{rel}","templated":true}]}}