{"id":5868,"date":"2019-03-04T09:57:57","date_gmt":"2019-03-04T07:57:57","guid":{"rendered":"https:\/\/www.barefoot-baltics.ee\/product\/jostas-somas-zirgu-trenerim\/"},"modified":"2024-07-19T20:56:41","modified_gmt":"2024-07-19T17:56:41","slug":"jostas-somas-zirgu-trenerim","status":"publish","type":"product","link":"https:\/\/www.barefoot-baltics.ee\/lv\/produkts\/jostas-somas-zirgu-trenerim\/","title":{"rendered":"Jostas somas zirgu trenerim"},"content":{"rendered":"<p>\u0160is somu komplekts ir \u013coti \u0113rts ikvienam, kas str\u0101d\u0101 ar zirgiem. Protams, j\u016bs varat to izmantot ar\u012b bez zirgiem.<\/p>\n<p>Tam ir tas, kas nepiecie\u0161ams! Tas sast\u0101v no trim atsevi\u0161\u0137\u0101m somi\u0146\u0101m un regul\u0113jamas jostas. Atkar\u012bb\u0101 no j\u016bsu vajadz\u012bb\u0101m, j\u016bs varat izmantot visas vai tikai vienu vai divas no t\u0101m uz dro\u0161\u012bbas jostas. Izv\u0113le ir tava.<\/p>\n<p>Komplekt\u0101 ietilpst \u0161\u0101di elementi:<\/p>\n<ul>\n<li>Neliela somi\u0146a ar velcro aizdari, piem\u0113rota nagu t\u012bramajam, mobilajam telefonam utt.<\/li>\n<li>Plata, atv\u0113rta soma ar atsevi\u0161\u0137u nodal\u012bjumu<\/li>\n<li>Plata soma ar nelielu pievienotu kabati\u0146u, kas aizverama ar velcro<\/li>\n<\/ul>\n<p>\u0160is somu komplekts ir lieliski piem\u0113rots zirga kop\u0161anas proced\u016br\u0101m un ir pieejams div\u0101s kr\u0101su kombin\u0101cij\u0101s.<\/p>\n","protected":false},"excerpt":{"rendered":"<ul>\n<li>Jostas siksnas komplekts, kas sast\u0101v no trim som\u0101m<\/li>\n<li>Ide\u0101li piem\u0113rota kop\u0161anas l\u012bdzek\u013cu ievieto\u0161anai<\/li>\n<li>Somas var kombin\u0113t da\u017e\u0101dos veidos<\/li>\n<\/ul>\n","protected":false},"featured_media":1860,"template":"","meta":[],"product_brand":[],"product_cat":[880],"product_tag":[826,868],"class_list":{"0":"post-5868","1":"product","2":"type-product","3":"status-publish","4":"has-post-thumbnail","6":"product_cat-jasanas-apgerbs-un-citi","7":"product_tag-erts","8":"product_tag-universals","9":"product_shipping_class-paku-stacija","10":"pa_colour-bruns-melns","11":"pa_colour-melns-zils","13":"first","14":"instock","15":"shipping-taxable","16":"purchasable","17":"product-type-variable"},"_links":{"self":[{"href":"https:\/\/www.barefoot-baltics.ee\/lv\/wp-json\/wp\/v2\/product\/5868","targetHints":{"allow":["GET"]}}],"collection":[{"href":"https:\/\/www.barefoot-baltics.ee\/lv\/wp-json\/wp\/v2\/product"}],"about":[{"href":"https:\/\/www.barefoot-baltics.ee\/lv\/wp-json\/wp\/v2\/types\/product"}],"wp:featuredmedia":[{"embeddable":true,"href":"https:\/\/www.barefoot-baltics.ee\/lv\/wp-json\/wp\/v2\/media\/1860"}],"wp:attachment":[{"href":"https:\/\/www.barefoot-baltics.ee\/lv\/wp-json\/wp\/v2\/media?parent=5868"}],"wp:term":[{"taxonomy":"product_brand","embeddable":true,"href":"https:\/\/www.barefoot-baltics.ee\/lv\/wp-json\/wp\/v2\/product_brand?post=5868"},{"taxonomy":"product_cat","embeddable":true,"href":"https:\/\/www.barefoot-baltics.ee\/lv\/wp-json\/wp\/v2\/product_cat?post=5868"},{"taxonomy":"product_tag","embeddable":true,"href":"https:\/\/www.barefoot-baltics.ee\/lv\/wp-json\/wp\/v2\/product_tag?post=5868"}],"curies":[{"name":"wp","href":"https:\/\/api.w.org\/{rel}","templated":true}]}}