{"id":5864,"date":"2019-03-07T16:02:38","date_gmt":"2019-03-07T14:02:38","guid":{"rendered":"https:\/\/www.barefoot-baltics.ee\/product\/miksta-rotallieta-ponijs-berijs-brouns\/"},"modified":"2019-07-02T16:19:29","modified_gmt":"2019-07-02T13:19:29","slug":"miksta-rotallieta-ponijs-berijs-brouns","status":"publish","type":"product","link":"https:\/\/www.barefoot-baltics.ee\/lv\/produkts\/miksta-rotallieta-ponijs-berijs-brouns\/","title":{"rendered":"M\u012bkst\u0101 rota\u013clieta ponijs \u201cBerijs Brouns\u201d"},"content":{"rendered":"<p>M\u012bksts rota\u013cu ponijs b\u0113rniem. M\u0113s vi\u0146u saucam par Beriju Brounu. Berijs ir 100% ve\u0123et\u0101rietis, un vi\u0146\u0161 m\u012bl z\u0101li, za\u013cumus un burk\u0101nus. Vi\u0146\u0161 ar\u012b m\u012bl izj\u0101des ar beztrenzi un Barefoot segliem. Vi\u0146\u0161 ir \u013coti laim\u012bgs. \ud83d\ude42<\/p>\n<p>\u0160\u012b rota\u013clieta ir apm\u0113ram 14 cm plata un 12 cm augsta. Izgatavota no pl\u012b\u0161a, filca un sint\u0113tiskiem matiem. Nav piem\u0113rots b\u0113rniem l\u012bdz 3 gadu vecumam.<\/p>\n","protected":false},"excerpt":{"rendered":"<ul>\n<li>M\u012bkstais ponijs<\/li>\n<li>Var izmantot k\u0101 atsl\u0113gu tur\u0113t\u0101ju<\/li>\n<li>Iesp\u0113jams piestiprin\u0101t pie segliem vai somas<\/li>\n<\/ul>\n","protected":false},"featured_media":1973,"template":"","meta":[],"product_brand":[],"product_cat":[880],"product_tag":[839,866],"class_list":{"0":"post-5864","1":"product","2":"type-product","3":"status-publish","4":"has-post-thumbnail","6":"product_cat-jasanas-apgerbs-un-citi","7":"product_tag-ipasi-miksts","8":"product_tag-rotallieta","9":"product_shipping_class-paku-stacija","11":"first","12":"onbackorder","13":"shipping-taxable","14":"purchasable","15":"product-type-simple"},"_links":{"self":[{"href":"https:\/\/www.barefoot-baltics.ee\/lv\/wp-json\/wp\/v2\/product\/5864","targetHints":{"allow":["GET"]}}],"collection":[{"href":"https:\/\/www.barefoot-baltics.ee\/lv\/wp-json\/wp\/v2\/product"}],"about":[{"href":"https:\/\/www.barefoot-baltics.ee\/lv\/wp-json\/wp\/v2\/types\/product"}],"wp:featuredmedia":[{"embeddable":true,"href":"https:\/\/www.barefoot-baltics.ee\/lv\/wp-json\/wp\/v2\/media\/1973"}],"wp:attachment":[{"href":"https:\/\/www.barefoot-baltics.ee\/lv\/wp-json\/wp\/v2\/media?parent=5864"}],"wp:term":[{"taxonomy":"product_brand","embeddable":true,"href":"https:\/\/www.barefoot-baltics.ee\/lv\/wp-json\/wp\/v2\/product_brand?post=5864"},{"taxonomy":"product_cat","embeddable":true,"href":"https:\/\/www.barefoot-baltics.ee\/lv\/wp-json\/wp\/v2\/product_cat?post=5864"},{"taxonomy":"product_tag","embeddable":true,"href":"https:\/\/www.barefoot-baltics.ee\/lv\/wp-json\/wp\/v2\/product_tag?post=5864"}],"curies":[{"name":"wp","href":"https:\/\/api.w.org\/{rel}","templated":true}]}}