{"id":5863,"date":"2019-03-07T12:13:11","date_gmt":"2019-03-07T10:13:11","guid":{"rendered":"https:\/\/www.barefoot-baltics.ee\/product\/barefoot-cepure\/"},"modified":"2019-07-17T14:39:34","modified_gmt":"2019-07-17T11:39:34","slug":"barefoot-cepure","status":"publish","type":"product","link":"https:\/\/www.barefoot-baltics.ee\/lv\/produkts\/barefoot-cepure\/","title":{"rendered":"Barefoot cepure"},"content":{"rendered":"<p>\u0160\u012b Barefoot cepure izgatavota no iztur\u012bgas kokvilnas un zam\u0161\u0101das nagu. Izm\u0113rs ir regul\u0113jams. T\u0101 ir jauka d\u0101vana ikvienam, kam pat\u012bk un kur\u0161 izmanto m\u016bsu produktus. J\u0101tniekiem, kas r\u016bp\u0113jas!<\/p>\n<p>Kr\u0101sa ir gai\u0161i br\u016bna.<\/p>\n","protected":false},"excerpt":{"rendered":"<ul>\n<li>Moderna beisbola cepure ar zam\u0161\u0101das apdari<\/li>\n<li>Regul\u0113jams izm\u0113rs<\/li>\n<\/ul>\n","protected":false},"featured_media":1948,"template":"","meta":[],"product_brand":[],"product_cat":[880],"product_tag":[827],"class_list":{"0":"post-5863","1":"product","2":"type-product","3":"status-publish","4":"has-post-thumbnail","6":"product_cat-jasanas-apgerbs-un-citi","7":"product_tag-kokvilna","8":"product_shipping_class-paku-stacija","10":"first","11":"onbackorder","12":"shipping-taxable","13":"purchasable","14":"product-type-simple"},"_links":{"self":[{"href":"https:\/\/www.barefoot-baltics.ee\/lv\/wp-json\/wp\/v2\/product\/5863","targetHints":{"allow":["GET"]}}],"collection":[{"href":"https:\/\/www.barefoot-baltics.ee\/lv\/wp-json\/wp\/v2\/product"}],"about":[{"href":"https:\/\/www.barefoot-baltics.ee\/lv\/wp-json\/wp\/v2\/types\/product"}],"wp:featuredmedia":[{"embeddable":true,"href":"https:\/\/www.barefoot-baltics.ee\/lv\/wp-json\/wp\/v2\/media\/1948"}],"wp:attachment":[{"href":"https:\/\/www.barefoot-baltics.ee\/lv\/wp-json\/wp\/v2\/media?parent=5863"}],"wp:term":[{"taxonomy":"product_brand","embeddable":true,"href":"https:\/\/www.barefoot-baltics.ee\/lv\/wp-json\/wp\/v2\/product_brand?post=5863"},{"taxonomy":"product_cat","embeddable":true,"href":"https:\/\/www.barefoot-baltics.ee\/lv\/wp-json\/wp\/v2\/product_cat?post=5863"},{"taxonomy":"product_tag","embeddable":true,"href":"https:\/\/www.barefoot-baltics.ee\/lv\/wp-json\/wp\/v2\/product_tag?post=5863"}],"curies":[{"name":"wp","href":"https:\/\/api.w.org\/{rel}","templated":true}]}}