{"id":5862,"date":"2019-03-08T11:35:47","date_gmt":"2019-03-08T09:35:47","guid":{"rendered":"https:\/\/www.barefoot-baltics.ee\/product\/atslegu-piekarins\/"},"modified":"2020-11-16T21:06:09","modified_gmt":"2020-11-16T19:06:09","slug":"atslegu-piekarins","status":"publish","type":"product","link":"https:\/\/www.barefoot-baltics.ee\/lv\/produkts\/atslegu-piekarins\/","title":{"rendered":"Atsl\u0113gu piekari\u0146\u0161"},"content":{"rendered":"<p>Gl\u012bts atsl\u0113gu piekari\u0146\u0161, izgatavots no filca. Tam ir karab\u012bne, lai to var\u0113tu pievienot maisi\u0146am un atsl\u0113gu gredzenam. Dekorat\u012bvs zieds, kas ir izgatavots ar\u012b no filca, un logo. Ir ar\u012b lente ar Barefoot moto, \u201epar j\u0101tniekiem, kas r\u016bp\u0113jas\u201d.<\/p>\n<p>Izm\u0113rs ir 9 x 14 cm.<\/p>\n","protected":false},"excerpt":{"rendered":"<ul>\n<li>Filca zirgs<\/li>\n<li>Karab\u012bne piestiprin\u0101\u0161anai<\/li>\n<li>Atsl\u0113gu gredzens j\u016bsu atsl\u0113g\u0101m<\/li>\n<\/ul>\n","protected":false},"featured_media":2001,"template":"","meta":[],"product_brand":[],"product_cat":[880],"product_tag":[840],"class_list":{"0":"post-5862","1":"product","2":"type-product","3":"status-publish","4":"has-post-thumbnail","6":"product_cat-jasanas-apgerbs-un-citi","7":"product_tag-filcs","8":"product_shipping_class-paku-stacija","10":"first","11":"onbackorder","12":"shipping-taxable","13":"purchasable","14":"product-type-simple"},"_links":{"self":[{"href":"https:\/\/www.barefoot-baltics.ee\/lv\/wp-json\/wp\/v2\/product\/5862","targetHints":{"allow":["GET"]}}],"collection":[{"href":"https:\/\/www.barefoot-baltics.ee\/lv\/wp-json\/wp\/v2\/product"}],"about":[{"href":"https:\/\/www.barefoot-baltics.ee\/lv\/wp-json\/wp\/v2\/types\/product"}],"wp:featuredmedia":[{"embeddable":true,"href":"https:\/\/www.barefoot-baltics.ee\/lv\/wp-json\/wp\/v2\/media\/2001"}],"wp:attachment":[{"href":"https:\/\/www.barefoot-baltics.ee\/lv\/wp-json\/wp\/v2\/media?parent=5862"}],"wp:term":[{"taxonomy":"product_brand","embeddable":true,"href":"https:\/\/www.barefoot-baltics.ee\/lv\/wp-json\/wp\/v2\/product_brand?post=5862"},{"taxonomy":"product_cat","embeddable":true,"href":"https:\/\/www.barefoot-baltics.ee\/lv\/wp-json\/wp\/v2\/product_cat?post=5862"},{"taxonomy":"product_tag","embeddable":true,"href":"https:\/\/www.barefoot-baltics.ee\/lv\/wp-json\/wp\/v2\/product_tag?post=5862"}],"curies":[{"name":"wp","href":"https:\/\/api.w.org\/{rel}","templated":true}]}}