{"id":5861,"date":"2019-02-15T21:00:36","date_gmt":"2019-02-15T19:00:36","guid":{"rendered":"https:\/\/www.barefoot-baltics.ee\/product\/kordeo-sazina\/"},"modified":"2019-11-30T20:23:35","modified_gmt":"2019-11-30T18:23:35","slug":"kordeo-sazina","status":"publish","type":"product","link":"https:\/\/www.barefoot-baltics.ee\/lv\/produkts\/kordeo-sazina\/","title":{"rendered":"Kordeo \u201eSazi\u0146a\u201d"},"content":{"rendered":"<p>\u0160is kordeo ir lielisks, jo \u013cauj jums sazin\u0101ties ar zirgu pavisam cit\u0101 l\u012bmen\u012b. To var izmantot gan atrodoties seglos, gan ar\u012b str\u0101d\u0101jot no zemes. Tas ir izgatavots no p\u012btas, iztur\u012bgas, viegli kopjamas m\u0101ksl\u012bg\u0101s \u0101das.<\/p>\n<p>Tam ir centr\u0101lais gabals, kas dod svaru un vienlaikus l\u012bdzsvaro kordeo. Tas novietojas pret zirga kr\u016bt\u012bm. T\u0101 k\u0101 kordeo ir pietiekami plats, tas atbalst\u0101s pret zirga kr\u016b\u0161u kaulu. K\u0101 ar\u012b dekorat\u012bv\u0101 apdare piedod elegantu izskatu.<\/p>\n<p>\u0160is kordeo ir piem\u0113rots ar\u012b ies\u0101c\u0113jiem, lai pietur\u0113tos treni\u0146u, k\u0101 ar\u012b par pieredz\u0113ju\u0161iem j\u0101tniekiem &#8211; papildus iemauktiem un segliem.<\/p>\n<p>\u0160\u0101di kordeo tiek izmantoti vesterna j\u0101\u0161anas stil\u0101 . Tas noz\u012bm\u0113, ka zirgs rada spiedienu. Kad kordeo rada spiedienu kakla labajai pusei, zirgs grie\u017eas pa kreisi. Kad spiediens ir kakla kreisajai pusei, zirgs grie\u017eas pa labi. T\u0101 ir komunik\u0101cija t\u0101s lab\u0101kaj\u0101 izpild\u012bjum\u0101!<\/p>\n<p>P\u012bt\u0101 materi\u0101la biezums ir apm\u0113ram 12 mm un kop\u0113jais garums ir 150 cm.<\/p>\n","protected":false},"excerpt":{"rendered":"<ul>\n<li>Kakla gredzens smalkai komunik\u0101cijai<\/li>\n<li>Darbam no zemes un izj\u0101d\u0113m<\/li>\n<li>Centr\u0101l\u0101 da\u013ca ar dekor\u0113jumu darbojas k\u0101 l\u012bdzsvaro\u0161anas svars<\/li>\n<li>M\u012bksta m\u0101ksl\u012bg\u0101 \u0101da &#8211; viegli kopt ar s\u016bkli un \u016bdeni<\/li>\n<\/ul>\n","protected":false},"featured_media":1734,"template":"","meta":[],"product_brand":[],"product_cat":[879],"product_tag":[821],"class_list":{"0":"post-5861","1":"product","2":"type-product","3":"status-publish","4":"has-post-thumbnail","6":"product_cat-zirgu-trenini","7":"product_tag-maksliga-ada","8":"product_shipping_class-paku-stacija","10":"first","11":"onbackorder","12":"shipping-taxable","13":"purchasable","14":"product-type-simple"},"_links":{"self":[{"href":"https:\/\/www.barefoot-baltics.ee\/lv\/wp-json\/wp\/v2\/product\/5861","targetHints":{"allow":["GET"]}}],"collection":[{"href":"https:\/\/www.barefoot-baltics.ee\/lv\/wp-json\/wp\/v2\/product"}],"about":[{"href":"https:\/\/www.barefoot-baltics.ee\/lv\/wp-json\/wp\/v2\/types\/product"}],"wp:featuredmedia":[{"embeddable":true,"href":"https:\/\/www.barefoot-baltics.ee\/lv\/wp-json\/wp\/v2\/media\/1734"}],"wp:attachment":[{"href":"https:\/\/www.barefoot-baltics.ee\/lv\/wp-json\/wp\/v2\/media?parent=5861"}],"wp:term":[{"taxonomy":"product_brand","embeddable":true,"href":"https:\/\/www.barefoot-baltics.ee\/lv\/wp-json\/wp\/v2\/product_brand?post=5861"},{"taxonomy":"product_cat","embeddable":true,"href":"https:\/\/www.barefoot-baltics.ee\/lv\/wp-json\/wp\/v2\/product_cat?post=5861"},{"taxonomy":"product_tag","embeddable":true,"href":"https:\/\/www.barefoot-baltics.ee\/lv\/wp-json\/wp\/v2\/product_tag?post=5861"}],"curies":[{"name":"wp","href":"https:\/\/api.w.org\/{rel}","templated":true}]}}