{"id":5858,"date":"2019-02-28T15:34:08","date_gmt":"2019-02-28T13:34:08","guid":{"rendered":"https:\/\/www.barefoot-baltics.ee\/product\/garas-pavadas-super\/"},"modified":"2021-06-24T19:17:45","modified_gmt":"2021-06-24T16:17:45","slug":"grozi-super","status":"publish","type":"product","link":"https:\/\/www.barefoot-baltics.ee\/lv\/produkts\/grozi-super\/","title":{"rendered":"Gro\u017ei \u201cSuper\u201d"},"content":{"rendered":"<p>\u0160ie gro\u017ei ir veidoti no Barefoot nesl\u00eedo\u0161\u00e0 materi\u00e0la, kas sast\u0101v no neilona ar ieaust\u0101m gumijas sloksn\u0113m. T\u0101s ir ide\u0101li piem\u0113rotas brauk\u0161anas apm\u0101c\u012bbai no zemes. Materi\u0101ls ir \u013coti viegls, un tam ir laba sa\u0137ere ar\u012b lietus laik\u0101. T\u0101d\u0113j\u0101di nav nepiecie\u0161ami stopi.<\/p>\n<p>Materi\u0101ls nestiepjas. Spr\u0101dze pavadu vid\u016b (izgatavota no \u0101das) ir viegli lietojama. Pavadu galos ir \u0101das apdare un karab\u012bnes, lai viegl\u0101k piestiprin\u0101tu t\u0101s pie iemauktiem.<\/p>\n<p>Pieejamas divos garumos: 6 m un 8 m. \u012as\u0101kais garums ir piem\u0113rots ponijiem un maziem zirgiem. Liel\u0101kais garums ir paredz\u0113ts lieliem un \/ vai \u013coti platiem zirgiem. \u0160o pavadu kr\u0101sa ir melna.<\/p>\n","protected":false},"excerpt":{"rendered":"<ul>\n<li>Lai vad\u012btu zirgu no zemes<\/li>\n<li>Izgatavots no Barefoot nesl\u012bdo\u0161\u0101 materi\u0101la<\/li>\n<li>Gro\u017eu gali ir darin\u00e0ti no \u00e0das<\/li>\n<li>Pieejami divi garumi: 6 m un 8 m<\/li>\n<\/ul>\n","protected":false},"featured_media":1812,"template":"","meta":[],"product_brand":[],"product_cat":[880,879],"product_tag":[851],"class_list":{"0":"post-5858","1":"product","2":"type-product","3":"status-publish","4":"has-post-thumbnail","6":"product_cat-jasanas-apgerbs-un-citi","7":"product_cat-zirgu-trenini","8":"product_tag-ada","9":"product_shipping_class-paku-stacija","10":"pa_length-6-m-lv","11":"pa_length-8-m-lv","13":"first","14":"onbackorder","15":"shipping-taxable","16":"purchasable","17":"product-type-variable"},"_links":{"self":[{"href":"https:\/\/www.barefoot-baltics.ee\/lv\/wp-json\/wp\/v2\/product\/5858","targetHints":{"allow":["GET"]}}],"collection":[{"href":"https:\/\/www.barefoot-baltics.ee\/lv\/wp-json\/wp\/v2\/product"}],"about":[{"href":"https:\/\/www.barefoot-baltics.ee\/lv\/wp-json\/wp\/v2\/types\/product"}],"wp:featuredmedia":[{"embeddable":true,"href":"https:\/\/www.barefoot-baltics.ee\/lv\/wp-json\/wp\/v2\/media\/1812"}],"wp:attachment":[{"href":"https:\/\/www.barefoot-baltics.ee\/lv\/wp-json\/wp\/v2\/media?parent=5858"}],"wp:term":[{"taxonomy":"product_brand","embeddable":true,"href":"https:\/\/www.barefoot-baltics.ee\/lv\/wp-json\/wp\/v2\/product_brand?post=5858"},{"taxonomy":"product_cat","embeddable":true,"href":"https:\/\/www.barefoot-baltics.ee\/lv\/wp-json\/wp\/v2\/product_cat?post=5858"},{"taxonomy":"product_tag","embeddable":true,"href":"https:\/\/www.barefoot-baltics.ee\/lv\/wp-json\/wp\/v2\/product_tag?post=5858"}],"curies":[{"name":"wp","href":"https:\/\/api.w.org\/{rel}","templated":true}]}}