{"id":5857,"date":"2019-02-28T15:20:04","date_gmt":"2019-02-28T13:20:04","guid":{"rendered":"https:\/\/www.barefoot-baltics.ee\/product\/kordojama-pavada-super\/"},"modified":"2019-10-04T09:12:16","modified_gmt":"2019-10-04T06:12:16","slug":"kordojama-pavada-super","status":"publish","type":"product","link":"https:\/\/www.barefoot-baltics.ee\/lv\/produkts\/kordojama-pavada-super\/","title":{"rendered":"Kordojam\u0101 pavada \u201cSuper\u201d"},"content":{"rendered":"<p>\u0160\u012b kordojam\u0101 pavada ir at\u0161\u0137ir\u012bga. Tai ir ori\u0123in\u0101ls Barefoot dizains, un t\u0101 ir izgatavota no Barefoot nesl\u012bdo\u0161\u0101 materi\u0101la.<\/p>\n<p>Sver tikai aptuveni 370 gramus. To ir \u0113rti tur\u0113t, un nesl\u012bdo\u0161ais materi\u0101ls (kas izgatavots no neilona ar speci\u0101lu gumijas audumu) nodro\u0161ina dro\u0161u tur\u0113\u0161anu pat tad, ja t\u0101 k\u013c\u016bst slapja. Netiek apdedzin\u0101tas rokas gad\u012bjumos, ja korda p\u0113k\u0161\u0146i tiek izvilkta caur j\u016bsu rok\u0101m, piem\u0113ram, ja zirgs p\u0113k\u0161\u0146i parauj galvu. \u0160\u012b pavada ir viegli uzliekama un no\u0146emama. T\u0101 ir nedaudz stingr\u0101ka, nek\u0101 j\u016bs var\u0113tu gaid\u012bt.<\/p>\n<p>Apr\u012bkota ar lielu, iztur\u012bgu, rot\u0113jo\u0161u karab\u012bni. Gudra funkcija ir dekorat\u012bvais stops pavadas beig\u0101s. P\u0113d\u0113jie pavadas \u010detri metri ir atz\u012bm\u0113ti ar da\u017e\u0101d\u0101m kr\u0101s\u0101m katr\u0101 stop\u0101, lai j\u016bs vienm\u0113r b\u016btu inform\u0113ti par garumu, kur j\u016bs atrodaties kordojot, vai str\u0101d\u0101jot no zemes.<\/p>\n<p>Kop\u0113jais garums ir 8 metri.<\/p>\n","protected":false},"excerpt":{"rendered":"<ul>\n<li>Izgatavota no nesl\u012bdo\u0161a materi\u0101la<\/li>\n<li>Kr\u0101saini stopi garuma noteik\u0161anai<\/li>\n<li>Rot\u0113jo\u0161a karab\u012bne<\/li>\n<\/ul>\n","protected":false},"featured_media":1808,"template":"","meta":[],"product_brand":[],"product_cat":[879],"product_tag":[],"class_list":{"0":"post-5857","1":"product","2":"type-product","3":"status-publish","4":"has-post-thumbnail","6":"product_cat-zirgu-trenini","7":"product_shipping_class-paku-stacija","9":"first","10":"onbackorder","11":"shipping-taxable","12":"purchasable","13":"product-type-simple"},"_links":{"self":[{"href":"https:\/\/www.barefoot-baltics.ee\/lv\/wp-json\/wp\/v2\/product\/5857","targetHints":{"allow":["GET"]}}],"collection":[{"href":"https:\/\/www.barefoot-baltics.ee\/lv\/wp-json\/wp\/v2\/product"}],"about":[{"href":"https:\/\/www.barefoot-baltics.ee\/lv\/wp-json\/wp\/v2\/types\/product"}],"wp:featuredmedia":[{"embeddable":true,"href":"https:\/\/www.barefoot-baltics.ee\/lv\/wp-json\/wp\/v2\/media\/1808"}],"wp:attachment":[{"href":"https:\/\/www.barefoot-baltics.ee\/lv\/wp-json\/wp\/v2\/media?parent=5857"}],"wp:term":[{"taxonomy":"product_brand","embeddable":true,"href":"https:\/\/www.barefoot-baltics.ee\/lv\/wp-json\/wp\/v2\/product_brand?post=5857"},{"taxonomy":"product_cat","embeddable":true,"href":"https:\/\/www.barefoot-baltics.ee\/lv\/wp-json\/wp\/v2\/product_cat?post=5857"},{"taxonomy":"product_tag","embeddable":true,"href":"https:\/\/www.barefoot-baltics.ee\/lv\/wp-json\/wp\/v2\/product_tag?post=5857"}],"curies":[{"name":"wp","href":"https:\/\/api.w.org\/{rel}","templated":true}]}}