{"id":5856,"date":"2019-03-02T16:03:07","date_gmt":"2019-03-02T14:03:07","guid":{"rendered":"https:\/\/www.barefoot-baltics.ee\/product\/zirga-treninu-komplekts-4-1\/"},"modified":"2023-11-24T14:41:06","modified_gmt":"2023-11-24T12:41:06","slug":"zirga-treninu-komplekts-4-1","status":"publish","type":"product","link":"https:\/\/www.barefoot-baltics.ee\/lv\/produkts\/zirga-treninu-komplekts-4-1\/","title":{"rendered":"Zirga treni\u0146u komplekts (4-1)"},"content":{"rendered":"<p>\u0160is zirgu treni\u0146u komplekts ir \u013coti noder\u012bgs jebkuram zirgu trenerim. Maz ticams,ka tas var\u0113tu b\u016bt daudzpus\u012bg\u0101ks! Ir daudz da\u017e\u0101du iesp\u0113ju un ideju, kas ir pasl\u0113ptas \u0161aj\u0101 komplekt\u0101. Kordojot to var izmantot k\u0101 kordo\u0161anas p\u0101tagu. Iesp\u0113jams izmantot m\u0113r\u0137a apm\u0101c\u012bb\u0101. Un protams iesp\u0113jams to izmantot k\u0101 burk\u0101nkoku str\u0101d\u0101jot no zemes. Komplekt\u0101 ietilpst ar\u012b neliels zvani\u0146\u0161, ar kuru j\u016bs varat apm\u0101c\u012bt zirgu, lai vi\u0146\u0161 rea\u0123\u0113tu uz ska\u0146as sign\u0101liem.<\/p>\n<p>M\u016bsu zirgu treni\u0146u komplekts ir viegli lietojams un daudzpus\u012bgs. Pateicoties daudzajiem lieto\u0161anas veidiem, tas ne tikai ietaupa vietu stall\u012b, bet ar\u012b \u013coti izdev\u012bgs (k\u0101 visi Barefoot produkti).<\/p>\n<p>Komplekt\u0101 ietilpst:<\/p>\n<ul>\n<li>N\u016bja ar gumijas rokturi<\/li>\n<li>\u012asa p\u0101taga<\/li>\n<li>Gara p\u0101taga ar \u0101das siksni\u0146u vien\u0101 gal\u0101<\/li>\n<li>M\u012bksta bumbi\u0146a, kuru varat piesiet pie koci\u0146a m\u0113r\u0137a apm\u0101c\u012bbai<\/li>\n<li>Neliels zvani\u0146\u0161, ko varat pievienot pie koci\u0146a<\/li>\n<\/ul>\n<p>N\u016bjas garums (bez p\u0101tagas) ir 150 cm. P\u0101tagas garums ir aptuveni 200 cm (ieskaitot \u0101das siksni\u0146u).<\/p>\n<p>N\u016bja ir zila, m\u012bksta bumba ir dzeltena un skropstas ir baltas. P\u0113t\u012bjumi ir par\u0101d\u012bju\u0161i, ka ir labas kr\u0101sas, kas izmantojamas jebkur\u0101 zirgu trena\u017eier\u012b, jo zirgi var vislab\u0101k at\u0161\u0137irt \u0161\u012bs kr\u0101sas no apk\u0101rt\u0113j\u0101s vides. T\u0101p\u0113c vi\u0146i lab\u0101k apg\u016bst un saprot komandas.<\/p>\n","protected":false},"excerpt":{"rendered":"<ul>\n<li>\u010cetri da\u017e\u0101di izmanto\u0161anas veidi<\/li>\n<li>Darbojas k\u0101 kordo\u0161anas p\u0101taga<\/li>\n<li>Un k\u0101 burk\u0101nkoks<\/li>\n<li>J\u016bs varat to izmantot m\u0113r\u0137a apm\u0101c\u012bbai<\/li>\n<li>Ietver ska\u0146as sign\u0101lu<\/li>\n<\/ul>\n","protected":false},"featured_media":1850,"template":"","meta":[],"product_brand":[],"product_cat":[879],"product_tag":[868,833],"class_list":{"0":"post-5856","1":"product","2":"type-product","3":"status-publish","4":"has-post-thumbnail","6":"product_cat-zirgu-trenini","7":"product_tag-universals","8":"product_tag-viegli-izmantot","9":"product_shipping_class-paku-stacija","11":"first","12":"onbackorder","13":"shipping-taxable","14":"purchasable","15":"product-type-simple"},"_links":{"self":[{"href":"https:\/\/www.barefoot-baltics.ee\/lv\/wp-json\/wp\/v2\/product\/5856","targetHints":{"allow":["GET"]}}],"collection":[{"href":"https:\/\/www.barefoot-baltics.ee\/lv\/wp-json\/wp\/v2\/product"}],"about":[{"href":"https:\/\/www.barefoot-baltics.ee\/lv\/wp-json\/wp\/v2\/types\/product"}],"wp:featuredmedia":[{"embeddable":true,"href":"https:\/\/www.barefoot-baltics.ee\/lv\/wp-json\/wp\/v2\/media\/1850"}],"wp:attachment":[{"href":"https:\/\/www.barefoot-baltics.ee\/lv\/wp-json\/wp\/v2\/media?parent=5856"}],"wp:term":[{"taxonomy":"product_brand","embeddable":true,"href":"https:\/\/www.barefoot-baltics.ee\/lv\/wp-json\/wp\/v2\/product_brand?post=5856"},{"taxonomy":"product_cat","embeddable":true,"href":"https:\/\/www.barefoot-baltics.ee\/lv\/wp-json\/wp\/v2\/product_cat?post=5856"},{"taxonomy":"product_tag","embeddable":true,"href":"https:\/\/www.barefoot-baltics.ee\/lv\/wp-json\/wp\/v2\/product_tag?post=5856"}],"curies":[{"name":"wp","href":"https:\/\/api.w.org\/{rel}","templated":true}]}}