{"id":5855,"date":"2019-02-28T17:04:56","date_gmt":"2019-02-28T15:04:56","guid":{"rendered":"https:\/\/www.barefoot-baltics.ee\/product\/zirgu-treninu-bumba\/"},"modified":"2024-11-09T10:04:49","modified_gmt":"2024-11-09T08:04:49","slug":"zirgu-treninu-bumba","status":"publish","type":"product","link":"https:\/\/www.barefoot-baltics.ee\/lv\/produkts\/zirgu-treninu-bumba\/","title":{"rendered":"Zirgu treni\u0146u bumba"},"content":{"rendered":"<p>\u0160\u012b bumba ir \u013coti univers\u0101ls zirga treni\u0146u r\u012bks. To var izmantot gan no zemes, gan atrodoties seglos. J\u016bsu izt\u0113le ir vien\u012bgais ierobe\u017eojums.<\/p>\n<p>Zirgi iem\u0101c\u0101s uztic\u0113ties mums uz zemes. Ar Barefoot invent\u0101ru, m\u0101c\u012b\u0161an\u0101s b\u016bs jautr\u0101ka. \u0160o bumbu zirgs var pagr\u016bst ar degunu vai paspert ar k\u0101ju. To var izmantot m\u0113r\u0137a apm\u0101c\u012bbai un m\u0101c\u012bt zirgam, k\u0101 pie\u0146emt priek\u0161metus ap vi\u0146u vai zem v\u0113dera.<\/p>\n<p>P\u0113t\u012bjumi liecina, ka zirgiem meln\u0101s, zil\u0101s un dzelten\u0101s kr\u0101sas vislab\u0101k izce\u013cas no apk\u0101rt\u0113j\u0101s vides un t\u0101p\u0113c ir viegl\u0101k paman\u0101mas. M\u016bsu treni\u0146u bumba ir pieejama dzelten\u0101 kr\u0101s\u0101, un t\u0101s diametrs ir 75 cm. Izgatavota no PVC.<\/p>\n","protected":false},"excerpt":{"rendered":"<ul>\n<li>To var izmantot da\u017e\u0101dos veidos<\/li>\n<li>Darbam un jautr\u012bbai<\/li>\n<li>Diametrs: 75 cm<\/li>\n<li>Kr\u0101sa: dzeltena<\/li>\n<\/ul>\n","protected":false},"featured_media":1824,"template":"","meta":[],"product_brand":[],"product_cat":[879],"product_tag":[868,833],"class_list":{"0":"post-5855","1":"product","2":"type-product","3":"status-publish","4":"has-post-thumbnail","6":"product_cat-zirgu-trenini","7":"product_tag-universals","8":"product_tag-viegli-izmantot","9":"product_shipping_class-paku-stacija","11":"first","12":"onbackorder","13":"shipping-taxable","14":"purchasable","15":"product-type-simple"},"_links":{"self":[{"href":"https:\/\/www.barefoot-baltics.ee\/lv\/wp-json\/wp\/v2\/product\/5855","targetHints":{"allow":["GET"]}}],"collection":[{"href":"https:\/\/www.barefoot-baltics.ee\/lv\/wp-json\/wp\/v2\/product"}],"about":[{"href":"https:\/\/www.barefoot-baltics.ee\/lv\/wp-json\/wp\/v2\/types\/product"}],"wp:featuredmedia":[{"embeddable":true,"href":"https:\/\/www.barefoot-baltics.ee\/lv\/wp-json\/wp\/v2\/media\/1824"}],"wp:attachment":[{"href":"https:\/\/www.barefoot-baltics.ee\/lv\/wp-json\/wp\/v2\/media?parent=5855"}],"wp:term":[{"taxonomy":"product_brand","embeddable":true,"href":"https:\/\/www.barefoot-baltics.ee\/lv\/wp-json\/wp\/v2\/product_brand?post=5855"},{"taxonomy":"product_cat","embeddable":true,"href":"https:\/\/www.barefoot-baltics.ee\/lv\/wp-json\/wp\/v2\/product_cat?post=5855"},{"taxonomy":"product_tag","embeddable":true,"href":"https:\/\/www.barefoot-baltics.ee\/lv\/wp-json\/wp\/v2\/product_tag?post=5855"}],"curies":[{"name":"wp","href":"https:\/\/api.w.org\/{rel}","templated":true}]}}