{"id":5850,"date":"2019-03-02T12:10:36","date_gmt":"2019-03-02T10:10:36","guid":{"rendered":"https:\/\/www.barefoot-baltics.ee\/product\/kartinas-zirgu-treniniem\/"},"modified":"2021-03-06T18:53:34","modified_gmt":"2021-03-06T16:53:34","slug":"kartinas-zirgu-treniniem","status":"publish","type":"product","link":"https:\/\/www.barefoot-baltics.ee\/lv\/produkts\/kartinas-zirgu-treniniem\/","title":{"rendered":"K\u0101rti\u0146as zirgu treni\u0146iem"},"content":{"rendered":"<p>\u0160\u012bs k\u0101rti\u0146as iesp\u0113jams izmantot da\u017e\u0101dos veidos. Ar k\u0101rti\u0146\u0101m un kubu blokiem j\u016bs varat viegli izveidot labirintu, slaloma kursu, izveidot robe\u017eas, utt. T\u0101d\u0101 veid\u0101 zirgs iem\u0101c\u0101s uztic\u0113ties mums str\u0101d\u0101jot no zemes. Ar Barefoot treni\u0146u apr\u012bkojumu m\u0101c\u012b\u0161an\u0101s b\u016bs dubultprieks!<\/p>\n<p>K\u0101rti\u0146as ir viegli lietot un t\u0101s ir \u016bdensiztur\u012bgas. To garums ir 120 cm.<\/p>\n<p>M\u016bsu k\u0101rti\u0146as ir pieejamas zil\u0101 kr\u0101s\u0101. P\u0113t\u012bjumi liecina, ka zirgiem meln\u0101s, zil\u0101s un dzelten\u0101s kr\u0101sas vislab\u0101k izce\u013cas no apk\u0101rt\u0113j\u0101s vides, t\u0101p\u0113c t\u0101s ir viegl\u0101k paman\u0101mas.<\/p>\n","protected":false},"excerpt":{"rendered":"<ul>\n<li>Da\u017e\u0101di pielietojuma veidi<\/li>\n<li>\u016adensnecaurlaid\u012bgas un viegli lietojamas<\/li>\n<li>\u013boti vieglas un elast\u012bgas<\/li>\n<\/ul>\n","protected":false},"featured_media":1845,"template":"","meta":[],"product_brand":[],"product_cat":[879],"product_tag":[868,833],"class_list":{"0":"post-5850","1":"product","2":"type-product","3":"status-publish","4":"has-post-thumbnail","6":"product_cat-zirgu-trenini","7":"product_tag-universals","8":"product_tag-viegli-izmantot","9":"product_shipping_class-paku-stacija","11":"first","12":"onbackorder","13":"shipping-taxable","14":"purchasable","15":"product-type-simple"},"_links":{"self":[{"href":"https:\/\/www.barefoot-baltics.ee\/lv\/wp-json\/wp\/v2\/product\/5850","targetHints":{"allow":["GET"]}}],"collection":[{"href":"https:\/\/www.barefoot-baltics.ee\/lv\/wp-json\/wp\/v2\/product"}],"about":[{"href":"https:\/\/www.barefoot-baltics.ee\/lv\/wp-json\/wp\/v2\/types\/product"}],"wp:featuredmedia":[{"embeddable":true,"href":"https:\/\/www.barefoot-baltics.ee\/lv\/wp-json\/wp\/v2\/media\/1845"}],"wp:attachment":[{"href":"https:\/\/www.barefoot-baltics.ee\/lv\/wp-json\/wp\/v2\/media?parent=5850"}],"wp:term":[{"taxonomy":"product_brand","embeddable":true,"href":"https:\/\/www.barefoot-baltics.ee\/lv\/wp-json\/wp\/v2\/product_brand?post=5850"},{"taxonomy":"product_cat","embeddable":true,"href":"https:\/\/www.barefoot-baltics.ee\/lv\/wp-json\/wp\/v2\/product_cat?post=5850"},{"taxonomy":"product_tag","embeddable":true,"href":"https:\/\/www.barefoot-baltics.ee\/lv\/wp-json\/wp\/v2\/product_tag?post=5850"}],"curies":[{"name":"wp","href":"https:\/\/api.w.org\/{rel}","templated":true}]}}