{"id":5849,"date":"2019-03-02T10:00:38","date_gmt":"2019-03-02T08:00:38","guid":{"rendered":"https:\/\/www.barefoot-baltics.ee\/product\/rinkis-zirgu-treniniem\/"},"modified":"2019-06-20T15:13:54","modified_gmt":"2019-06-20T12:13:54","slug":"rinkis-zirgu-treniniem","status":"publish","type":"product","link":"https:\/\/www.barefoot-baltics.ee\/lv\/produkts\/rinkis-zirgu-treniniem\/","title":{"rendered":"Ri\u0146\u0137is zirgu treni\u0146iem"},"content":{"rendered":"<p>\u0160is zirgu treni\u0146u ri\u0146\u0137is \u013cauj to izmantot da\u017e\u0101dos veidos. J\u016bsu zirgs var izb\u0101zt galvu caur vi\u0146u, pacelt no zemes un novietot to virs galvas. Vai ar\u012b vi\u0146\u0161 var prec\u012bzi novietot priek\u0161\u0113j\u0101s vai paka\u013c\u0113j\u0101s k\u0101jas uz zemes gu\u013co\u0161\u0101 ri\u0146\u0137\u012b. Tas ir gan jautri, gan noder\u012bgi.<\/p>\n<p>\u0160is ri\u0146\u0137is ir pieejama zil\u0101 kr\u0101s\u0101. P\u0113t\u012bjumi liecina, ka zirgiem meln\u0101s, zil\u0101s un dzelten\u0101s kr\u0101sas vislab\u0101k izce\u013cas no apk\u0101rt\u0113j\u0101s vides un t\u0101p\u0113c t\u0101s ir  viegl\u0101k paman\u012bt un rea\u0123\u0113t.<\/p>\n<p>M\u016bsu treni\u0146u ri\u0146\u0137is ir izgatavots no polipropil\u0113na un ir \u016bdensnecaurlaid\u012bgs. T\u0101 diametrs ir 75 cm.<\/p>\n","protected":false},"excerpt":{"rendered":"<ul>\n<li>Daudz da\u017e\u0101du pielietojumu<\/li>\n<li>Pietiekami iztur\u012bgs<\/li>\n<li>\u016adensnecaurlaid\u012bgs un viegli lietojams<\/li>\n<\/ul>\n","protected":false},"featured_media":1839,"template":"","meta":[],"product_brand":[],"product_cat":[879],"product_tag":[868,833],"class_list":{"0":"post-5849","1":"product","2":"type-product","3":"status-publish","4":"has-post-thumbnail","6":"product_cat-zirgu-trenini","7":"product_tag-universals","8":"product_tag-viegli-izmantot","9":"product_shipping_class-paku-stacija","11":"first","12":"onbackorder","13":"shipping-taxable","14":"purchasable","15":"product-type-simple"},"_links":{"self":[{"href":"https:\/\/www.barefoot-baltics.ee\/lv\/wp-json\/wp\/v2\/product\/5849","targetHints":{"allow":["GET"]}}],"collection":[{"href":"https:\/\/www.barefoot-baltics.ee\/lv\/wp-json\/wp\/v2\/product"}],"about":[{"href":"https:\/\/www.barefoot-baltics.ee\/lv\/wp-json\/wp\/v2\/types\/product"}],"wp:featuredmedia":[{"embeddable":true,"href":"https:\/\/www.barefoot-baltics.ee\/lv\/wp-json\/wp\/v2\/media\/1839"}],"wp:attachment":[{"href":"https:\/\/www.barefoot-baltics.ee\/lv\/wp-json\/wp\/v2\/media?parent=5849"}],"wp:term":[{"taxonomy":"product_brand","embeddable":true,"href":"https:\/\/www.barefoot-baltics.ee\/lv\/wp-json\/wp\/v2\/product_brand?post=5849"},{"taxonomy":"product_cat","embeddable":true,"href":"https:\/\/www.barefoot-baltics.ee\/lv\/wp-json\/wp\/v2\/product_cat?post=5849"},{"taxonomy":"product_tag","embeddable":true,"href":"https:\/\/www.barefoot-baltics.ee\/lv\/wp-json\/wp\/v2\/product_tag?post=5849"}],"curies":[{"name":"wp","href":"https:\/\/api.w.org\/{rel}","templated":true}]}}