{"id":5848,"date":"2019-03-01T11:16:08","date_gmt":"2019-03-01T09:16:08","guid":{"rendered":"https:\/\/www.barefoot-baltics.ee\/product\/kuba-bloki-zirgu-treniniem\/"},"modified":"2021-03-06T18:53:34","modified_gmt":"2021-03-06T16:53:34","slug":"kuba-bloki-zirgu-treniniem","status":"publish","type":"product","link":"https:\/\/www.barefoot-baltics.ee\/lv\/produkts\/kuba-bloki-zirgu-treniniem\/","title":{"rendered":"Kuba bloki zirgu treni\u0146iem"},"content":{"rendered":"<p>J\u016bs varat izmantot \u0161os kubus, lai pievienotu treni\u0146u k\u0101rti\u0146as un ri\u0146\u0137us. Ir tik daudz da\u017e\u0101du veidu, k\u0101 tos kombin\u0113t. J\u016bs varat viegli izvietot labirintu, slaloma kursu, izveidot robe\u017eas, utt.<\/p>\n<p>Bloki ir izgatavoti no polietil\u0113na un tie ir \u016bdensnecaurlaid\u012bgi. Atbilsto\u0161\u0101s k\u0101rti\u0146as var ievietot vis\u0101s 6 kuba pus\u0113s. Kuba izm\u0113rs ir 95 x 150 mm.<\/p>\n<p>To kr\u0101sa ir dzeltena. <\/p>\n","protected":false},"excerpt":{"rendered":"<ul>\n<li>Tos var apvienot ar treni\u0146u k\u0101rti\u0146\u0101m un ap\u013ciem<\/li>\n<li>Da\u017e\u0101du treni\u0146u programm\u0101m<\/li>\n<li>\u016adensnecaurlaid\u012bgs un viegli lietojams<\/li>\n<\/ul>\n","protected":false},"featured_media":1835,"template":"","meta":[],"product_brand":[],"product_cat":[879],"product_tag":[868,833],"class_list":{"0":"post-5848","1":"product","2":"type-product","3":"status-publish","4":"has-post-thumbnail","6":"product_cat-zirgu-trenini","7":"product_tag-universals","8":"product_tag-viegli-izmantot","9":"product_shipping_class-paku-stacija","11":"first","12":"onbackorder","13":"shipping-taxable","14":"purchasable","15":"product-type-simple"},"_links":{"self":[{"href":"https:\/\/www.barefoot-baltics.ee\/lv\/wp-json\/wp\/v2\/product\/5848","targetHints":{"allow":["GET"]}}],"collection":[{"href":"https:\/\/www.barefoot-baltics.ee\/lv\/wp-json\/wp\/v2\/product"}],"about":[{"href":"https:\/\/www.barefoot-baltics.ee\/lv\/wp-json\/wp\/v2\/types\/product"}],"wp:featuredmedia":[{"embeddable":true,"href":"https:\/\/www.barefoot-baltics.ee\/lv\/wp-json\/wp\/v2\/media\/1835"}],"wp:attachment":[{"href":"https:\/\/www.barefoot-baltics.ee\/lv\/wp-json\/wp\/v2\/media?parent=5848"}],"wp:term":[{"taxonomy":"product_brand","embeddable":true,"href":"https:\/\/www.barefoot-baltics.ee\/lv\/wp-json\/wp\/v2\/product_brand?post=5848"},{"taxonomy":"product_cat","embeddable":true,"href":"https:\/\/www.barefoot-baltics.ee\/lv\/wp-json\/wp\/v2\/product_cat?post=5848"},{"taxonomy":"product_tag","embeddable":true,"href":"https:\/\/www.barefoot-baltics.ee\/lv\/wp-json\/wp\/v2\/product_tag?post=5848"}],"curies":[{"name":"wp","href":"https:\/\/api.w.org\/{rel}","templated":true}]}}