{"id":5844,"date":"2019-02-28T16:54:16","date_gmt":"2019-02-28T14:54:16","guid":{"rendered":"https:\/\/www.barefoot-baltics.ee\/product\/darba-laukuma-norobezotaji\/"},"modified":"2022-06-17T11:48:42","modified_gmt":"2022-06-17T08:48:42","slug":"darba-laukuma-norobezotaji","status":"publish","type":"product","link":"https:\/\/www.barefoot-baltics.ee\/lv\/produkts\/darba-laukuma-norobezotaji\/","title":{"rendered":"Darba laukuma norobe\u017eot\u0101ji"},"content":{"rendered":"<p>\u0160\u012bs laukuma norobe\u017eot\u0101ji ir ide\u0101li piem\u0113roti treni\u0146iem &#8211; ar\u012b seglos.<\/p>\n<p>Tos var izmantot gan darbam, gan jautr\u012bbai. Daudzpus\u012bgs pielietojums. J\u016bs varat tos izmantot kavaleti viet\u0101, lai m\u0101c\u012btos l\u012bdzsvaru un elast\u012bbu, vai k\u0101 robe\u017eu fig\u016br\u0101m, vai lai norobe\u017eotu atsevi\u0161\u0137u uzdevumu. J\u016bs varat ar\u012b likt mazus \u0161\u0137\u0113r\u0161\u013cus utt. J\u016bsu izt\u0113le ir vien\u012bgais ierobe\u017eojums, un t\u0101 k\u0101 norobe\u017eot\u0101ji  ir veidoti no m\u012bksta un elast\u012bga materi\u0101la, j\u016bsu zirgs vienm\u0113r ir dro\u0161\u012bb\u0101.<\/p>\n<p>Norobe\u017eot\u0101ji n\u0101k bez pild\u012bjuma un tos var aizpild\u012bt ar da\u017e\u0101diem materi\u0101liem, piem. smilt\u012bm vai z\u0101\u0123u skaid\u0101m. R\u0101v\u0113jsl\u0113dz\u0113js labaj\u0101 pus\u0113, 150 cm gari, un diametrs 12 cm.<\/p>\n<p>Pieejami tr\u012bs da\u017e\u0101d\u0101s kr\u0101s\u0101s: meln\u0101, dzelten\u0101 un zil\u0101. P\u0113t\u012bjumi ir par\u0101d\u012bju\u0161i, ka \u0161\u012bs tr\u012bs kr\u0101sas ir vislab\u0101k paman\u0101mas liel\u0101kajai da\u013cai zirgu. <\/p>\n","protected":false},"excerpt":{"rendered":"<ul>\n<li>Tuk\u0161i apvalki, kurus var piepild\u012bt ar da\u017e\u0101diem materi\u0101liem<\/li>\n<li>Robe\u017el\u012bnijas, kas ir ide\u0101li piem\u0113rotas darbam no zemes<\/li>\n<li>Elast\u012bgi, viegli, \u0113rti lietojami<\/li>\n<\/ul>\n","protected":false},"featured_media":1818,"template":"","meta":[],"product_brand":[],"product_cat":[879],"product_tag":[868,852,833],"class_list":{"0":"post-5844","1":"product","2":"type-product","3":"status-publish","4":"has-post-thumbnail","6":"product_cat-zirgu-trenini","7":"product_tag-universals","8":"product_tag-viegli","9":"product_tag-viegli-izmantot","10":"product_shipping_class-paku-stacija","11":"pa_colour-dzeltens","12":"pa_colour-melns","13":"pa_colour-zils","15":"first","16":"onbackorder","17":"shipping-taxable","18":"purchasable","19":"product-type-variable"},"_links":{"self":[{"href":"https:\/\/www.barefoot-baltics.ee\/lv\/wp-json\/wp\/v2\/product\/5844","targetHints":{"allow":["GET"]}}],"collection":[{"href":"https:\/\/www.barefoot-baltics.ee\/lv\/wp-json\/wp\/v2\/product"}],"about":[{"href":"https:\/\/www.barefoot-baltics.ee\/lv\/wp-json\/wp\/v2\/types\/product"}],"wp:featuredmedia":[{"embeddable":true,"href":"https:\/\/www.barefoot-baltics.ee\/lv\/wp-json\/wp\/v2\/media\/1818"}],"wp:attachment":[{"href":"https:\/\/www.barefoot-baltics.ee\/lv\/wp-json\/wp\/v2\/media?parent=5844"}],"wp:term":[{"taxonomy":"product_brand","embeddable":true,"href":"https:\/\/www.barefoot-baltics.ee\/lv\/wp-json\/wp\/v2\/product_brand?post=5844"},{"taxonomy":"product_cat","embeddable":true,"href":"https:\/\/www.barefoot-baltics.ee\/lv\/wp-json\/wp\/v2\/product_cat?post=5844"},{"taxonomy":"product_tag","embeddable":true,"href":"https:\/\/www.barefoot-baltics.ee\/lv\/wp-json\/wp\/v2\/product_tag?post=5844"}],"curies":[{"name":"wp","href":"https:\/\/api.w.org\/{rel}","templated":true}]}}