{"id":5841,"date":"2019-03-01T10:50:25","date_gmt":"2019-03-01T08:50:25","guid":{"rendered":"https:\/\/www.barefoot-baltics.ee\/product\/konuss-zirgu-treniniem\/"},"modified":"2019-06-19T16:22:36","modified_gmt":"2019-06-19T13:22:36","slug":"konuss-zirgu-treniniem","status":"publish","type":"product","link":"https:\/\/www.barefoot-baltics.ee\/lv\/produkts\/konuss-zirgu-treniniem\/","title":{"rendered":"Konuss zirgu treni\u0146iem"},"content":{"rendered":"<p>\u0160ie konusi ir b\u016btiski pal\u012bgl\u012bdzek\u013ci zirgu treni\u0146iem. Zirgs iem\u0101c\u0101s uztic\u0113ties mums str\u0101d\u0101jot no  zemes. Ar Barefoot treni\u0146u apr\u012bkojumu m\u0101c\u012b\u0161an\u0101s b\u016bs dubultprieks!<\/p>\n<p>J\u016bs varat tos izmantot, lai izvietotu labirintu, slaloma kursu, izveidotu robe\u017eas utt. Konusi ir \u016bdensiztur\u012bgi un tos var salikt vienu uz otra viegl\u0101kai uzglab\u0101\u0161anai. To augstums ir 38 cm. Izgatavoti no polietil\u0113na.<\/p>\n<p>\u0160is produkts ir pieejams div\u0101s kr\u0101s\u0101s: dzelten\u0101 un zil\u0101. P\u0113t\u012bjumi ir par\u0101d\u012bju\u0161i, ka zirgi viegl\u0101k pamana melno, zilo un dzelteno kr\u0101su. \u0160\u012bs kr\u0101sas vislab\u0101k izce\u013cas apk\u0101rt\u0113j\u0101 vid\u0113 un t\u0101p\u0113c ir viegl\u0101k paman\u012bt un rea\u0123\u0113t.<\/p>\n","protected":false},"excerpt":{"rendered":"<ul>\n<li>B\u016btisks zirgu apm\u0101c\u012bbas pal\u012bgl\u012bdzeklis<\/li>\n<li>Var izmantot da\u017e\u0101dos veidos<\/li>\n<li>\u016adensnecaurlaid\u012bgs un saliekams, lai to var\u0113tu viegli uzglab\u0101t<\/li>\n<\/ul>\n","protected":false},"featured_media":1831,"template":"","meta":[],"product_brand":[],"product_cat":[879],"product_tag":[868],"class_list":{"0":"post-5841","1":"product","2":"type-product","3":"status-publish","4":"has-post-thumbnail","6":"product_cat-zirgu-trenini","7":"product_tag-universals","8":"product_shipping_class-paku-stacija","9":"pa_colour-dzeltens","10":"pa_colour-zils","12":"first","13":"instock","14":"shipping-taxable","15":"purchasable","16":"product-type-variable"},"_links":{"self":[{"href":"https:\/\/www.barefoot-baltics.ee\/lv\/wp-json\/wp\/v2\/product\/5841","targetHints":{"allow":["GET"]}}],"collection":[{"href":"https:\/\/www.barefoot-baltics.ee\/lv\/wp-json\/wp\/v2\/product"}],"about":[{"href":"https:\/\/www.barefoot-baltics.ee\/lv\/wp-json\/wp\/v2\/types\/product"}],"wp:featuredmedia":[{"embeddable":true,"href":"https:\/\/www.barefoot-baltics.ee\/lv\/wp-json\/wp\/v2\/media\/1831"}],"wp:attachment":[{"href":"https:\/\/www.barefoot-baltics.ee\/lv\/wp-json\/wp\/v2\/media?parent=5841"}],"wp:term":[{"taxonomy":"product_brand","embeddable":true,"href":"https:\/\/www.barefoot-baltics.ee\/lv\/wp-json\/wp\/v2\/product_brand?post=5841"},{"taxonomy":"product_cat","embeddable":true,"href":"https:\/\/www.barefoot-baltics.ee\/lv\/wp-json\/wp\/v2\/product_cat?post=5841"},{"taxonomy":"product_tag","embeddable":true,"href":"https:\/\/www.barefoot-baltics.ee\/lv\/wp-json\/wp\/v2\/product_tag?post=5841"}],"curies":[{"name":"wp","href":"https:\/\/api.w.org\/{rel}","templated":true}]}}