{"id":5840,"date":"2018-11-06T14:39:48","date_gmt":"2018-11-06T12:39:48","guid":{"rendered":"https:\/\/www.barefoot-baltics.ee\/product\/pavadas-misoulas-rieksts\/"},"modified":"2019-06-19T16:19:41","modified_gmt":"2019-06-19T13:19:41","slug":"pavadas-misoulas-rieksts","status":"publish","type":"product","link":"https:\/\/www.barefoot-baltics.ee\/lv\/produkts\/pavadas-misoulas-rieksts\/","title":{"rendered":"Pavadas \u201cMisoulas rieksts\u201d"},"content":{"rendered":"<p>\u0160\u012bs ir ar rok\u0101m apstr\u0101d\u0101tas, atv\u0113rt\u0101 tipa pavadas ar dekorat\u012bvu z\u012bm\u0113jumu. Apr\u012bkotas ar \u0101tras apmai\u0146as spr\u0101dz\u0113m un izgatavotas no iztur\u012bgas, augstas kvalit\u0101tes Braz\u012blijas \u0101das. Katras pavadas garums &#8211; 2,3 m. To platums ir 1,5 cm.<\/p>\n<p>M\u016bsu \u201eMisoulas rieksts\u201d s\u0113rij\u0101 ir pieejami ar\u012b atbilsto\u0161i burv\u012bgi segli un eleganti iemaukti.<\/p>\n","protected":false},"excerpt":{"rendered":"<ul>\n<li>Vesterna stila, atv\u0113rt\u0101 tipa pavadas ar apdari<\/li>\n<li>Augstas kvalit\u0101tes \u0101da<\/li>\n<li>\u0100tri nomain\u0101mas<\/li>\n<\/ul>\n","protected":false},"featured_media":1380,"template":"","meta":[],"product_brand":[],"product_cat":[878],"product_tag":[851,825,869],"class_list":{"0":"post-5840","1":"product","2":"type-product","3":"status-publish","4":"has-post-thumbnail","6":"product_cat-pavadas-vedamas-pavadas-aksesuari","7":"product_tag-ada","8":"product_tag-elegants","9":"product_tag-vesterna","10":"product_shipping_class-paku-stacija","12":"first","13":"onbackorder","14":"shipping-taxable","15":"purchasable","16":"product-type-simple"},"_links":{"self":[{"href":"https:\/\/www.barefoot-baltics.ee\/lv\/wp-json\/wp\/v2\/product\/5840","targetHints":{"allow":["GET"]}}],"collection":[{"href":"https:\/\/www.barefoot-baltics.ee\/lv\/wp-json\/wp\/v2\/product"}],"about":[{"href":"https:\/\/www.barefoot-baltics.ee\/lv\/wp-json\/wp\/v2\/types\/product"}],"wp:featuredmedia":[{"embeddable":true,"href":"https:\/\/www.barefoot-baltics.ee\/lv\/wp-json\/wp\/v2\/media\/1380"}],"wp:attachment":[{"href":"https:\/\/www.barefoot-baltics.ee\/lv\/wp-json\/wp\/v2\/media?parent=5840"}],"wp:term":[{"taxonomy":"product_brand","embeddable":true,"href":"https:\/\/www.barefoot-baltics.ee\/lv\/wp-json\/wp\/v2\/product_brand?post=5840"},{"taxonomy":"product_cat","embeddable":true,"href":"https:\/\/www.barefoot-baltics.ee\/lv\/wp-json\/wp\/v2\/product_cat?post=5840"},{"taxonomy":"product_tag","embeddable":true,"href":"https:\/\/www.barefoot-baltics.ee\/lv\/wp-json\/wp\/v2\/product_tag?post=5840"}],"curies":[{"name":"wp","href":"https:\/\/api.w.org\/{rel}","templated":true}]}}