{"id":5836,"date":"2018-10-31T12:53:14","date_gmt":"2018-10-31T10:53:14","guid":{"rendered":"https:\/\/www.barefoot-baltics.ee\/product\/pavadas-dzintars-vesterna\/"},"modified":"2021-08-30T19:23:57","modified_gmt":"2021-08-30T16:23:57","slug":"pavadas-dzintars-vesterna","status":"publish","type":"product","link":"https:\/\/www.barefoot-baltics.ee\/lv\/produkts\/pavadas-dzintars-vesterna\/","title":{"rendered":"Pavadas \u201cDzintars\u201d (vesterna)"},"content":{"rendered":"<p>T\u0101s ir atv\u0113rt\u0101 tipa, apa\u013cas, p\u012btas vesterna pavadas, kas izgatavotas ar no rok\u0101m p\u012btas kalnu virves. Pavadu galos ir insektu atvair\u012b\u0161anas pal\u012bgs Barefoot spalvas veidol\u0101. No\u0146emamas karab\u012bnes. Garums: aptuveni 2,4 m.<\/p>\n","protected":false},"excerpt":{"rendered":"<ul>\n<li>Atv\u0113rt\u0101 tipa, apa\u013cas, p\u012btas pavadas<\/li>\n<li>Izgatavotas ar no rok\u0101m p\u012btas kalnu virves<\/li>\n<li>No\u0146emamas karab\u012bnes<\/li>\n<li>Insektu atvair\u012bt\u0101ji pavadu galos<\/li>\n<\/ul>\n","protected":false},"featured_media":1258,"template":"","meta":[],"product_brand":[],"product_cat":[878],"product_tag":[869,860],"class_list":{"0":"post-5836","1":"product","2":"type-product","3":"status-publish","4":"has-post-thumbnail","6":"product_cat-pavadas-vedamas-pavadas-aksesuari","7":"product_tag-vesterna","8":"product_tag-virve","9":"product_shipping_class-paku-stacija","10":"pa_colour-bruna-tirkiza","11":"pa_colour-bruns-melns","12":"pa_colour-konjaks-oranzs","13":"pa_colour-melna-avenu","14":"pa_colour-melns-zils","16":"first","17":"onbackorder","18":"shipping-taxable","19":"purchasable","20":"product-type-variable"},"_links":{"self":[{"href":"https:\/\/www.barefoot-baltics.ee\/lv\/wp-json\/wp\/v2\/product\/5836","targetHints":{"allow":["GET"]}}],"collection":[{"href":"https:\/\/www.barefoot-baltics.ee\/lv\/wp-json\/wp\/v2\/product"}],"about":[{"href":"https:\/\/www.barefoot-baltics.ee\/lv\/wp-json\/wp\/v2\/types\/product"}],"wp:featuredmedia":[{"embeddable":true,"href":"https:\/\/www.barefoot-baltics.ee\/lv\/wp-json\/wp\/v2\/media\/1258"}],"wp:attachment":[{"href":"https:\/\/www.barefoot-baltics.ee\/lv\/wp-json\/wp\/v2\/media?parent=5836"}],"wp:term":[{"taxonomy":"product_brand","embeddable":true,"href":"https:\/\/www.barefoot-baltics.ee\/lv\/wp-json\/wp\/v2\/product_brand?post=5836"},{"taxonomy":"product_cat","embeddable":true,"href":"https:\/\/www.barefoot-baltics.ee\/lv\/wp-json\/wp\/v2\/product_cat?post=5836"},{"taxonomy":"product_tag","embeddable":true,"href":"https:\/\/www.barefoot-baltics.ee\/lv\/wp-json\/wp\/v2\/product_tag?post=5836"}],"curies":[{"name":"wp","href":"https:\/\/api.w.org\/{rel}","templated":true}]}}