{"id":5835,"date":"2018-11-06T14:58:07","date_gmt":"2018-11-06T12:58:07","guid":{"rendered":"https:\/\/www.barefoot-baltics.ee\/product\/pavadas-oukleta\/"},"modified":"2019-06-19T16:13:37","modified_gmt":"2019-06-19T13:13:37","slug":"pavadas-oukleta","status":"publish","type":"product","link":"https:\/\/www.barefoot-baltics.ee\/lv\/produkts\/pavadas-oukleta\/","title":{"rendered":"Pavadas \u201cOukleta\u201d"},"content":{"rendered":"<p>Skaistas \u0101das pavadas ar \u012bst\u0101m j\u0113l\u0101das siksn\u0101m. T\u0101s ir atv\u0113rt\u0101 tipa vesterna stila pavadas, kas izgatavotas no \u012bstas, augstas kvalit\u0101tes tum\u0161i br\u016bnas nubukas \u0101das. P\u012bta un da\u013c\u0113ji iestr\u0101d\u0101ta \u0101d\u0101 j\u0113l\u0101das dekorat\u012bv\u0101 apdare.<\/p>\n<p>\u0160\u012bs pavadas ir \u0101tri un viegli piestiprin\u0101mas pie trenzes, hakamoras vai beztren\u017eu iemauktiem izmantojot \u0101das cilpas un nostiprinot ar dekorat\u012bv\u0101m \u0101das sait\u0113m.<\/p>\n<p>Neliela, p\u0101rvietojama \u0101das cilpa satur abas pavadas kop\u0101.<\/p>\n<p>Garums vienai pavadai: 225 cm. Platums: 15 mm. Kr\u0101sa: \u0160okol\u0101de. &#8220;Oukleta&#8221; kolekcij\u0101 iesp\u0113jams atrast ar\u012b piem\u0113rotus vesterna iemauktus.<\/p>\n","protected":false},"excerpt":{"rendered":"<ul>\n<li>\u012asta \u0101da ar j\u0113l\u0101das apdari<\/li>\n<li>\u0100das cilpas un siksnas<\/li>\n<li>Pateic\u012bgs garums: 225 cm<\/li>\n<\/ul>\n","protected":false},"featured_media":1387,"template":"","meta":[],"product_brand":[],"product_cat":[878],"product_tag":[851,859,869],"class_list":{"0":"post-5835","1":"product","2":"type-product","3":"status-publish","4":"has-post-thumbnail","6":"product_cat-pavadas-vedamas-pavadas-aksesuari","7":"product_tag-ada","8":"product_tag-neapstradats","9":"product_tag-vesterna","10":"product_shipping_class-paku-stacija","12":"first","13":"onbackorder","14":"shipping-taxable","15":"purchasable","16":"product-type-simple"},"_links":{"self":[{"href":"https:\/\/www.barefoot-baltics.ee\/lv\/wp-json\/wp\/v2\/product\/5835","targetHints":{"allow":["GET"]}}],"collection":[{"href":"https:\/\/www.barefoot-baltics.ee\/lv\/wp-json\/wp\/v2\/product"}],"about":[{"href":"https:\/\/www.barefoot-baltics.ee\/lv\/wp-json\/wp\/v2\/types\/product"}],"wp:featuredmedia":[{"embeddable":true,"href":"https:\/\/www.barefoot-baltics.ee\/lv\/wp-json\/wp\/v2\/media\/1387"}],"wp:attachment":[{"href":"https:\/\/www.barefoot-baltics.ee\/lv\/wp-json\/wp\/v2\/media?parent=5835"}],"wp:term":[{"taxonomy":"product_brand","embeddable":true,"href":"https:\/\/www.barefoot-baltics.ee\/lv\/wp-json\/wp\/v2\/product_brand?post=5835"},{"taxonomy":"product_cat","embeddable":true,"href":"https:\/\/www.barefoot-baltics.ee\/lv\/wp-json\/wp\/v2\/product_cat?post=5835"},{"taxonomy":"product_tag","embeddable":true,"href":"https:\/\/www.barefoot-baltics.ee\/lv\/wp-json\/wp\/v2\/product_tag?post=5835"}],"curies":[{"name":"wp","href":"https:\/\/api.w.org\/{rel}","templated":true}]}}