{"id":5832,"date":"2018-11-23T10:22:19","date_gmt":"2018-11-23T08:22:19","guid":{"rendered":"https:\/\/www.barefoot-baltics.ee\/product\/mekate-pavada\/"},"modified":"2019-06-19T16:07:58","modified_gmt":"2019-06-19T13:07:58","slug":"mekate-pavada","status":"publish","type":"product","link":"https:\/\/www.barefoot-baltics.ee\/lv\/produkts\/mekate-pavada\/","title":{"rendered":"Mekate pavada"},"content":{"rendered":"<p>M\u016bsu mekate pavada ir paredz\u0113ta lieto\u0161anai kop\u0101 ar bos\u0101lu, vai ar\u012b to var izmantot ar\u012b k\u0101 stiprin\u0101jumu pie stri\u0137apau\u0161iem, lai izveidotu stri\u0137apau\u0161u hakamoru. Mekati pied\u0101v\u0101jam veidotu p\u012bta neilona vai \u012bstiem zirga astriem.<\/p>\n<p>Neilona mekate izskat\u0101s m\u012bkst\u0101ka un to var nomain\u012bt uz zirgu astru pavadu kad j\u016bsu zirgs k\u013c\u016bst pieredz\u0113ju\u0161\u0101ks. Neilona mekati var viegli izmantot ar\u012b citiem nol\u016bkiem, piem\u0113ram, k\u0101 garu pavadu, kordo\u0161anai utt. Nailona mekates vien\u0101 gal\u0101 ir dekorat\u012bvs astru pu\u0161\u0137is. Un otr\u0101 gal\u0101, \u0101das siksni\u0146a.<\/p>\n<p>Zirga astru mekatei ir liel\u0101ka ietekme uz zirga kaklu. Astri ir p\u012bti apzin\u0101ti mazliet raupji, lai veicin\u0101tu viegl\u0101ku kontaktu reining\u0101. Tai ir tradicion\u0101ls, augstas kvalit\u0101tes izskats un saj\u016bta, ko nov\u0113rt\u0113 daudzi j\u0101tnieki. Vien\u0101 gal\u0101 ir \u0101das siksni\u0146a.<\/p>\n<p>L\u016bdzu, nebaidieties no redzam\u0101 mekates mezgla. M\u0113s pied\u0101v\u0101jam instrukciju abiem pavadu veidiem ar detaliz\u0113tiem nor\u0101d\u012bjumiem par to, k\u0101 to pareizi sasiet.<\/p>\n<p>Mekate pavadas garums ir 6,7 m.<\/p>\n","protected":false},"excerpt":{"rendered":"<ul>\n<li>Izv\u0113lieties no diviem da\u017e\u0101diem materi\u0101liem:<\/li>\n<li>\u012asti zirga astri vai neilons ar kokvilnas vidu<\/li>\n<li>Komplekt\u0101 ar instrukciju: k\u0101 sasiet mekati<\/li>\n<li>Izmanto bos\u0101lam vai stri\u0137apau\u0161iem<\/li>\n<\/ul>\n","protected":false},"featured_media":1535,"template":"","meta":[],"product_brand":[],"product_cat":[878],"product_tag":[824,853,863,846],"class_list":{"0":"post-5832","1":"product","2":"type-product","3":"status-publish","4":"has-post-thumbnail","6":"product_cat-pavadas-vedamas-pavadas-aksesuari","7":"product_tag-beztrenzu","8":"product_tag-neilons","9":"product_tag-spanu","10":"product_tag-zirgu-astri","11":"product_shipping_class-paku-stacija","12":"pa_material-neilons","13":"pa_material-zirga-astri","15":"first","16":"onbackorder","17":"shipping-taxable","18":"purchasable","19":"product-type-variable"},"_links":{"self":[{"href":"https:\/\/www.barefoot-baltics.ee\/lv\/wp-json\/wp\/v2\/product\/5832","targetHints":{"allow":["GET"]}}],"collection":[{"href":"https:\/\/www.barefoot-baltics.ee\/lv\/wp-json\/wp\/v2\/product"}],"about":[{"href":"https:\/\/www.barefoot-baltics.ee\/lv\/wp-json\/wp\/v2\/types\/product"}],"wp:featuredmedia":[{"embeddable":true,"href":"https:\/\/www.barefoot-baltics.ee\/lv\/wp-json\/wp\/v2\/media\/1535"}],"wp:attachment":[{"href":"https:\/\/www.barefoot-baltics.ee\/lv\/wp-json\/wp\/v2\/media?parent=5832"}],"wp:term":[{"taxonomy":"product_brand","embeddable":true,"href":"https:\/\/www.barefoot-baltics.ee\/lv\/wp-json\/wp\/v2\/product_brand?post=5832"},{"taxonomy":"product_cat","embeddable":true,"href":"https:\/\/www.barefoot-baltics.ee\/lv\/wp-json\/wp\/v2\/product_cat?post=5832"},{"taxonomy":"product_tag","embeddable":true,"href":"https:\/\/www.barefoot-baltics.ee\/lv\/wp-json\/wp\/v2\/product_tag?post=5832"}],"curies":[{"name":"wp","href":"https:\/\/api.w.org\/{rel}","templated":true}]}}