{"id":5829,"date":"2018-11-13T14:00:39","date_gmt":"2018-11-13T12:00:39","guid":{"rendered":"https:\/\/www.barefoot-baltics.ee\/product\/mikstas-adas-pavadas\/"},"modified":"2024-09-21T22:15:38","modified_gmt":"2024-09-21T19:15:38","slug":"mikstas-adas-pavadas","status":"publish","type":"product","link":"https:\/\/www.barefoot-baltics.ee\/lv\/produkts\/mikstas-adas-pavadas\/","title":{"rendered":"M\u012bkstas \u0101das pavadas"},"content":{"rendered":"<p>\u0160\u012bs Barefoot m\u012bkst\u0101s \u0101das pavadas ir izgatavotas no \u013coti m\u012bkstas \u0101das. Eleganti izskat\u0101s j\u0101tnieka rok\u0101s, jo pavadas ir \u0161aur\u0101kas k\u0101 standarta.<\/p>\n<p>T\u0101m ir iek\u0161\u0113js neilona vidus, lai nodro\u0161in\u0101tu pret sapl\u012b\u0161anu. Garums &#8211; 3,2 m un platums 1,5 cm.<\/p>\n","protected":false},"excerpt":{"rendered":"<ul>\n<li>\u013boti m\u012bksta un smalka \u0101da<\/li>\n<li>Elegants izskats<\/li>\n<li>Neilona vidusda\u013ca nov\u0113r\u0161 pavadu izstiep\u0161anos un pl\u012b\u0161anu<\/li>\n<\/ul>\n","protected":false},"featured_media":1486,"template":"","meta":[],"product_brand":[],"product_cat":[878],"product_tag":[851,836,837],"class_list":{"0":"post-5829","1":"product","2":"type-product","3":"status-publish","4":"has-post-thumbnail","6":"product_cat-pavadas-vedamas-pavadas-aksesuari","7":"product_tag-ada","8":"product_tag-anglu","9":"product_tag-ipasi-erti","10":"product_shipping_class-paku-stacija","11":"pa_colour-bruns","12":"pa_colour-melns","14":"first","15":"onbackorder","16":"shipping-taxable","17":"purchasable","18":"product-type-variable"},"_links":{"self":[{"href":"https:\/\/www.barefoot-baltics.ee\/lv\/wp-json\/wp\/v2\/product\/5829","targetHints":{"allow":["GET"]}}],"collection":[{"href":"https:\/\/www.barefoot-baltics.ee\/lv\/wp-json\/wp\/v2\/product"}],"about":[{"href":"https:\/\/www.barefoot-baltics.ee\/lv\/wp-json\/wp\/v2\/types\/product"}],"wp:featuredmedia":[{"embeddable":true,"href":"https:\/\/www.barefoot-baltics.ee\/lv\/wp-json\/wp\/v2\/media\/1486"}],"wp:attachment":[{"href":"https:\/\/www.barefoot-baltics.ee\/lv\/wp-json\/wp\/v2\/media?parent=5829"}],"wp:term":[{"taxonomy":"product_brand","embeddable":true,"href":"https:\/\/www.barefoot-baltics.ee\/lv\/wp-json\/wp\/v2\/product_brand?post=5829"},{"taxonomy":"product_cat","embeddable":true,"href":"https:\/\/www.barefoot-baltics.ee\/lv\/wp-json\/wp\/v2\/product_cat?post=5829"},{"taxonomy":"product_tag","embeddable":true,"href":"https:\/\/www.barefoot-baltics.ee\/lv\/wp-json\/wp\/v2\/product_tag?post=5829"}],"curies":[{"name":"wp","href":"https:\/\/api.w.org\/{rel}","templated":true}]}}