{"id":5825,"date":"2018-11-13T13:32:25","date_gmt":"2018-11-13T11:32:25","guid":{"rendered":"https:\/\/www.barefoot-baltics.ee\/product\/vesterna-pavadas-atra-apmaina\/"},"modified":"2021-08-30T19:21:26","modified_gmt":"2021-08-30T16:21:26","slug":"vesterna-pavadas-atra-apmaina","status":"publish","type":"product","link":"https:\/\/www.barefoot-baltics.ee\/lv\/produkts\/vesterna-pavadas-atra-apmaina\/","title":{"rendered":"Vesterna pavadas \u201e\u0100tr\u0101 apmai\u0146a\u201d"},"content":{"rendered":"<p>Vid\u0113ji smagas, atv\u0113rt\u0101 tipa vesterna pavadas, kas izgatavotas no nubuka. Pavad\u0101m ir \u0101tr\u0101s apmai\u0146as spr\u0101dzes galos, kas ir izgatavotas no iztur\u012bgas, augstas kvalit\u0101tes bife\u013c\u0101das. Garums katrai ir 2,3 m un platums 1,5 cm.<\/p>\n","protected":false},"excerpt":{"rendered":"<ul>\n<li>Atv\u0113rtas, vesterna pavadas no \u012bstas \u0101das<\/li>\n<li>Garums: 2,3 m<\/li>\n<li>\u0100tri nomain\u0101mas<\/li>\n<\/ul>\n","protected":false},"featured_media":1480,"template":"","meta":[],"product_brand":[],"product_cat":[878],"product_tag":[851,858,869],"class_list":{"0":"post-5825","1":"product","2":"type-product","3":"status-publish","4":"has-post-thumbnail","6":"product_cat-pavadas-vedamas-pavadas-aksesuari","7":"product_tag-ada","8":"product_tag-atra-nomaina","9":"product_tag-vesterna","10":"product_shipping_class-paku-stacija","11":"pa_colour-bruns","12":"pa_colour-gaiss","13":"pa_colour-melns","15":"first","16":"instock","17":"shipping-taxable","18":"purchasable","19":"product-type-variable"},"_links":{"self":[{"href":"https:\/\/www.barefoot-baltics.ee\/lv\/wp-json\/wp\/v2\/product\/5825","targetHints":{"allow":["GET"]}}],"collection":[{"href":"https:\/\/www.barefoot-baltics.ee\/lv\/wp-json\/wp\/v2\/product"}],"about":[{"href":"https:\/\/www.barefoot-baltics.ee\/lv\/wp-json\/wp\/v2\/types\/product"}],"wp:featuredmedia":[{"embeddable":true,"href":"https:\/\/www.barefoot-baltics.ee\/lv\/wp-json\/wp\/v2\/media\/1480"}],"wp:attachment":[{"href":"https:\/\/www.barefoot-baltics.ee\/lv\/wp-json\/wp\/v2\/media?parent=5825"}],"wp:term":[{"taxonomy":"product_brand","embeddable":true,"href":"https:\/\/www.barefoot-baltics.ee\/lv\/wp-json\/wp\/v2\/product_brand?post=5825"},{"taxonomy":"product_cat","embeddable":true,"href":"https:\/\/www.barefoot-baltics.ee\/lv\/wp-json\/wp\/v2\/product_cat?post=5825"},{"taxonomy":"product_tag","embeddable":true,"href":"https:\/\/www.barefoot-baltics.ee\/lv\/wp-json\/wp\/v2\/product_tag?post=5825"}],"curies":[{"name":"wp","href":"https:\/\/api.w.org\/{rel}","templated":true}]}}