{"id":5822,"date":"2018-11-13T13:15:58","date_gmt":"2018-11-13T11:15:58","guid":{"rendered":"https:\/\/www.barefoot-baltics.ee\/product\/adas-pavadas\/"},"modified":"2019-06-19T15:41:40","modified_gmt":"2019-06-19T12:41:40","slug":"adas-pavadas","status":"publish","type":"product","link":"https:\/\/www.barefoot-baltics.ee\/lv\/produkts\/adas-pavadas\/","title":{"rendered":"\u0100das pavadas"},"content":{"rendered":"<p>\u0160\u012bs ir vienk\u0101r\u0161as \u0101das pavadas, kas izgatavotas no labas un kvalitat\u012bvas \u0101das, t\u0101pat k\u0101 visi m\u016bsu Barefoot produkti. T\u0101s ir piem\u0113rotas visiem m\u016bsu ang\u013cu tipa iemauktiem.<\/p>\n<p>To garums ir 3,2 m un  platums ir 1,6 cm. Vid\u016b eso\u0161\u0101 spr\u0101dze \u013cauj t\u0101s viegli atv\u0113rt.<\/p>\n","protected":false},"excerpt":{"rendered":"<ul>\n<li>Ang\u013cu \u0101das pavadas<\/li>\n<li>Izgatavotas no augstas kvalit\u0101tes \u0101das<\/li>\n<li>Garums: 3,2 m, platums: 1,6 cm<\/li>\n<\/ul>\n","protected":false},"featured_media":1472,"template":"","meta":[],"product_brand":[],"product_cat":[878],"product_tag":[851,836],"class_list":{"0":"post-5822","1":"product","2":"type-product","3":"status-publish","4":"has-post-thumbnail","6":"product_cat-pavadas-vedamas-pavadas-aksesuari","7":"product_tag-ada","8":"product_tag-anglu","9":"product_shipping_class-paku-stacija","10":"pa_colour-bruns","11":"pa_colour-melns","13":"first","14":"onbackorder","15":"shipping-taxable","16":"purchasable","17":"product-type-variable"},"_links":{"self":[{"href":"https:\/\/www.barefoot-baltics.ee\/lv\/wp-json\/wp\/v2\/product\/5822","targetHints":{"allow":["GET"]}}],"collection":[{"href":"https:\/\/www.barefoot-baltics.ee\/lv\/wp-json\/wp\/v2\/product"}],"about":[{"href":"https:\/\/www.barefoot-baltics.ee\/lv\/wp-json\/wp\/v2\/types\/product"}],"wp:featuredmedia":[{"embeddable":true,"href":"https:\/\/www.barefoot-baltics.ee\/lv\/wp-json\/wp\/v2\/media\/1472"}],"wp:attachment":[{"href":"https:\/\/www.barefoot-baltics.ee\/lv\/wp-json\/wp\/v2\/media?parent=5822"}],"wp:term":[{"taxonomy":"product_brand","embeddable":true,"href":"https:\/\/www.barefoot-baltics.ee\/lv\/wp-json\/wp\/v2\/product_brand?post=5822"},{"taxonomy":"product_cat","embeddable":true,"href":"https:\/\/www.barefoot-baltics.ee\/lv\/wp-json\/wp\/v2\/product_cat?post=5822"},{"taxonomy":"product_tag","embeddable":true,"href":"https:\/\/www.barefoot-baltics.ee\/lv\/wp-json\/wp\/v2\/product_tag?post=5822"}],"curies":[{"name":"wp","href":"https:\/\/api.w.org\/{rel}","templated":true}]}}