{"id":5817,"date":"2018-10-31T12:17:41","date_gmt":"2018-10-31T10:17:41","guid":{"rendered":"https:\/\/www.barefoot-baltics.ee\/product\/pavadas-dzintara-anglu\/"},"modified":"2021-08-30T19:24:30","modified_gmt":"2021-08-30T16:24:30","slug":"pavadas-dzintara-anglu","status":"publish","type":"product","link":"https:\/\/www.barefoot-baltics.ee\/lv\/produkts\/pavadas-dzintara-anglu\/","title":{"rendered":"Pavadas \u201cDzintars\u201d (ang\u013cu)"},"content":{"rendered":"<p>\u0160\u012bs ir ang\u013cu tipa \u201eDzintara\u201d s\u0113rijas pavadas. T\u0101s ir apa\u013cas formas un izgatavotas ar no rok\u0101m p\u012btas kalnu virves. Vid\u016b novietot\u0101 spr\u0101dze ir viegli atverama. \u0112rts garums. No\u0146emamas karab\u012bnes.<\/p>\n<p>Kop\u0113jais garums: 3,2 m<\/p>\n","protected":false},"excerpt":{"rendered":"<ul>\n<li>Apa\u013cas, p\u012btas pavadas izgatavotas no kalnu virves<\/li>\n<li>Kop\u0113jais garums: 3,2 m<\/li>\n<li>Pieejami atbilsto\u0161i iemaukti<\/li>\n<\/ul>\n","protected":false},"featured_media":1248,"template":"","meta":[],"product_brand":[],"product_cat":[878],"product_tag":[836,860],"class_list":{"0":"post-5817","1":"product","2":"type-product","3":"status-publish","4":"has-post-thumbnail","6":"product_cat-pavadas-vedamas-pavadas-aksesuari","7":"product_tag-anglu","8":"product_tag-virve","9":"product_shipping_class-paku-stacija","10":"pa_colour-bruna-tirkiza","11":"pa_colour-bruns-melns","12":"pa_colour-konjaks-oranzs","13":"pa_colour-melna-avenu","14":"pa_colour-melns-zils","16":"first","17":"instock","18":"shipping-taxable","19":"purchasable","20":"product-type-variable"},"_links":{"self":[{"href":"https:\/\/www.barefoot-baltics.ee\/lv\/wp-json\/wp\/v2\/product\/5817","targetHints":{"allow":["GET"]}}],"collection":[{"href":"https:\/\/www.barefoot-baltics.ee\/lv\/wp-json\/wp\/v2\/product"}],"about":[{"href":"https:\/\/www.barefoot-baltics.ee\/lv\/wp-json\/wp\/v2\/types\/product"}],"wp:featuredmedia":[{"embeddable":true,"href":"https:\/\/www.barefoot-baltics.ee\/lv\/wp-json\/wp\/v2\/media\/1248"}],"wp:attachment":[{"href":"https:\/\/www.barefoot-baltics.ee\/lv\/wp-json\/wp\/v2\/media?parent=5817"}],"wp:term":[{"taxonomy":"product_brand","embeddable":true,"href":"https:\/\/www.barefoot-baltics.ee\/lv\/wp-json\/wp\/v2\/product_brand?post=5817"},{"taxonomy":"product_cat","embeddable":true,"href":"https:\/\/www.barefoot-baltics.ee\/lv\/wp-json\/wp\/v2\/product_cat?post=5817"},{"taxonomy":"product_tag","embeddable":true,"href":"https:\/\/www.barefoot-baltics.ee\/lv\/wp-json\/wp\/v2\/product_tag?post=5817"}],"curies":[{"name":"wp","href":"https:\/\/api.w.org\/{rel}","templated":true}]}}