{"id":5812,"date":"2018-10-31T14:04:53","date_gmt":"2018-10-31T12:04:53","guid":{"rendered":"https:\/\/www.barefoot-baltics.ee\/product\/pavadas-akorna-anglu\/"},"modified":"2019-06-19T15:30:44","modified_gmt":"2019-06-19T12:30:44","slug":"pavadas-akorna-anglu","status":"publish","type":"product","link":"https:\/\/www.barefoot-baltics.ee\/lv\/produkts\/pavadas-akorna-anglu\/","title":{"rendered":"Pavadas \u201cAkorna\u201d (ang\u013cu)"},"content":{"rendered":"<p>\u0160\u012bs ir \u0113rtas, apa\u013cas formas pavadas, kas izgatavotas no iztur\u012bgas virves. No\u0146emamas \u0161\u0137\u0113rveida karab\u012bnes. \u0160\u012bm pavad\u0101m ir divkr\u0101su \u012bstas j\u0113l\u0101das apdare un labi sader ar \u201eAkorna\u201d iemauktiem.<\/p>\n<p>To garums ir apm\u0113ram 3 m.<\/p>\n","protected":false},"excerpt":{"rendered":"<ul>\n<li>Sl\u0113gtas (ang\u013cu) pavadas, kas izgatavotas no iztur\u012bgas, bet m\u012bkstas virves<\/li>\n<li>Ar \u0101das apdari un karab\u012bn\u0113m<\/li>\n<li>Dekor\u0113tas ar \u012bstu j\u0113l\u0101du<\/li>\n<\/ul>\n","protected":false},"featured_media":1270,"template":"","meta":[],"product_brand":[],"product_cat":[878],"product_tag":[836,860],"class_list":{"0":"post-5812","1":"product","2":"type-product","3":"status-publish","4":"has-post-thumbnail","6":"product_cat-pavadas-vedamas-pavadas-aksesuari","7":"product_tag-anglu","8":"product_tag-virve","9":"product_shipping_class-paku-stacija","11":"first","12":"onbackorder","13":"shipping-taxable","14":"purchasable","15":"product-type-simple"},"_links":{"self":[{"href":"https:\/\/www.barefoot-baltics.ee\/lv\/wp-json\/wp\/v2\/product\/5812","targetHints":{"allow":["GET"]}}],"collection":[{"href":"https:\/\/www.barefoot-baltics.ee\/lv\/wp-json\/wp\/v2\/product"}],"about":[{"href":"https:\/\/www.barefoot-baltics.ee\/lv\/wp-json\/wp\/v2\/types\/product"}],"wp:featuredmedia":[{"embeddable":true,"href":"https:\/\/www.barefoot-baltics.ee\/lv\/wp-json\/wp\/v2\/media\/1270"}],"wp:attachment":[{"href":"https:\/\/www.barefoot-baltics.ee\/lv\/wp-json\/wp\/v2\/media?parent=5812"}],"wp:term":[{"taxonomy":"product_brand","embeddable":true,"href":"https:\/\/www.barefoot-baltics.ee\/lv\/wp-json\/wp\/v2\/product_brand?post=5812"},{"taxonomy":"product_cat","embeddable":true,"href":"https:\/\/www.barefoot-baltics.ee\/lv\/wp-json\/wp\/v2\/product_cat?post=5812"},{"taxonomy":"product_tag","embeddable":true,"href":"https:\/\/www.barefoot-baltics.ee\/lv\/wp-json\/wp\/v2\/product_tag?post=5812"}],"curies":[{"name":"wp","href":"https:\/\/api.w.org\/{rel}","templated":true}]}}