{"id":5805,"date":"2019-02-02T15:19:13","date_gmt":"2019-02-02T13:19:13","guid":{"rendered":"https:\/\/www.barefoot-baltics.ee\/product\/kordeo-dzintars\/"},"modified":"2024-08-12T22:32:29","modified_gmt":"2024-08-12T19:32:29","slug":"kordeo-dzintars","status":"publish","type":"product","link":"https:\/\/www.barefoot-baltics.ee\/lv\/produkts\/kordeo-dzintars\/","title":{"rendered":"Kordeo \u201cDzintars\u201d"},"content":{"rendered":"<p>\u0160is ir zirgam draudz\u012bgs kordeo, kas izgatavots no rok\u0101m p\u012btas alp\u012bnisma virves. Tas ir regul\u0113jams ar b\u012bd\u0101mu mezglu. Ner\u016bs\u0113jo\u0161\u0101 t\u0113rauda gredzens, lai piesietu vai vestu, un dekorat\u012bvs pu\u0161\u0137is. <\/p>\n<p>Kop\u0113jais garums ir aptuveni 1,6 m.<\/p>\n","protected":false},"excerpt":{"rendered":"<ul>\n<li>Zirgam draudz\u012bgs kordeo<\/li>\n<li>Izgatavota ar no rok\u0101m p\u012btas kalnu virves<\/li>\n<li>Regul\u0113jams izm\u0113rs<\/li>\n<li>Ner\u016bs\u0113jo\u0161\u0101 t\u0113rauda gredzens piesie\u0161anai vai ve\u0161anai<\/li>\n<\/ul>\n","protected":false},"featured_media":1684,"template":"","meta":[],"product_brand":[],"product_cat":[878],"product_tag":[818,860],"class_list":{"0":"post-5805","1":"product","2":"type-product","3":"status-publish","4":"has-post-thumbnail","6":"product_cat-pavadas-vedamas-pavadas-aksesuari","7":"product_tag-regulejams","8":"product_tag-virve","9":"product_shipping_class-paku-stacija","10":"pa_colour-bruna-tirkiza","11":"pa_colour-bruns-melns","12":"pa_colour-konjaks-oranzs","13":"pa_colour-melna-avenu","14":"pa_colour-melns-zils","16":"first","17":"onbackorder","18":"shipping-taxable","19":"purchasable","20":"product-type-variable"},"_links":{"self":[{"href":"https:\/\/www.barefoot-baltics.ee\/lv\/wp-json\/wp\/v2\/product\/5805","targetHints":{"allow":["GET"]}}],"collection":[{"href":"https:\/\/www.barefoot-baltics.ee\/lv\/wp-json\/wp\/v2\/product"}],"about":[{"href":"https:\/\/www.barefoot-baltics.ee\/lv\/wp-json\/wp\/v2\/types\/product"}],"wp:featuredmedia":[{"embeddable":true,"href":"https:\/\/www.barefoot-baltics.ee\/lv\/wp-json\/wp\/v2\/media\/1684"}],"wp:attachment":[{"href":"https:\/\/www.barefoot-baltics.ee\/lv\/wp-json\/wp\/v2\/media?parent=5805"}],"wp:term":[{"taxonomy":"product_brand","embeddable":true,"href":"https:\/\/www.barefoot-baltics.ee\/lv\/wp-json\/wp\/v2\/product_brand?post=5805"},{"taxonomy":"product_cat","embeddable":true,"href":"https:\/\/www.barefoot-baltics.ee\/lv\/wp-json\/wp\/v2\/product_cat?post=5805"},{"taxonomy":"product_tag","embeddable":true,"href":"https:\/\/www.barefoot-baltics.ee\/lv\/wp-json\/wp\/v2\/product_tag?post=5805"}],"curies":[{"name":"wp","href":"https:\/\/api.w.org\/{rel}","templated":true}]}}