{"id":5804,"date":"2018-12-10T07:14:25","date_gmt":"2018-12-10T05:14:25","guid":{"rendered":"https:\/\/www.barefoot-baltics.ee\/product\/hakamora-ziedi\/"},"modified":"2024-06-16T21:48:00","modified_gmt":"2024-06-16T18:48:00","slug":"hakamora-ziedi","status":"publish","type":"product","link":"https:\/\/www.barefoot-baltics.ee\/lv\/produkts\/hakamora-ziedi\/","title":{"rendered":"Hakamora \u201cZiedi\u201d"},"content":{"rendered":"<p>T\u0101pat k\u0101 trenze, hakamora \u201cZiedi\u201d stiprin\u0101s iemauktu ab\u0101s pus\u0113s. At\u0161\u0137ir\u012bba ir t\u0101da, ka j\u016bsu zirgam mut\u0113 nav met\u0101la. \ud83d\ude42<\/p>\n<p>Turkl\u0101t, lai nostiprin\u0101tu hakamoru uz zirga deguna, jums b\u016bs nepiecie\u0161ama purna un zoda siksnas.<\/p>\n<p>Spiediena punkts atrodas uz deguna kaula. Tikl\u012bdz j\u016bsu zirgs ir apguvis nepiecie\u0161am\u0101s iema\u0146as ar beztren\u017eu iemauktiem j\u016bs varat tos izmantot jebkur\u0101s apm\u0101c\u012bb\u0101s un treni\u0146os.<\/p>\n<p>\u201cZiedi\u201d pie\u013cauj zin\u0101mu r\u012bc\u012bbas br\u012bv\u012bbu.<\/p>\n<p>Pavadu iedarb\u012bba un spiediens ir atkar\u012bb\u0101 no gredzenu novietojuma. Sp\u0113c\u012bg\u0101kais efekts tiek pan\u0101kts, kad pavadas tiek piestiprin\u0101tas pie zem\u0101k\u0101 gredzena.<\/p>\n<p>Hakamora ir izgatavots no ner\u016bs\u0113jo\u0161\u0101 t\u0113rauda un tiek p\u0101rdota pa p\u0101riem.<\/p>\n","protected":false},"excerpt":{"rendered":"<ul>\n<li>Beztrenzes j\u0101\u0161anai<\/li>\n<li>Izv\u0113lieties starp m\u012bkstu un prec\u012bzu kontaktu<\/li>\n<li>Vesterna, ang\u013cu, p\u0101rg\u0101jienu un iztur\u012bbas j\u0101\u0161anas veidiem<\/li>\n<li>Paredz\u0113ta j\u0101tniekiem, kuri v\u0113las sazin\u0101ties vislab\u0101kaj\u0101 veid\u0101<\/li>\n<\/ul>\n","protected":false},"featured_media":1553,"template":"","meta":[],"product_brand":[],"product_cat":[878],"product_tag":[824,864],"class_list":{"0":"post-5804","1":"product","2":"type-product","3":"status-publish","4":"has-post-thumbnail","6":"product_cat-pavadas-vedamas-pavadas-aksesuari","7":"product_tag-beztrenzu","8":"product_tag-nerusejosais-terauds","9":"product_shipping_class-paku-stacija","11":"first","12":"onbackorder","13":"shipping-taxable","14":"purchasable","15":"product-type-simple"},"_links":{"self":[{"href":"https:\/\/www.barefoot-baltics.ee\/lv\/wp-json\/wp\/v2\/product\/5804","targetHints":{"allow":["GET"]}}],"collection":[{"href":"https:\/\/www.barefoot-baltics.ee\/lv\/wp-json\/wp\/v2\/product"}],"about":[{"href":"https:\/\/www.barefoot-baltics.ee\/lv\/wp-json\/wp\/v2\/types\/product"}],"wp:featuredmedia":[{"embeddable":true,"href":"https:\/\/www.barefoot-baltics.ee\/lv\/wp-json\/wp\/v2\/media\/1553"}],"wp:attachment":[{"href":"https:\/\/www.barefoot-baltics.ee\/lv\/wp-json\/wp\/v2\/media?parent=5804"}],"wp:term":[{"taxonomy":"product_brand","embeddable":true,"href":"https:\/\/www.barefoot-baltics.ee\/lv\/wp-json\/wp\/v2\/product_brand?post=5804"},{"taxonomy":"product_cat","embeddable":true,"href":"https:\/\/www.barefoot-baltics.ee\/lv\/wp-json\/wp\/v2\/product_cat?post=5804"},{"taxonomy":"product_tag","embeddable":true,"href":"https:\/\/www.barefoot-baltics.ee\/lv\/wp-json\/wp\/v2\/product_tag?post=5804"}],"curies":[{"name":"wp","href":"https:\/\/api.w.org\/{rel}","templated":true}]}}