{"id":5801,"date":"2018-11-08T11:54:14","date_gmt":"2018-11-08T09:54:14","guid":{"rendered":"https:\/\/www.barefoot-baltics.ee\/product\/pavadas-berniem-super\/"},"modified":"2019-06-17T15:37:50","modified_gmt":"2019-06-17T12:37:50","slug":"pavadas-berniem-super","status":"publish","type":"product","link":"https:\/\/www.barefoot-baltics.ee\/lv\/produkts\/pavadas-berniem-super\/","title":{"rendered":"Pavadas b\u0113rniem \u201eSuper\u201d"},"content":{"rendered":"<p>Vieglas un \u0113rtas pavadas b\u0113rniem ar kr\u0101sainiem stopiem. Iestr\u0101d\u0101tais gumijas materi\u0101ls nodro\u0161ina, ka pavadas nesl\u012bd no rok\u0101m.<\/p>\n<p>Pavadu galven\u0101s iez\u012bmes:<\/p>\n<ul>\n<li>Roz\u0101 vai zila stopi<\/li>\n<li>Nesl\u012bd pat paliekot slapjas<\/li>\n<li>Neuzs\u016bc mitrumu<\/li>\n<li><\/li>\n<\/ul>\n","protected":false},"excerpt":{"rendered":"<ul>\n<li>Nesl\u012bdo\u0161s materi\u0101ls<\/li>\n<li>\u0112rtas un vieglas lieto\u0161an\u0101<\/li>\n<li>Kr\u0101saini stopi<\/li>\n<li>Atveramas, pateicoties spr\u0101dzei vid\u016b<\/li>\n<\/ul>\n","protected":false},"featured_media":1450,"template":"","meta":[],"product_brand":[],"product_cat":[878],"product_tag":[836,842],"class_list":{"0":"post-5801","1":"product","2":"type-product","3":"status-publish","4":"has-post-thumbnail","6":"product_cat-pavadas-vedamas-pavadas-aksesuari","7":"product_tag-anglu","8":"product_tag-berniem","9":"product_shipping_class-paku-stacija","10":"pa_colour-bruns-roza","11":"pa_colour-melns-gaisi-zils","13":"first","14":"instock","15":"shipping-taxable","16":"purchasable","17":"product-type-variable"},"_links":{"self":[{"href":"https:\/\/www.barefoot-baltics.ee\/lv\/wp-json\/wp\/v2\/product\/5801","targetHints":{"allow":["GET"]}}],"collection":[{"href":"https:\/\/www.barefoot-baltics.ee\/lv\/wp-json\/wp\/v2\/product"}],"about":[{"href":"https:\/\/www.barefoot-baltics.ee\/lv\/wp-json\/wp\/v2\/types\/product"}],"wp:featuredmedia":[{"embeddable":true,"href":"https:\/\/www.barefoot-baltics.ee\/lv\/wp-json\/wp\/v2\/media\/1450"}],"wp:attachment":[{"href":"https:\/\/www.barefoot-baltics.ee\/lv\/wp-json\/wp\/v2\/media?parent=5801"}],"wp:term":[{"taxonomy":"product_brand","embeddable":true,"href":"https:\/\/www.barefoot-baltics.ee\/lv\/wp-json\/wp\/v2\/product_brand?post=5801"},{"taxonomy":"product_cat","embeddable":true,"href":"https:\/\/www.barefoot-baltics.ee\/lv\/wp-json\/wp\/v2\/product_cat?post=5801"},{"taxonomy":"product_tag","embeddable":true,"href":"https:\/\/www.barefoot-baltics.ee\/lv\/wp-json\/wp\/v2\/product_tag?post=5801"}],"curies":[{"name":"wp","href":"https:\/\/api.w.org\/{rel}","templated":true}]}}