{"id":5800,"date":"2018-11-06T14:26:02","date_gmt":"2018-11-06T12:26:02","guid":{"rendered":"https:\/\/www.barefoot-baltics.ee\/product\/neslidoss-pavadas-super\/"},"modified":"2019-08-23T17:11:01","modified_gmt":"2019-08-23T14:11:01","slug":"neslidoss-pavadas-super","status":"publish","type":"product","link":"https:\/\/www.barefoot-baltics.ee\/lv\/produkts\/neslidoss-pavadas-super\/","title":{"rendered":"Pavadas \u201cSuper\u201d"},"content":{"rendered":"<p>Barefoot pavadas, kuras var izmantot kop\u0101 ar visiem iemauktu veidiem. Iestr\u0101d\u0101tais gumijas materi\u0101ls nodro\u0161ina, pavadu nesl\u012bd\u0113\u0161anu.<\/p>\n<ul>\n<li>Iestr\u0101d\u0101ti stopi<\/li>\n<li>Nesl\u012bd pat paliekot slapjas<\/li>\n<li>Neuzs\u016bc mitrumu<\/li>\n<li>Neizstiepjas<\/li>\n<\/ul>\n","protected":false},"excerpt":{"rendered":"<ul>\n<li>Nesl\u012bdo\u0161s materi\u0101ls<\/li>\n<li>Viegla un \u0113rta lieto\u0161ana<\/li>\n<li>Atveramas, pateicoties spr\u0101dzei vid\u016b<\/li>\n<\/ul>\n","protected":false},"featured_media":1375,"template":"","meta":[],"product_brand":[],"product_cat":[878],"product_tag":[836,820],"class_list":{"0":"post-5800","1":"product","2":"type-product","3":"status-publish","4":"has-post-thumbnail","6":"product_cat-pavadas-vedamas-pavadas-aksesuari","7":"product_tag-anglu","8":"product_tag-neslidoss","9":"product_shipping_class-paku-stacija","11":"first","12":"onbackorder","13":"shipping-taxable","14":"purchasable","15":"product-type-simple"},"_links":{"self":[{"href":"https:\/\/www.barefoot-baltics.ee\/lv\/wp-json\/wp\/v2\/product\/5800","targetHints":{"allow":["GET"]}}],"collection":[{"href":"https:\/\/www.barefoot-baltics.ee\/lv\/wp-json\/wp\/v2\/product"}],"about":[{"href":"https:\/\/www.barefoot-baltics.ee\/lv\/wp-json\/wp\/v2\/types\/product"}],"wp:featuredmedia":[{"embeddable":true,"href":"https:\/\/www.barefoot-baltics.ee\/lv\/wp-json\/wp\/v2\/media\/1375"}],"wp:attachment":[{"href":"https:\/\/www.barefoot-baltics.ee\/lv\/wp-json\/wp\/v2\/media?parent=5800"}],"wp:term":[{"taxonomy":"product_brand","embeddable":true,"href":"https:\/\/www.barefoot-baltics.ee\/lv\/wp-json\/wp\/v2\/product_brand?post=5800"},{"taxonomy":"product_cat","embeddable":true,"href":"https:\/\/www.barefoot-baltics.ee\/lv\/wp-json\/wp\/v2\/product_cat?post=5800"},{"taxonomy":"product_tag","embeddable":true,"href":"https:\/\/www.barefoot-baltics.ee\/lv\/wp-json\/wp\/v2\/product_tag?post=5800"}],"curies":[{"name":"wp","href":"https:\/\/api.w.org\/{rel}","templated":true}]}}