{"id":5796,"date":"2019-03-04T19:02:28","date_gmt":"2019-03-04T17:02:28","guid":{"rendered":"https:\/\/www.barefoot-baltics.ee\/product\/pieres-siksna-ar-musu-aizsardzibu-2-1\/"},"modified":"2019-06-17T15:29:06","modified_gmt":"2019-06-17T12:29:06","slug":"pieres-siksna-ar-musu-aizsardzibu-2-1","status":"publish","type":"product","link":"https:\/\/www.barefoot-baltics.ee\/lv\/produkts\/pieres-siksna-ar-musu-aizsardzibu-2-1\/","title":{"rendered":"Pieres siksna ar mu\u0161u aizsardz\u012bbu (2-1)"},"content":{"rendered":"<p>T\u0101 ir main\u0101ma pieres siksna (2-1) ar aizsardz\u012bbu pret kukai\u0146iem. T\u0101 ir ne tikai funkcion\u0101la un zirgam draudz\u012bga, bet ar\u012b \u013coti skaista. M\u012bksti polster\u0113ta, ar \u0101du apvilkta. Apak\u0161\u0101 ir velcro stiprin\u0101jums, kam iesp\u0113jams pievienot vai nu parasto pieres siksnu, vai pieres siksnu ar skari\u0146\u0101m, kas izgatavotas no neilona.<\/p>\n<p>Abas pieres siksnas ir iek\u013cautas komplekt\u0101, lai t\u0101s var\u0113tu viegli nomain\u012bt sekundes laik\u0101.<\/p>\n<p>Papildus pozit\u012bvais: nav kaitino\u0161\u0101s skaru sl\u012bd\u0113\u0161anas. Daudz\u0101m parastaj\u0101m skar\u0101m ir \u0161\u012b probl\u0113ma, bet m\u016bsu skaras paliek sav\u0101 viet\u0101.<\/p>\n<p>Pieejamas tr\u012bs da\u017e\u0101d\u0101s versij\u0101s:<\/p>\n<ul>\n<li>Melna, gluda \u0101da<\/li>\n<li>Br\u016bna, nubuka \u0101da (ar iz\u0161uvumu)<\/li>\n<li>Melna, nubuka \u0101da (ar iz\u0161uvumu)<\/li>\n<\/ul>\n","protected":false},"excerpt":{"rendered":"<ul>\n<li>2-1 pieres siksna no \u012bstas \u0101das<\/li>\n<li>Izmantojiet to ar vai bez mu\u0161u skar\u0101m &#8211; to ir viegli nomain\u012bt<\/li>\n<li>\u012apa\u0161i paroc\u012bgi izmantot vasar\u0101<\/li>\n<\/ul>\n","protected":false},"featured_media":1888,"template":"","meta":[],"product_brand":[],"product_cat":[878],"product_tag":[851,857,867],"class_list":{"0":"post-5796","1":"product","2":"type-product","3":"status-publish","4":"has-post-thumbnail","6":"product_cat-pavadas-vedamas-pavadas-aksesuari","7":"product_tag-ada","8":"product_tag-aizsardziba","9":"product_tag-pargajienu","10":"product_shipping_class-paku-stacija","11":"pa_colour-bruns","12":"pa_colour-melns","13":"pa_material-ada","14":"pa_material-nubukas-ada","16":"first","17":"instock","18":"shipping-taxable","19":"purchasable","20":"product-type-variable"},"_links":{"self":[{"href":"https:\/\/www.barefoot-baltics.ee\/lv\/wp-json\/wp\/v2\/product\/5796","targetHints":{"allow":["GET"]}}],"collection":[{"href":"https:\/\/www.barefoot-baltics.ee\/lv\/wp-json\/wp\/v2\/product"}],"about":[{"href":"https:\/\/www.barefoot-baltics.ee\/lv\/wp-json\/wp\/v2\/types\/product"}],"wp:featuredmedia":[{"embeddable":true,"href":"https:\/\/www.barefoot-baltics.ee\/lv\/wp-json\/wp\/v2\/media\/1888"}],"wp:attachment":[{"href":"https:\/\/www.barefoot-baltics.ee\/lv\/wp-json\/wp\/v2\/media?parent=5796"}],"wp:term":[{"taxonomy":"product_brand","embeddable":true,"href":"https:\/\/www.barefoot-baltics.ee\/lv\/wp-json\/wp\/v2\/product_brand?post=5796"},{"taxonomy":"product_cat","embeddable":true,"href":"https:\/\/www.barefoot-baltics.ee\/lv\/wp-json\/wp\/v2\/product_cat?post=5796"},{"taxonomy":"product_tag","embeddable":true,"href":"https:\/\/www.barefoot-baltics.ee\/lv\/wp-json\/wp\/v2\/product_tag?post=5796"}],"curies":[{"name":"wp","href":"https:\/\/api.w.org\/{rel}","templated":true}]}}