{"id":5795,"date":"2018-11-15T18:24:05","date_gmt":"2018-11-15T16:24:05","guid":{"rendered":"https:\/\/www.barefoot-baltics.ee\/product\/skaistas-pavadas-seneka\/"},"modified":"2024-08-28T11:20:34","modified_gmt":"2024-08-28T08:20:34","slug":"skaistas-pavadas-seneka","status":"publish","type":"product","link":"https:\/\/www.barefoot-baltics.ee\/lv\/produkts\/skaistas-pavadas-seneka\/","title":{"rendered":"Pavadas \u201cSeneka\u201d"},"content":{"rendered":"<p>Skaistas pavadas no m\u016bsu \u201eSeneka\u201d s\u0113rijas ar p\u012btas j\u0113l\u0101das dekorat\u012bviem elementiem. Izgatavotas no iztur\u012bga polipropil\u0113na ar iek\u0161\u0113jo kokvilnas kodolu. Dekorat\u012bvie elementi p\u012bti no kvalitat\u012bvas, divkr\u0101sainas j\u0113l\u0101das. Karab\u012bnes \u013cauj t\u0101s \u0101tri piestiprin\u0101t un no\u0146emt no iemauktiem.<\/p>\n<p>To garums ir 3,5 m un to platums ir 10 mm. Iesak\u0101m apskat\u012bt ar\u012b m\u016bsu \u201eSeneka\u201d j\u0101\u0161anas apau\u0161us.<\/p>\n","protected":false},"excerpt":{"rendered":"<ul>\n<li>Ang\u013cu pavadas, kas atbilst m\u016bsu \u201eSeneka\u201d j\u0101\u0161anas apau\u0161iem<\/li>\n<li>P\u012btas j\u0113l\u0101das dekorat\u012bvie elementi<\/li>\n<li>Garums: 3,5 m, platums: 10 mm<\/li>\n<\/ul>\n","protected":false},"featured_media":1505,"template":"","meta":[],"product_brand":[],"product_cat":[878],"product_tag":[836,859,860],"class_list":{"0":"post-5795","1":"product","2":"type-product","3":"status-publish","4":"has-post-thumbnail","6":"product_cat-pavadas-vedamas-pavadas-aksesuari","7":"product_tag-anglu","8":"product_tag-neapstradats","9":"product_tag-virve","10":"product_shipping_class-paku-stacija","12":"first","13":"onbackorder","14":"shipping-taxable","15":"purchasable","16":"product-type-simple"},"_links":{"self":[{"href":"https:\/\/www.barefoot-baltics.ee\/lv\/wp-json\/wp\/v2\/product\/5795","targetHints":{"allow":["GET"]}}],"collection":[{"href":"https:\/\/www.barefoot-baltics.ee\/lv\/wp-json\/wp\/v2\/product"}],"about":[{"href":"https:\/\/www.barefoot-baltics.ee\/lv\/wp-json\/wp\/v2\/types\/product"}],"wp:featuredmedia":[{"embeddable":true,"href":"https:\/\/www.barefoot-baltics.ee\/lv\/wp-json\/wp\/v2\/media\/1505"}],"wp:attachment":[{"href":"https:\/\/www.barefoot-baltics.ee\/lv\/wp-json\/wp\/v2\/media?parent=5795"}],"wp:term":[{"taxonomy":"product_brand","embeddable":true,"href":"https:\/\/www.barefoot-baltics.ee\/lv\/wp-json\/wp\/v2\/product_brand?post=5795"},{"taxonomy":"product_cat","embeddable":true,"href":"https:\/\/www.barefoot-baltics.ee\/lv\/wp-json\/wp\/v2\/product_cat?post=5795"},{"taxonomy":"product_tag","embeddable":true,"href":"https:\/\/www.barefoot-baltics.ee\/lv\/wp-json\/wp\/v2\/product_tag?post=5795"}],"curies":[{"name":"wp","href":"https:\/\/api.w.org\/{rel}","templated":true}]}}