{"id":5788,"date":"2019-02-16T15:58:53","date_gmt":"2019-02-16T13:58:53","guid":{"rendered":"https:\/\/www.barefoot-baltics.ee\/product\/vedama-pavada-energija\/"},"modified":"2025-03-31T13:48:48","modified_gmt":"2025-03-31T10:48:48","slug":"vedama-pavada-energija","status":"publish","type":"product","link":"https:\/\/www.barefoot-baltics.ee\/lv\/produkts\/vedama-pavada-energija\/","title":{"rendered":"Vedam\u0101 pavada \u201eEner\u0123ija\u201d"},"content":{"rendered":"<p>Ar \u0161o pavadu, j\u016bs varat vad\u012bt savu zirgu k\u0101 zirgu treneri.<\/p>\n<p>Pateicoties speci\u0101lajai au\u0161anas metodei, ko m\u0113s izmantoj\u0101m, virve nodod sign\u0101lus \u013coti prec\u012bzi, nodro\u0161inot lab\u0101ku komunik\u0101ciju. Viegla kust\u012bba vai stipr\u0101ka virves pakustin\u0101\u0161ana nodod vi\u013c\u0146veida kust\u012bbu zirgam, liekot tam piev\u0113rst uzman\u012bbu.<\/p>\n<p>\u0160o vedamo virvi var izmantot ar vai bez karab\u012bnes. Cilpu virves gal\u0101 var vai nu vienk\u0101r\u0161i izv\u0113rt caur apu\u0161iem vai pievienot karab\u012bni (iek\u013cauta komplekt\u0101).<\/p>\n<p>Virves izmanto\u0161ana bez karab\u012bnes padara t\u0101s svaru iev\u0113rojami viegl\u0101ku un t\u0101 tik \u013coti ne\u0161\u016bpojas svara ietekm\u0113. T\u0101d\u0113j\u0101di iesp\u0113jams daudz prec\u012bz\u0101k nodot sign\u0101lus. Savuk\u0101rt karab\u012bnes izmanto\u0161anas priek\u0161roc\u012bba ir t\u0101, ka ar t\u0101s pal\u012bdz\u012bbu iesp\u0113jams \u0101tr\u0101k piestiprin\u0101t vai no\u0146emt virvi.<\/p>\n<p>\u201eEner\u0123ija\u201d ir pieejama divos garumos. 270 cm garums ir ide\u0101li piem\u0113rots piesie\u0161anai vai darbam no zemes tuvum\u0101. 370 cm garums ir piem\u0113rots, lai vestu zirgu gar\u0101kos att\u0101lumos vai str\u0101d\u0101jot no zemes liel\u0101kos att\u0101lumos.<\/p>\n<p>Virve ir viegli kopjama un var tikt \u012bslaic\u012bgi izmantota ar\u012b k\u0101 pavada, vienk\u0101r\u0161i piestiprinot \u0101das galu karab\u012bnei.<\/p>\n<p>Tiek p\u0101rdota komplekt\u0101 ar iztur\u012bgu karab\u012bni un \u0101das cilpu. Virves diametrs ir 18 mm.<\/p>\n","protected":false},"excerpt":{"rendered":"<ul>\n<li>Profesion\u0101l\u0101 pavada ve\u0161anai<\/li>\n<li>2-1: var izmantot ar vai bez ner\u016bs\u0113jo\u0161\u0101 t\u0113rauda karab\u012bnes<\/li>\n<li>Pieejams divos da\u017e\u0101dos garumos<\/li>\n<li>Darbam no zemes un ve\u0161anai<\/li>\n<\/ul>\n","protected":false},"featured_media":1758,"template":"","meta":[],"product_brand":[],"product_cat":[878],"product_tag":[845,860],"class_list":{"0":"post-5788","1":"product","2":"type-product","3":"status-publish","4":"has-post-thumbnail","6":"product_cat-pavadas-vedamas-pavadas-aksesuari","7":"product_tag-darbs-no-zemes","8":"product_tag-virve","9":"product_shipping_class-paku-stacija","10":"pa_colour-bruns","11":"pa_colour-melns","12":"pa_colour-vars","13":"pa_colour-zils","14":"pa_length-270-cm-lv","15":"pa_length-370-cm-lv","17":"first","18":"onbackorder","19":"shipping-taxable","20":"purchasable","21":"product-type-variable"},"_links":{"self":[{"href":"https:\/\/www.barefoot-baltics.ee\/lv\/wp-json\/wp\/v2\/product\/5788","targetHints":{"allow":["GET"]}}],"collection":[{"href":"https:\/\/www.barefoot-baltics.ee\/lv\/wp-json\/wp\/v2\/product"}],"about":[{"href":"https:\/\/www.barefoot-baltics.ee\/lv\/wp-json\/wp\/v2\/types\/product"}],"wp:featuredmedia":[{"embeddable":true,"href":"https:\/\/www.barefoot-baltics.ee\/lv\/wp-json\/wp\/v2\/media\/1758"}],"wp:attachment":[{"href":"https:\/\/www.barefoot-baltics.ee\/lv\/wp-json\/wp\/v2\/media?parent=5788"}],"wp:term":[{"taxonomy":"product_brand","embeddable":true,"href":"https:\/\/www.barefoot-baltics.ee\/lv\/wp-json\/wp\/v2\/product_brand?post=5788"},{"taxonomy":"product_cat","embeddable":true,"href":"https:\/\/www.barefoot-baltics.ee\/lv\/wp-json\/wp\/v2\/product_cat?post=5788"},{"taxonomy":"product_tag","embeddable":true,"href":"https:\/\/www.barefoot-baltics.ee\/lv\/wp-json\/wp\/v2\/product_tag?post=5788"}],"curies":[{"name":"wp","href":"https:\/\/api.w.org\/{rel}","templated":true}]}}