{"id":5785,"date":"2018-11-09T15:04:10","date_gmt":"2018-11-09T13:04:10","guid":{"rendered":"https:\/\/www.barefoot-baltics.ee\/product\/pavadas-junipera\/"},"modified":"2021-08-30T19:22:20","modified_gmt":"2021-08-30T16:22:20","slug":"pavadas-junipera","status":"publish","type":"product","link":"https:\/\/www.barefoot-baltics.ee\/lv\/produkts\/pavadas-junipera\/","title":{"rendered":"Pavadas \u201cJunipera\u201d"},"content":{"rendered":"<p>Vieglas virves pavadas, kas izgatavotas no polipropil\u0113na ar kokvilnas vidu. Komplekt\u0101 karab\u012bnes.<\/p>\n<p>\u0160\u012bs pavadas ir pieejamas divos da\u017e\u0101dos platumos &#8211; 10 mm un 18 mm, lai j\u016bs var\u0113tu izv\u0113l\u0113ties atbilsto\u0161\u0101s. To garums ir 3,5 m.<\/p>\n<p>M\u016bsu \u201cJunipera\u201d s\u0113rij\u0101 ir pieejami ar\u012b apau\u0161i un vedam\u0101 pavada.<\/p>\n","protected":false},"excerpt":{"rendered":"<ul>\n<li>Virves pavadas ar \u012bstu kokvilnas kodolu<\/li>\n<li>Iek\u013cautas karab\u012bnes<\/li>\n<li>Pieejams divos da\u017e\u0101dos platumos: 10 vai 18 mm<\/li>\n<li>Pieejami atbilsto\u0161i apau\u0161i un vedam\u0101 pavada<\/li>\n<\/ul>\n","protected":false},"featured_media":1461,"template":"","meta":[],"product_brand":[],"product_cat":[878],"product_tag":[836,852,860],"class_list":{"0":"post-5785","1":"product","2":"type-product","3":"status-publish","4":"has-post-thumbnail","6":"product_cat-pavadas-vedamas-pavadas-aksesuari","7":"product_tag-anglu","8":"product_tag-viegli","9":"product_tag-virve","10":"product_shipping_class-paku-stacija","11":"pa_width-10-mm-lv","12":"pa_width-18-mm-lv","14":"first","15":"instock","16":"shipping-taxable","17":"purchasable","18":"product-type-variable"},"_links":{"self":[{"href":"https:\/\/www.barefoot-baltics.ee\/lv\/wp-json\/wp\/v2\/product\/5785","targetHints":{"allow":["GET"]}}],"collection":[{"href":"https:\/\/www.barefoot-baltics.ee\/lv\/wp-json\/wp\/v2\/product"}],"about":[{"href":"https:\/\/www.barefoot-baltics.ee\/lv\/wp-json\/wp\/v2\/types\/product"}],"wp:featuredmedia":[{"embeddable":true,"href":"https:\/\/www.barefoot-baltics.ee\/lv\/wp-json\/wp\/v2\/media\/1461"}],"wp:attachment":[{"href":"https:\/\/www.barefoot-baltics.ee\/lv\/wp-json\/wp\/v2\/media?parent=5785"}],"wp:term":[{"taxonomy":"product_brand","embeddable":true,"href":"https:\/\/www.barefoot-baltics.ee\/lv\/wp-json\/wp\/v2\/product_brand?post=5785"},{"taxonomy":"product_cat","embeddable":true,"href":"https:\/\/www.barefoot-baltics.ee\/lv\/wp-json\/wp\/v2\/product_cat?post=5785"},{"taxonomy":"product_tag","embeddable":true,"href":"https:\/\/www.barefoot-baltics.ee\/lv\/wp-json\/wp\/v2\/product_tag?post=5785"}],"curies":[{"name":"wp","href":"https:\/\/api.w.org\/{rel}","templated":true}]}}