{"id":5779,"date":"2018-11-16T11:18:54","date_gmt":"2018-11-16T09:18:54","guid":{"rendered":"https:\/\/www.barefoot-baltics.ee\/product\/vaigu-siksninas\/"},"modified":"2022-06-29T12:31:03","modified_gmt":"2022-06-29T09:31:03","slug":"vaigu-siksninas","status":"publish","type":"product","link":"https:\/\/www.barefoot-baltics.ee\/lv\/produkts\/vaigu-siksninas\/","title":{"rendered":"Vaigu siksni\u0146as"},"content":{"rendered":"<p>\u0160\u012bs vaigu siksni\u0146as ir lielisks papildin\u0101jums beztrenzei. Ja, piem\u0113ram, izmantojat iemauktus \u201cRieksts\u201d, un jums ir nepiecie\u0161ams izmantot trenzi vai hakamoru, jums nav j\u0101maina iemaukti. Atliek piestiprin\u0101t \u0161\u012bs vaigu siksni\u0146as un trenzi vai hackamore uz beztrenzes iemauktiem. Tas ir tik vienk\u0101r\u0161i, k\u0101 pateikt, \u201cSald\u0113jums\u201d. \ud83d\ude42<\/p>\n<p>J\u016bs varat veikt izmai\u0146as, pat neno\u0146emot iemauktus. Vienk\u0101r\u0161i piestipriniet vaigu siksnas iemauktu kreisaj\u0101 un labaj\u0101 pus\u0113, aizvietojot beztrenzi. Pievienojiet trenzi vai hakamoru  vaigu siksn\u0101m, un gatavs.<\/p>\n<p>V\u0113l viena lieta, ko varat dar\u012bt ar \u0161\u012bm vaigu siksn\u0101m, ir p\u0101rmai\u0146us lietot t\u0101s ar trenzi un bez t\u0101s. J\u016bs varat izmantot divus pavadu komplektus, pievienojot vienu komplektu trenzei un otru beztrenzes gredzeniem. \u0160\u0101di ir iesp\u0113ja izv\u0113rt\u0113t kur\u0161 veids darbojas lab\u0101k. <\/p>\n<p>Vaigu siksnas, protams, var izmantot ar\u012b k\u0101 rezerves da\u013cas parastajiem iemauktiem.<\/p>\n<p>Vaigu siksnu platums ir 15 mm, un  garums ir:<\/p>\n<ul>\n<li>Izm\u0113rs 0 &#8211; 26 cm<\/li>\n<li>Izm\u0113rs 1 &#8211; 28 cm<\/li>\n<li>Izm\u0113rs 2 &#8211; 32 cm<\/li>\n<\/ul>\n<p>Tiek p\u0101rdotas pa p\u0101riem.<\/p>\n","protected":false},"excerpt":{"rendered":"<ul>\n<li>Izgatavotas no m\u012bkstas \u0101das<\/li>\n<li>Labi piem\u0113rotas hakamorai<\/li>\n<li>Lieliskas ar\u012b, ja v\u0113laties t\u0101s izmantot ar trenzi<\/li>\n<li>Viegli nomain\u012bt no hakamoras uz trenzi, pat atrodoties p\u0101rg\u0101jien\u0101<\/li>\n<\/ul>\n","protected":false},"featured_media":1521,"template":"","meta":[],"product_brand":[],"product_cat":[878],"product_tag":[851,824,826,823],"class_list":{"0":"post-5779","1":"product","2":"type-product","3":"status-publish","4":"has-post-thumbnail","6":"product_cat-pavadas-vedamas-pavadas-aksesuari","7":"product_tag-ada","8":"product_tag-beztrenzu","9":"product_tag-erts","10":"product_tag-trenze","11":"product_shipping_class-paku-stacija","12":"pa_colour-bruns","13":"pa_colour-melns","14":"pa_size-0-pony-lv","15":"pa_size-1-cob-lv","16":"pa_size-2-full-lv","18":"first","19":"instock","20":"shipping-taxable","21":"purchasable","22":"product-type-variable"},"_links":{"self":[{"href":"https:\/\/www.barefoot-baltics.ee\/lv\/wp-json\/wp\/v2\/product\/5779","targetHints":{"allow":["GET"]}}],"collection":[{"href":"https:\/\/www.barefoot-baltics.ee\/lv\/wp-json\/wp\/v2\/product"}],"about":[{"href":"https:\/\/www.barefoot-baltics.ee\/lv\/wp-json\/wp\/v2\/types\/product"}],"wp:featuredmedia":[{"embeddable":true,"href":"https:\/\/www.barefoot-baltics.ee\/lv\/wp-json\/wp\/v2\/media\/1521"}],"wp:attachment":[{"href":"https:\/\/www.barefoot-baltics.ee\/lv\/wp-json\/wp\/v2\/media?parent=5779"}],"wp:term":[{"taxonomy":"product_brand","embeddable":true,"href":"https:\/\/www.barefoot-baltics.ee\/lv\/wp-json\/wp\/v2\/product_brand?post=5779"},{"taxonomy":"product_cat","embeddable":true,"href":"https:\/\/www.barefoot-baltics.ee\/lv\/wp-json\/wp\/v2\/product_cat?post=5779"},{"taxonomy":"product_tag","embeddable":true,"href":"https:\/\/www.barefoot-baltics.ee\/lv\/wp-json\/wp\/v2\/product_tag?post=5779"}],"curies":[{"name":"wp","href":"https:\/\/api.w.org\/{rel}","templated":true}]}}