{"id":5768,"date":"2018-12-11T07:15:18","date_gmt":"2018-12-11T05:15:18","guid":{"rendered":"https:\/\/www.barefoot-baltics.ee\/product\/zoda-siksna-hakamorai\/"},"modified":"2024-06-16T21:48:01","modified_gmt":"2024-06-16T18:48:01","slug":"zoda-siksna-hakamorai","status":"publish","type":"product","link":"https:\/\/www.barefoot-baltics.ee\/lv\/produkts\/zoda-siksna-hakamorai\/","title":{"rendered":"Zoda siksna hakamorai"},"content":{"rendered":"<p>M\u016bsu Barefoot zoda siksnai un ar\u012b p\u0101r\u0113j\u0101m hakamor\u0101m ir vidus da\u013c\u0101 iek\u013cauta, divsl\u0101\u0146u staip\u012bg\u0101  lente, kas nodro\u0161ina piln\u012bgu elast\u012bbu. Pal\u012bgl\u012bdzek\u013cu dotie sign\u0101li tiek skaidri nodoti, un vienlaikus m\u012bkstin\u0101ti ar elast\u012bgo da\u013cu, ja to lieto p\u0101r\u0101k asi.<\/p>\n<p>\u0160\u012b zoda siksna nodro\u0161ina zirgam liel\u0101ku komfortu nek\u0101 parast\u0101s zoda siksnas vai \u0137\u0113des. Bez berzes jut\u012bgaj\u0101 zoda zon\u0101.<\/p>\n<p>Zoda siksna ir pieejama tr\u012bs da\u017e\u0101d\u0101s kr\u0101s\u0101s un dizainos:<\/p>\n<ul>\n<li>Melna: ar kvadr\u0101tveida spr\u0101dz\u0113m<\/li>\n<li>Br\u016bna: ar apa\u013c\u0101m spr\u0101dz\u0113m<\/li>\n<li>Gai\u0161a: ar apa\u013c\u0101m spr\u0101dz\u0113m<\/li>\n<\/ul>\n<p>Garums: 26 cm.<\/p>\n","protected":false},"excerpt":{"rendered":"<ul>\n<li>Elast\u012bga, skaista zoda siksna da\u017e\u0101d\u0101s kr\u0101s\u0101s<\/li>\n<li>Piem\u0113rots \u201eBeztrenzei\u201d un \u201cZiediem\u201d<\/li>\n<li>Piem\u0113rota ar\u012b vesterna iemauktiem<\/li>\n<\/ul>\n","protected":false},"featured_media":1560,"template":"","meta":[],"product_brand":[],"product_cat":[878],"product_tag":[851,824,834],"class_list":{"0":"post-5768","1":"product","2":"type-product","3":"status-publish","4":"has-post-thumbnail","6":"product_cat-pavadas-vedamas-pavadas-aksesuari","7":"product_tag-ada","8":"product_tag-beztrenzu","9":"product_tag-elastigs","10":"product_shipping_class-paku-stacija","11":"pa_colour-bruns","12":"pa_colour-gaiss","13":"pa_colour-melns","15":"first","16":"onbackorder","17":"shipping-taxable","18":"purchasable","19":"product-type-variable"},"_links":{"self":[{"href":"https:\/\/www.barefoot-baltics.ee\/lv\/wp-json\/wp\/v2\/product\/5768","targetHints":{"allow":["GET"]}}],"collection":[{"href":"https:\/\/www.barefoot-baltics.ee\/lv\/wp-json\/wp\/v2\/product"}],"about":[{"href":"https:\/\/www.barefoot-baltics.ee\/lv\/wp-json\/wp\/v2\/types\/product"}],"wp:featuredmedia":[{"embeddable":true,"href":"https:\/\/www.barefoot-baltics.ee\/lv\/wp-json\/wp\/v2\/media\/1560"}],"wp:attachment":[{"href":"https:\/\/www.barefoot-baltics.ee\/lv\/wp-json\/wp\/v2\/media?parent=5768"}],"wp:term":[{"taxonomy":"product_brand","embeddable":true,"href":"https:\/\/www.barefoot-baltics.ee\/lv\/wp-json\/wp\/v2\/product_brand?post=5768"},{"taxonomy":"product_cat","embeddable":true,"href":"https:\/\/www.barefoot-baltics.ee\/lv\/wp-json\/wp\/v2\/product_cat?post=5768"},{"taxonomy":"product_tag","embeddable":true,"href":"https:\/\/www.barefoot-baltics.ee\/lv\/wp-json\/wp\/v2\/product_tag?post=5768"}],"curies":[{"name":"wp","href":"https:\/\/api.w.org\/{rel}","templated":true}]}}