{"id":5765,"date":"2018-11-15T18:50:46","date_gmt":"2018-11-15T16:50:46","guid":{"rendered":"https:\/\/www.barefoot-baltics.ee\/product\/trenzes-siksninas\/"},"modified":"2024-11-21T12:10:49","modified_gmt":"2024-11-21T10:10:49","slug":"trenzes-siksninas","status":"publish","type":"product","link":"https:\/\/www.barefoot-baltics.ee\/lv\/produkts\/trenzes-siksninas\/","title":{"rendered":"Trenzes siksni\u0146as"},"content":{"rendered":"<p>\u0100das siksni\u0146as, kas ir viegli lietojamas. J\u016bs varat t\u0101s izmantot, lai pievienotu trenzi kordo\u0161anas kavesonam, Barefoot purna siksnai \u201cVeido\u201d, vai beztrenzei, &#8211; kad trenzes izmanto\u0161ana k\u013c\u016bst nepiecie\u0161ama vai tiek sapr\u0101t\u012bgi lietota.<\/p>\n<p>Protams, j\u016bs varat ar\u012b izmantot \u0161\u012bs siksnas, lai pievienotu citas lietas. \ud83d\ude42<\/p>\n<p>To garums ir 6-7 cm.<\/p>\n","protected":false},"excerpt":{"rendered":"<ul>\n<li>Trenzes pievieno\u0161anai<\/li>\n<li>Izgatavotas no \u012bstas \u0101das<\/li>\n<li>Viegli izmantot<\/li>\n<\/ul>\n","protected":false},"featured_media":1511,"template":"","meta":[],"product_brand":[],"product_cat":[878],"product_tag":[851,826],"class_list":{"0":"post-5765","1":"product","2":"type-product","3":"status-publish","4":"has-post-thumbnail","6":"product_cat-pavadas-vedamas-pavadas-aksesuari","7":"product_tag-ada","8":"product_tag-erts","9":"product_shipping_class-paku-stacija","10":"pa_colour-bruns","11":"pa_colour-melns","13":"first","14":"onbackorder","15":"shipping-taxable","16":"purchasable","17":"product-type-variable"},"_links":{"self":[{"href":"https:\/\/www.barefoot-baltics.ee\/lv\/wp-json\/wp\/v2\/product\/5765","targetHints":{"allow":["GET"]}}],"collection":[{"href":"https:\/\/www.barefoot-baltics.ee\/lv\/wp-json\/wp\/v2\/product"}],"about":[{"href":"https:\/\/www.barefoot-baltics.ee\/lv\/wp-json\/wp\/v2\/types\/product"}],"wp:featuredmedia":[{"embeddable":true,"href":"https:\/\/www.barefoot-baltics.ee\/lv\/wp-json\/wp\/v2\/media\/1511"}],"wp:attachment":[{"href":"https:\/\/www.barefoot-baltics.ee\/lv\/wp-json\/wp\/v2\/media?parent=5765"}],"wp:term":[{"taxonomy":"product_brand","embeddable":true,"href":"https:\/\/www.barefoot-baltics.ee\/lv\/wp-json\/wp\/v2\/product_brand?post=5765"},{"taxonomy":"product_cat","embeddable":true,"href":"https:\/\/www.barefoot-baltics.ee\/lv\/wp-json\/wp\/v2\/product_cat?post=5765"},{"taxonomy":"product_tag","embeddable":true,"href":"https:\/\/www.barefoot-baltics.ee\/lv\/wp-json\/wp\/v2\/product_tag?post=5765"}],"curies":[{"name":"wp","href":"https:\/\/api.w.org\/{rel}","templated":true}]}}