{"id":5762,"date":"2019-02-16T16:18:51","date_gmt":"2019-02-16T14:18:51","guid":{"rendered":"https:\/\/www.barefoot-baltics.ee\/product\/panikas-karabine\/"},"modified":"2021-10-24T21:54:31","modified_gmt":"2021-10-24T18:54:31","slug":"panikas-karabine","status":"publish","type":"product","link":"https:\/\/www.barefoot-baltics.ee\/lv\/produkts\/panikas-karabine\/","title":{"rendered":"Panikas karab\u012bne"},"content":{"rendered":"<p>Panikas karab\u012bne jau sen ir zin\u0101ma zirgu industrij\u0101 un noteikti ir izgl\u0101busi daudzu zirgu dz\u012bvi. Fantastisks izgudrojums, kas tagad ir pieejams mini izm\u0113r\u0101.<\/p>\n<p>Novatorisk\u0101 iez\u012bme ir t\u0101da, ka piestiprin\u0101ta pie virves, t\u0101 ne tikai nodro\u0161ina dro\u0161\u012bbu, bet ar\u012b komfortu j\u016bsu zirgam. M\u016bsu panikas karab\u012bne atbr\u012bvos j\u016bsu zirga panikas vai kritiena br\u012bd\u012b. Karab\u012bne ar\u012b atvieglo stri\u0137apau\u0161u uzlik\u0161anu un no\u0146em\u0161anu.<\/p>\n<p>\u0160o mazo, inteli\u0123ento karab\u012bni, var izmantot ar\u012b cit\u0101m funkcij\u0101m. T\u0101s garums, aizv\u0113rt\u0101 veid\u0101 ir 8 cm. Platums ir 3,5 cm.<\/p>\n","protected":false},"excerpt":{"rendered":"<ul>\n<li>Ide\u0101li piem\u0113rota stri\u0137apau\u0161iem<\/li>\n<li>\u0100tra atbr\u012bvo\u0161ana dro\u0161\u012bbai<\/li>\n<li>Izgatavota no ner\u016bs\u0113jo\u0161\u0101 t\u0113rauda<\/li>\n<\/ul>\n","protected":false},"featured_media":1763,"template":"","meta":[],"product_brand":[],"product_cat":[878],"product_tag":[838,864],"class_list":{"0":"post-5762","1":"product","2":"type-product","3":"status-publish","4":"has-post-thumbnail","6":"product_cat-pavadas-vedamas-pavadas-aksesuari","7":"product_tag-ipasi-drosi","8":"product_tag-nerusejosais-terauds","9":"product_shipping_class-paku-stacija","11":"first","12":"onbackorder","13":"shipping-taxable","14":"purchasable","15":"product-type-simple"},"_links":{"self":[{"href":"https:\/\/www.barefoot-baltics.ee\/lv\/wp-json\/wp\/v2\/product\/5762","targetHints":{"allow":["GET"]}}],"collection":[{"href":"https:\/\/www.barefoot-baltics.ee\/lv\/wp-json\/wp\/v2\/product"}],"about":[{"href":"https:\/\/www.barefoot-baltics.ee\/lv\/wp-json\/wp\/v2\/types\/product"}],"wp:featuredmedia":[{"embeddable":true,"href":"https:\/\/www.barefoot-baltics.ee\/lv\/wp-json\/wp\/v2\/media\/1763"}],"wp:attachment":[{"href":"https:\/\/www.barefoot-baltics.ee\/lv\/wp-json\/wp\/v2\/media?parent=5762"}],"wp:term":[{"taxonomy":"product_brand","embeddable":true,"href":"https:\/\/www.barefoot-baltics.ee\/lv\/wp-json\/wp\/v2\/product_brand?post=5762"},{"taxonomy":"product_cat","embeddable":true,"href":"https:\/\/www.barefoot-baltics.ee\/lv\/wp-json\/wp\/v2\/product_cat?post=5762"},{"taxonomy":"product_tag","embeddable":true,"href":"https:\/\/www.barefoot-baltics.ee\/lv\/wp-json\/wp\/v2\/product_tag?post=5762"}],"curies":[{"name":"wp","href":"https:\/\/api.w.org\/{rel}","templated":true}]}}