{"id":5761,"date":"2019-02-02T10:52:47","date_gmt":"2019-02-02T08:52:47","guid":{"rendered":"https:\/\/www.barefoot-baltics.ee\/product\/karabine-pavadam-un-vedamajiem-strikiem\/"},"modified":"2024-09-21T22:15:37","modified_gmt":"2024-09-21T19:15:37","slug":"karabine-pavadam-un-vedamajiem-strikiem","status":"publish","type":"product","link":"https:\/\/www.barefoot-baltics.ee\/lv\/produkts\/karabine-pavadam-un-vedamajiem-strikiem\/","title":{"rendered":"Karab\u012bne pavad\u0101m un vedamajiem stri\u0137iem"},"content":{"rendered":"<p>\u0160\u012b karab\u012bne ir izgatavota no ner\u016bs\u0113jo\u0161\u0101 t\u0113rauda. J\u016bs varat to izmantot pavad\u0101m un vedamajiem stri\u0137iem. Viegli nomain\u0101ma!<\/p>\n<p>Tiek p\u0101rdota pa vienai, t\u0101d\u0113\u013c, ja jums ir nepiecie\u0161amas divas, l\u016bdzu, nor\u0101diet skaitu.<\/p>\n","protected":false},"excerpt":{"rendered":"<ul>\n<li>Izgatavotas no ner\u016bs\u0113jo\u0161\u0101 t\u0113rauda<\/li>\n<li>Pievienojiet pavadas vien\u0101 sekund\u0113!<\/li>\n<\/ul>\n","protected":false},"featured_media":1671,"template":"","meta":[],"product_brand":[],"product_cat":[878],"product_tag":[864,833],"class_list":{"0":"post-5761","1":"product","2":"type-product","3":"status-publish","4":"has-post-thumbnail","6":"product_cat-pavadas-vedamas-pavadas-aksesuari","7":"product_tag-nerusejosais-terauds","8":"product_tag-viegli-izmantot","9":"product_shipping_class-paku-stacija","11":"first","12":"onbackorder","13":"shipping-taxable","14":"purchasable","15":"product-type-simple"},"_links":{"self":[{"href":"https:\/\/www.barefoot-baltics.ee\/lv\/wp-json\/wp\/v2\/product\/5761","targetHints":{"allow":["GET"]}}],"collection":[{"href":"https:\/\/www.barefoot-baltics.ee\/lv\/wp-json\/wp\/v2\/product"}],"about":[{"href":"https:\/\/www.barefoot-baltics.ee\/lv\/wp-json\/wp\/v2\/types\/product"}],"wp:featuredmedia":[{"embeddable":true,"href":"https:\/\/www.barefoot-baltics.ee\/lv\/wp-json\/wp\/v2\/media\/1671"}],"wp:attachment":[{"href":"https:\/\/www.barefoot-baltics.ee\/lv\/wp-json\/wp\/v2\/media?parent=5761"}],"wp:term":[{"taxonomy":"product_brand","embeddable":true,"href":"https:\/\/www.barefoot-baltics.ee\/lv\/wp-json\/wp\/v2\/product_brand?post=5761"},{"taxonomy":"product_cat","embeddable":true,"href":"https:\/\/www.barefoot-baltics.ee\/lv\/wp-json\/wp\/v2\/product_cat?post=5761"},{"taxonomy":"product_tag","embeddable":true,"href":"https:\/\/www.barefoot-baltics.ee\/lv\/wp-json\/wp\/v2\/product_tag?post=5761"}],"curies":[{"name":"wp","href":"https:\/\/api.w.org\/{rel}","templated":true}]}}