{"id":5758,"date":"2018-11-05T19:26:21","date_gmt":"2018-11-05T17:26:21","guid":{"rendered":"https:\/\/www.barefoot-baltics.ee\/product\/spanu-iemaukti-ar-pavadam-sevila\/"},"modified":"2019-06-15T17:07:33","modified_gmt":"2019-06-15T14:07:33","slug":"spanu-iemaukti-ar-pavadam-sevila","status":"publish","type":"product","link":"https:\/\/www.barefoot-baltics.ee\/lv\/produkts\/spanu-iemaukti-ar-pavadam-sevila\/","title":{"rendered":"Sp\u0101\u0146u iemaukti ar pavad\u0101m \u201cSevila\u201d"},"content":{"rendered":"<p>\u0160ie ir m\u016bsu \u0113rtie un autentiskie sp\u0101\u0146u kovboju iemaukti, kas ir izgatavoti no visaugst\u0101k\u0101s kvalit\u0101tes, iztur\u012bgas, ton\u0113tas Braz\u012blijas \u0101das.<\/p>\n<p>Pakau\u0161a, purna un pieres siksnas ir viegli polster\u0113tas. Tas padara iemauktus \u0113rtus j\u016bsu zirgam, vienlaikus dodot autentisku sp\u0101\u0146u izskatu. Pieres siksna ar t\u0101s \u201cfrontaler\u0101m\u2019\u2019 (m\u012bkstas \u0101das str\u0113meles) nodro\u0161ina aizsardz\u012bbu pret mu\u0161\u0101m. Integr\u0113tie iz\u0161uvumi ir izgatavoti no j\u0113l\u0101das. Ja jums nepat\u012bk izmantot \u0161o pieres siksnu katru dienu, j\u016bs varat to apmain\u012bt pret polster\u0113tu pieres siksnu bez skar\u0101m (iek\u013cauta komplekt\u0101). Ar\u012b ir iz\u0161\u016bta ar rakstu. Iemaukti tiek p\u0101rdoti komplekt\u0101 ar atbilsto\u0161\u0101m \u0101das pavad\u0101m, kas parasti ir plakanas galos un dekor\u0113tas ar augstas kvalit\u0101tes neapstr\u0101d\u0101tu \u0101du.<\/p>\n<p>Pavadu garums (m\u0113rot no vienas puses) ir aptuveni 170 cm.<\/p>\n","protected":false},"excerpt":{"rendered":"<ul>\n<li>Ietver divu veidu pieres siksnas<\/li>\n<li>Viena parast\u0101, otra ar skar\u0101m<\/li>\n<li>Regul\u0113jams ab\u0101s pus\u0113s lab\u0101kai uzst\u0101d\u012b\u0161anai<\/li>\n<li>M\u012bksti polster\u0113ta, \u012bsta \u0101da<\/li>\n<li>Pavadas komplekt\u0101<\/li>\n<\/ul>\n","protected":false},"featured_media":1337,"template":"","meta":[],"product_brand":[],"product_cat":[877],"product_tag":[851,859,818,863],"class_list":{"0":"post-5758","1":"product","2":"type-product","3":"status-publish","4":"has-post-thumbnail","6":"product_cat-iemaukti-iemauktu-dalas-apausi","7":"product_tag-ada","8":"product_tag-neapstradats","9":"product_tag-regulejams","10":"product_tag-spanu","11":"product_shipping_class-paku-stacija","12":"pa_colour-bruns","13":"pa_colour-melns","15":"first","16":"onbackorder","17":"shipping-taxable","18":"purchasable","19":"product-type-variable"},"_links":{"self":[{"href":"https:\/\/www.barefoot-baltics.ee\/lv\/wp-json\/wp\/v2\/product\/5758","targetHints":{"allow":["GET"]}}],"collection":[{"href":"https:\/\/www.barefoot-baltics.ee\/lv\/wp-json\/wp\/v2\/product"}],"about":[{"href":"https:\/\/www.barefoot-baltics.ee\/lv\/wp-json\/wp\/v2\/types\/product"}],"wp:featuredmedia":[{"embeddable":true,"href":"https:\/\/www.barefoot-baltics.ee\/lv\/wp-json\/wp\/v2\/media\/1337"}],"wp:attachment":[{"href":"https:\/\/www.barefoot-baltics.ee\/lv\/wp-json\/wp\/v2\/media?parent=5758"}],"wp:term":[{"taxonomy":"product_brand","embeddable":true,"href":"https:\/\/www.barefoot-baltics.ee\/lv\/wp-json\/wp\/v2\/product_brand?post=5758"},{"taxonomy":"product_cat","embeddable":true,"href":"https:\/\/www.barefoot-baltics.ee\/lv\/wp-json\/wp\/v2\/product_cat?post=5758"},{"taxonomy":"product_tag","embeddable":true,"href":"https:\/\/www.barefoot-baltics.ee\/lv\/wp-json\/wp\/v2\/product_tag?post=5758"}],"curies":[{"name":"wp","href":"https:\/\/api.w.org\/{rel}","templated":true}]}}