{"id":5755,"date":"2018-11-08T11:38:03","date_gmt":"2018-11-08T09:38:03","guid":{"rendered":"https:\/\/www.barefoot-baltics.ee\/product\/anatomiskie-iemaukti-velingtons-2-1\/"},"modified":"2019-06-15T17:01:35","modified_gmt":"2019-06-15T14:01:35","slug":"anatomiskie-iemaukti-velingtons-2-1","status":"publish","type":"product","link":"https:\/\/www.barefoot-baltics.ee\/lv\/produkts\/anatomiskie-iemaukti-velingtons-2-1\/","title":{"rendered":"Anatomiskie iemaukti \u201eVelingtons\u201d (2-1)"},"content":{"rendered":"<p>Anatomiskie iemaukti \u201eVelingtons\u201d ir rad\u012bti zirga labsaj\u016btai. K\u0101 j\u016bs zin\u0101t, zirga galvas jut\u012bg\u0101k\u0101 vieta ir aiz aus\u012bm un t\u0101 saucas atlants. P\u0101r\u0101k liels spiediens \u0161aj\u0101 viet\u0101 var izrais\u012bt kakla sai\u0161u iekaisumu, radot zirgam lielas s\u0101pes.<\/p>\n<p>M\u016bsu iemauktu kont\u016brl\u012bnijas ir veidotas t\u0101, lai atbr\u012bvotu \u0161o zonu no spiediena. Purna un pieres siksnas ar\u012b ir anatomiski veidotas. Purna siksna veidota ar speci\u0101lu izliekumu, lai netiktu ierobe\u017eota elpo\u0161ana.<\/p>\n<p>\u0160ie iemaukti ir 2-1. Tos var izmantot ar vai bez trenzes. Pateicoties \u012bpa\u0161ajam stiprin\u0101jumam, vaigu siksnas var viegli no\u0146emt vai piestiprin\u0101t. Purna siksna, t\u0101pat ar\u012b pakau\u0161a da\u013ca un pieres siksna ir m\u012bksti polster\u0113ta, ieskaitot zonu aiz aus\u012bm.<\/p>\n<p>Iemauktiem nav astotnieka siksni\u0146as, jo Barefoot uzskata to par nevajadz\u012bgu. Zirgs, kur\u0161 pa\u013caujas uz j\u0101tnieka rok\u0101m, neatver savu muti, ja vien vi\u0146am nav probl\u0113mas ar zobiem vai cits diskomforts. Lai atrisin\u0101tu \u0161\u012bs probl\u0113mas, nevajadz\u0113tu aizsiet zirgam muti, bet gan p\u0101rbaud\u012bt zobus, izmantot beztren\u017eu iemauktus un m\u012bkstin\u0101t j\u0101tnieka rokas.<\/p>\n<p>Iemaukti pieejami meln\u0101 kr\u0101s\u0101 un ir ide\u0101li piem\u0113rota m\u016bsu \u201eVelingtona\u201d iej\u0101des segliem.<\/p>\n","protected":false},"excerpt":{"rendered":"<ul>\n<li>Anatomiski veidota iemauktu pakau\u0161a da\u013ca (patent\u0113ta)<\/li>\n<li>No\u0146em spiedienu no pakau\u0161a sait\u0113m<\/li>\n<li>Zirgam draudz\u012bga purna un pieres siksna<\/li>\n<li>Polster\u0113ta zoda zona<\/li>\n<li>2-1: iesp\u0113jams izmantot ar vai bez trenzes<\/li>\n<\/ul>\n","protected":false},"featured_media":1443,"template":"","meta":[],"product_brand":[],"product_cat":[877],"product_tag":[851,825,837],"class_list":{"0":"post-5755","1":"product","2":"type-product","3":"status-publish","4":"has-post-thumbnail","6":"product_cat-iemaukti-iemauktu-dalas-apausi","7":"product_tag-ada","8":"product_tag-elegants","9":"product_tag-ipasi-erti","10":"product_shipping_class-paku-stacija","11":"pa_size-1-cob-lv","12":"pa_size-2-full-lv","14":"first","15":"onbackorder","16":"shipping-taxable","17":"purchasable","18":"product-type-variable"},"_links":{"self":[{"href":"https:\/\/www.barefoot-baltics.ee\/lv\/wp-json\/wp\/v2\/product\/5755","targetHints":{"allow":["GET"]}}],"collection":[{"href":"https:\/\/www.barefoot-baltics.ee\/lv\/wp-json\/wp\/v2\/product"}],"about":[{"href":"https:\/\/www.barefoot-baltics.ee\/lv\/wp-json\/wp\/v2\/types\/product"}],"wp:featuredmedia":[{"embeddable":true,"href":"https:\/\/www.barefoot-baltics.ee\/lv\/wp-json\/wp\/v2\/media\/1443"}],"wp:attachment":[{"href":"https:\/\/www.barefoot-baltics.ee\/lv\/wp-json\/wp\/v2\/media?parent=5755"}],"wp:term":[{"taxonomy":"product_brand","embeddable":true,"href":"https:\/\/www.barefoot-baltics.ee\/lv\/wp-json\/wp\/v2\/product_brand?post=5755"},{"taxonomy":"product_cat","embeddable":true,"href":"https:\/\/www.barefoot-baltics.ee\/lv\/wp-json\/wp\/v2\/product_cat?post=5755"},{"taxonomy":"product_tag","embeddable":true,"href":"https:\/\/www.barefoot-baltics.ee\/lv\/wp-json\/wp\/v2\/product_tag?post=5755"}],"curies":[{"name":"wp","href":"https:\/\/api.w.org\/{rel}","templated":true}]}}