{"id":5747,"date":"2018-11-08T11:03:25","date_gmt":"2018-11-08T09:03:25","guid":{"rendered":"https:\/\/www.barefoot-baltics.ee\/product\/anatomiskie-iemaukti-pargajiens-2-1\/"},"modified":"2019-06-15T16:53:02","modified_gmt":"2019-06-15T13:53:02","slug":"anatomiskie-iemaukti-pargajiens-2-1","status":"publish","type":"product","link":"https:\/\/www.barefoot-baltics.ee\/lv\/produkts\/anatomiskie-iemaukti-pargajiens-2-1\/","title":{"rendered":"Anatomiskie iemaukti \u201cP\u0101rg\u0101jiens\u201d (2-1)"},"content":{"rendered":"<p>Barefoot&#8217;s \u201cP\u0101rg\u0101jiens\u201d ir br\u012bni\u0161\u0137\u012bgi iemaukti, kas paredz\u0113ti\u2026 tie\u0161i t\u0101, p\u0101rg\u0101jieniem. Pakau\u0161a da\u013cas anatomisk\u0101 forma ir Barefoot patent\u0113ta. T\u0101 ir veidota t\u0101, lai netiktu rad\u012bts spiediens uz j\u016bt\u012bgo zonu aiz zirga aus\u012bm, kur nervu stumbrs piestiprin\u0101s pie pakau\u0161a kaula. Pamatne ir m\u012bksti polster\u0113ta un izliekta ap zirga aus\u012bm \u2013 sniedzot br\u012bv\u012bbu.<\/p>\n<p>\u0160iem iemauktiem ir vair\u0101kas regul\u0113\u0161anas iesp\u0113jas. Pakau\u0161a, purna un gan\u0101\u0161u siksnu iesp\u0113jams regul\u0113t ab\u0101s pus\u0113s, tas dod iesp\u0113ju iemauktus piel\u0101got da\u017e\u0101diem zirgiem, s\u0101kot no ponijiem l\u012bdz pat siltasi\u0146iem. Trenzi viegli pielikt vai no\u0146emt p\u0113c nepiecie\u0161am\u012bbas. Gan\u0101\u0161u siksnu iesp\u0113jams no\u0146emt piln\u012bb\u0101, kas dod iesp\u0113ju iemauktus izmantot k\u0101 apau\u0161us. Purna siksna ir m\u012bksti polster\u0113ta, un tai ir 2 papildus gredzeni, lai piestiprin\u0101tu pavadas un izmantotu iemauktus k\u0101 beztren\u017eu.<\/p>\n<p>M\u0113s iesak\u0101m iemauktus likt br\u012bvi: purna siksnai j\u0101b\u016bt pietiekami br\u012bvai, lai netrauc\u0113tu zirga elpo\u0161anai.<\/p>\n<p>Komplekt\u0101 iek\u013cautas \u0101das siksni\u0146as trenzes stiprin\u0101\u0161anai.<\/p>\n","protected":false},"excerpt":{"rendered":"<ul>\n<li>Anatomiski veidota iemauktu pakau\u0161a forma (patent\u0113ta)<\/li>\n<li>Zirgam draudz\u012bgi iemaukti, kas izgatavoti no m\u012bkstas nubuka \u0101das<\/li>\n<li>Ide\u0101li piem\u0113roti p\u0101rg\u0101jieniem<\/li>\n<li>Iesp\u0113jams izmantot gan ar, gan bez trenzes<\/li>\n<\/ul>\n","protected":false},"featured_media":1428,"template":"","meta":[],"product_brand":[],"product_cat":[877],"product_tag":[851,837,867,818],"class_list":{"0":"post-5747","1":"product","2":"type-product","3":"status-publish","4":"has-post-thumbnail","6":"product_cat-iemaukti-iemauktu-dalas-apausi","7":"product_tag-ada","8":"product_tag-ipasi-erti","9":"product_tag-pargajienu","10":"product_tag-regulejams","11":"product_shipping_class-paku-stacija","12":"pa_colour-bruns","13":"pa_colour-melns","14":"pa_size-1-cob-2-full-lv","15":"pa_size-3-draft-lv","17":"first","18":"instock","19":"shipping-taxable","20":"purchasable","21":"product-type-variable"},"_links":{"self":[{"href":"https:\/\/www.barefoot-baltics.ee\/lv\/wp-json\/wp\/v2\/product\/5747","targetHints":{"allow":["GET"]}}],"collection":[{"href":"https:\/\/www.barefoot-baltics.ee\/lv\/wp-json\/wp\/v2\/product"}],"about":[{"href":"https:\/\/www.barefoot-baltics.ee\/lv\/wp-json\/wp\/v2\/types\/product"}],"wp:featuredmedia":[{"embeddable":true,"href":"https:\/\/www.barefoot-baltics.ee\/lv\/wp-json\/wp\/v2\/media\/1428"}],"wp:attachment":[{"href":"https:\/\/www.barefoot-baltics.ee\/lv\/wp-json\/wp\/v2\/media?parent=5747"}],"wp:term":[{"taxonomy":"product_brand","embeddable":true,"href":"https:\/\/www.barefoot-baltics.ee\/lv\/wp-json\/wp\/v2\/product_brand?post=5747"},{"taxonomy":"product_cat","embeddable":true,"href":"https:\/\/www.barefoot-baltics.ee\/lv\/wp-json\/wp\/v2\/product_cat?post=5747"},{"taxonomy":"product_tag","embeddable":true,"href":"https:\/\/www.barefoot-baltics.ee\/lv\/wp-json\/wp\/v2\/product_tag?post=5747"}],"curies":[{"name":"wp","href":"https:\/\/api.w.org\/{rel}","templated":true}]}}